{"id":13824,"date":"2021-05-31T17:37:20","date_gmt":"2021-05-31T09:37:20","guid":{"rendered":"https:\/\/refugeemalaysia.org\/covid-19\/"},"modified":"2024-09-17T13:40:48","modified_gmt":"2024-09-17T05:40:48","slug":"covid-19","status":"publish","type":"page","link":"https:\/\/refugeemalaysia.org\/rh\/modot\/covid-19\/","title":{"rendered":"KOV\u00cdD-19"},"content":{"rendered":"<p>[et_pb_section fb_built=&#8221;1&#8243; admin_label=&#8221;Hero&#8221; _builder_version=&#8221;4.16&#8243; use_background_color_gradient=&#8221;on&#8221; background_color_gradient_stops=&#8221;rgba(0,0,0,0.4) 0%|rgba(0,0,0,0.4) 100%&#8221; background_color_gradient_overlays_image=&#8221;on&#8221; background_color_gradient_start=&#8221;rgba(0,0,0,0.4)&#8221; background_color_gradient_end=&#8221;rgba(0,0,0,0.4)&#8221; background_image=&#8221;https:\/\/refugeemalaysia.org\/wp-content\/uploads\/2021\/06\/covid-19.jpg&#8221; custom_padding=&#8221;110px|0px|110px|0px|false|false&#8221; animation_style=&#8221;zoom&#8221; animation_intensity_zoom=&#8221;3%&#8221; global_colors_info=&#8221;{}&#8221;][et_pb_row use_custom_gutter=&#8221;on&#8221; gutter_width=&#8221;1&#8243; make_equal=&#8221;on&#8221; _builder_version=&#8221;4.16&#8243; _module_preset=&#8221;default&#8221; custom_padding=&#8221;0px||0px||true|false&#8221; global_colors_info=&#8221;{}&#8221;][et_pb_column type=&#8221;4_4&#8243; _builder_version=&#8221;4.16&#8243; _module_preset=&#8221;default&#8221; global_colors_info=&#8221;{}&#8221;][et_pb_text _builder_version=&#8221;4.16&#8243; _module_preset=&#8221;default&#8221; header_font=&#8221;Poppins|600||on|||||&#8221; header_text_align=&#8221;center&#8221; header_text_color=&#8221;#FFFFFF&#8221; header_font_size=&#8221;50px&#8221; header_text_shadow_style=&#8221;preset3&#8243; global_colors_info=&#8221;{}&#8221;]<\/p>\n<h1>KOV\u00cdD-19<\/h1>\n<p>[\/et_pb_text][\/et_pb_column][\/et_pb_row][\/et_pb_section][et_pb_section fb_built=&#8221;1&#8243; _builder_version=&#8221;4.16&#8243; _module_preset=&#8221;default&#8221; custom_padding=&#8221;||||false|false&#8221; global_colors_info=&#8221;{}&#8221;][et_pb_row column_structure=&#8221;1_2,1_2&#8243; make_equal=&#8221;on&#8221; _builder_version=&#8221;4.16&#8243; _module_preset=&#8221;default&#8221; custom_padding=&#8221;||10px||false|false&#8221; animation_style=&#8221;zoom&#8221; animation_intensity_zoom=&#8221;3%&#8221; global_colors_info=&#8221;{}&#8221;][et_pb_column type=&#8221;1_2&#8243; _builder_version=&#8221;4.16&#8243; _module_preset=&#8221;default&#8221; custom_css_main_element=&#8221;margin:auto;&#8221; global_colors_info=&#8221;{}&#8221;][et_pb_text _builder_version=&#8221;4.16&#8243; _module_preset=&#8221;default&#8221; global_colors_info=&#8221;{}&#8221;]<\/p>\n<p>Korona bair\u00e9s \u00f3r biaram (KOV\u00cdD-19) \u00f3ilde uggw\u00e1 noiya tuai faiy\u00e9 d\u00e9 korona bair\u00e9s \u00f3r zoriya \u00f3o de biaram.<\/p>\n<p>KOV\u00cdD-19 bair\u00e9s l\u00f3i biaram foijj\u00e9 d\u00e9 beec h\u00edssa man\u00faic \u00f3kkol ekka-ekkatt\u00fa maz\u00edlh\u00e1 ni\u00e1c ar f\u00e9ccwar biaram or ma\u00e1sus goribou ar kh\u00e1as elaj \u00f3r zorurot s\u00e1ra gom \u00f3i zai b\u00f3i. Bur\u00e1 man\u00faic \u00f3kkol ar uitar\u00e1 zar\u00e1 daktori oc\u00fauida \u00f3kkol zendhilla neki ha\u00e1t \u00f3r biaram, mi\u00e7\u00e1 biaram, lamba der\u00ed f\u00e1n as\u00e9de f\u00e9ccwar biaram, ar kansar \u00f3kkol l\u00f3i as\u00e9, h\u00edtaratt\u00fa ar\u00f3 bec\u00ed h\u00f3tara biaramor torki \u00f3ibar emkan as\u00e9. <\/p>\n<p>[\/et_pb_text][\/et_pb_column][et_pb_column type=&#8221;1_2&#8243; _builder_version=&#8221;4.16&#8243; _module_preset=&#8221;default&#8221; custom_css_main_element=&#8221;margin:auto;&#8221; global_colors_info=&#8221;{}&#8221;][et_pb_image src=&#8221;https:\/\/refugeemalaysia.org\/wp-content\/uploads\/2021\/06\/covid-19-map.jpg&#8221; title_text=&#8221;kov\u00edd-19-nokc\u00f3&#8221; show_bottom_space=&#8221;off&#8221; _builder_version=&#8221;4.16&#8243; _module_preset=&#8221;default&#8221; custom_margin=&#8221;||||false|false&#8221; custom_padding=&#8221;20px||20px||false|false&#8221; border_radii=&#8221;on|10px|10px|10px|10px&#8221; box_shadow_style=&#8221;preset1&#8243; global_colors_info=&#8221;{}&#8221;][\/et_pb_image][\/et_pb_column][\/et_pb_row][et_pb_row _builder_version=&#8221;4.16&#8243; _module_preset=&#8221;default&#8221; custom_padding=&#8221;0px||20px||false|false&#8221; animation_style=&#8221;slide&#8221; animation_direction=&#8221;top&#8221; animation_intensity_slide=&#8221;3%&#8221; global_colors_info=&#8221;{}&#8221;][et_pb_column type=&#8221;4_4&#8243; _builder_version=&#8221;4.16&#8243; _module_preset=&#8221;default&#8221; global_colors_info=&#8221;{}&#8221;][et_pb_text _builder_version=&#8221;4.16&#8243; _module_preset=&#8221;default&#8221; global_colors_info=&#8221;{}&#8221;]<\/p>\n<p>Biaram far\u00f3on \u00f3re homai bell\u00e1 ar o\u00f1s\u00ed bell\u00e1 s\u00f3b s\u00e9 bec\u00ed b\u00e1la rasta \u00f3ilde KOV\u00cdD-19 bair\u00e9s \u00f3r baabote gom gor\u00ed zanaidoon, ib\u00e1 y\u00e9 kiki biaram uw\u00e1de ar ke\u00e9n gor\u00ed biaram s\u00f3ra de h\u00edin. Nizo r\u00e9 ar oinno zon \u00f3kkol \u00f3re biaram ott\u00fa basai rak\u00f3, tu\u00e1\u00f1r h\u00e1t g\u00fan y\u00e1to uggw\u00e1 nic\u00e1 l\u00f3i banaiy\u00e9 d\u00e9 fus\u00f3ni r\u00e9 barb\u00e1r estemal gor\u00ed ar tu\u00e1\u00f1r muk g\u00e1n nos\u00faui y\u00f3re.<\/p>\n<p>Buniyadi tour or uore, e KOV\u00cdD-19 biaram ib\u00e1, uggw\u00e1 biaramma man\u00faic ze\u00e9\u00f1tt\u00e9 ha\u00f1c\u00e9 ar h\u00e1icca, he\u00e9\u00f1tt\u00e9 neele de s\u00e9f \u00f3r f\u00fa\u00e7a y\u00e1to nak or c\u00ediyoin ott\u00fa far\u00e1i s\u00f3ra d\u00e9, h\u00e9toll\u00e1 yi\u00e1n dorhari de ki, tu\u00e1\u00f1ra ha\u00f1c\u00edb\u00e1r ar h\u00e1iccaib\u00e1r adob ah\u00e1lak \u00f3re am\u00f3l gor\u00f3on n\u00e1n (mes\u00e1l, h\u00e1t \u00f3r kinkin\u00ed r\u00e9 beha\u00f1 gor\u00ed ha\u00f1c\u00f3on).<\/p>\n<p>[\/et_pb_text][\/et_pb_column][\/et_pb_row][et_pb_row _builder_version=&#8221;4.16&#8243; _module_preset=&#8221;default&#8221; custom_padding=&#8221;0px||20px||false|false&#8221; animation_style=&#8221;slide&#8221; animation_direction=&#8221;top&#8221; animation_intensity_slide=&#8221;3%&#8221; global_colors_info=&#8221;{}&#8221;][et_pb_column type=&#8221;4_4&#8243; _builder_version=&#8221;4.16&#8243; _module_preset=&#8221;default&#8221; global_colors_info=&#8221;{}&#8221;][et_pb_text _builder_version=&#8221;4.16&#8243; _module_preset=&#8221;default&#8221; text_font=&#8221;Poppins|300|||||||&#8221; text_font_size=&#8221;16px&#8221; global_colors_info=&#8221;{}&#8221;]<\/p>\n<p>Source: <a href=\"https:\/\/www.who.int\/health-topics\/coronavirus#tab=tab_1\" target=\"_blank\" rel=\"noopener\">WHO<\/a><\/p>\n<p>[\/et_pb_text][\/et_pb_column][\/et_pb_row][\/et_pb_section][et_pb_section fb_built=&#8221;1&#8243; _builder_version=&#8221;4.24.2&#8243; _module_preset=&#8221;default&#8221; background_color=&#8221;#efefef&#8221; custom_margin=&#8221;||||false|false&#8221; custom_padding=&#8221;60px||20px||false|false&#8221; top_divider_height=&#8221;50px&#8221; global_colors_info=&#8221;{}&#8221;][et_pb_row _builder_version=&#8221;4.16&#8243; _module_preset=&#8221;default&#8221; custom_padding=&#8221;||||false|false&#8221; animation_style=&#8221;zoom&#8221; animation_intensity_zoom=&#8221;3%&#8221; global_colors_info=&#8221;{}&#8221;][et_pb_column type=&#8221;4_4&#8243; _builder_version=&#8221;4.16&#8243; _module_preset=&#8221;default&#8221; global_colors_info=&#8221;{}&#8221;][et_pb_text _builder_version=&#8221;4.24.2&#8243; _module_preset=&#8221;default&#8221; header_2_font=&#8221;Poppins|700|||||||&#8221; header_2_text_align=&#8221;center&#8221; global_colors_info=&#8221;{}&#8221;]<\/p>\n<h2><span>O\u00f1s\u00f3on<\/span><\/h2>\n<p>[\/et_pb_text][et_pb_text _builder_version=&#8221;4.24.2&#8243; _module_preset=&#8221;default&#8221; global_colors_info=&#8221;{}&#8221;]<\/p>\n<p>KOV\u00cdD-19 \u00f3r biaram \u00f3re o\u00f1s\u00ed bell\u00e1 ar far\u00e1i s\u00f3r\u00f3on \u00f3re homai bell\u00e1, nisor ham g\u00fan gor\u00f3o:<\/p>\n<p>[\/et_pb_text][\/et_pb_column][\/et_pb_row][et_pb_row column_structure=&#8221;1_2,1_2&#8243; use_custom_gutter=&#8221;on&#8221; make_equal=&#8221;on&#8221; _builder_version=&#8221;4.16&#8243; _module_preset=&#8221;default&#8221; custom_margin=&#8221;||||false|false&#8221; custom_padding=&#8221;0px||0px||false|false&#8221; animation_style=&#8221;zoom&#8221; animation_intensity_zoom=&#8221;3%&#8221; global_colors_info=&#8221;{}&#8221;][et_pb_column type=&#8221;1_2&#8243; _builder_version=&#8221;4.16&#8243; _module_preset=&#8221;default&#8221; custom_padding=&#8221;||||false|false&#8221; custom_css_main_element=&#8221;margin:auto;&#8221; global_colors_info=&#8221;{}&#8221;][et_pb_image src=&#8221;https:\/\/refugeemalaysia.org\/wp-content\/uploads\/2021\/06\/wash-hand.jpg&#8221; title_text=&#8221;h\u00e1t-duw\u00f3&#8221; show_bottom_space=&#8221;off&#8221; _builder_version=&#8221;4.16&#8243; _module_preset=&#8221;default&#8221; custom_padding=&#8221;0px||20px||false|false&#8221; border_radii=&#8221;on|10px|10px|10px|10px&#8221; box_shadow_style=&#8221;preset1&#8243; global_colors_info=&#8221;{}&#8221;][\/et_pb_image][\/et_pb_column][et_pb_column type=&#8221;1_2&#8243; _builder_version=&#8221;4.16&#8243; _module_preset=&#8221;default&#8221; custom_padding=&#8221;||||false|false&#8221; custom_css_main_element=&#8221;margin:auto;&#8221; global_colors_info=&#8221;{}&#8221;][et_pb_text _builder_version=&#8221;4.24.2&#8243; _module_preset=&#8221;default&#8221; global_colors_info=&#8221;{}&#8221;]<\/p>\n<ul>\n<li>Fan\u00ed ar s\u00e1bun l\u00f3i tu\u00e1\u00f1r\u00e1r h\u00e1t g\u00fan thaim-e-thaim-e d\u00fawoo, y\u00e1to nic\u00e1 l\u00f3i banaiye d\u00e9 h\u00e1t \u00f3r fus\u00f3ni l\u00f3i s\u00e1f gor\u00f3.<\/li>\n<li>H\u00e1iccadd\u00e9 y\u00e1to ha\u00f1cedd\u00e9 man\u00faic \u00f3kkol ar tu\u00e1\u00f1r dormiyan ot homot 1 mith\u00e1r dur\u00e9 t\u00e1koo.<\/li>\n<li>Tu\u00e1\u00f1r muk \u00f3re s\u00fauwon \u00f3ttu dur\u00e9 t\u00e1koo.<\/li>\n<li>Tu\u00e1\u00f1r nak ar muk \u00f3re ha\u00f1c\u00f3de y\u00e1to h\u00e1icc\u00f3de wokt\u00f3t g\u00fari rak\u00f3o.<\/li>\n<li>Zodi tu\u00e1\u00f1rtt\u00fa gaat gom nol\u00e1gil\u00e9, g\u00f3rot tak\u00f3o.<\/li>\n<li>C\u00edgar\u00e9t ar cu\u00f1\u00e7a thanoon, ar oinno f\u00e9ccwa r\u00e9 komzur gor\u00e9 d\u00e9 ham \u00f3kkol ott\u00fa basi t\u00e1koo.<\/li>\n<li>Gaa-loi-gaa dur\u00e9 rak\u00f3on \u00f3re behazor ikk\u00e1-uikk\u00e1 s\u00f3for gor\u00f3on \u00f3ttu ar man\u00faic \u00f3r dho\u00f3\u00f1r da\u00e1i \u00f3kkol \u00f3ttu dur\u00e9 t\u00e1koon \u00f3r zoriya am\u00f3l gor\u00f3o.<\/li>\n<\/ul>\n<p>[\/et_pb_text][\/et_pb_column][\/et_pb_row][et_pb_row column_structure=&#8221;1_2,1_2&#8243; _builder_version=&#8221;4.16&#8243; _module_preset=&#8221;default&#8221; custom_margin=&#8221;||||false|false&#8221; custom_padding=&#8221;0px||0px||false|false&#8221; animation_style=&#8221;zoom&#8221; animation_intensity_zoom=&#8221;3%&#8221; global_colors_info=&#8221;{}&#8221;][et_pb_column type=&#8221;1_2&#8243; _builder_version=&#8221;4.16&#8243; _module_preset=&#8221;default&#8221; custom_padding=&#8221;||||false|false&#8221; custom_css_main_element=&#8221;margin:auto;&#8221; global_colors_info=&#8221;{}&#8221;][\/et_pb_column][et_pb_column type=&#8221;1_2&#8243; _builder_version=&#8221;4.16&#8243; _module_preset=&#8221;default&#8221; custom_padding=&#8221;||||false|false&#8221; custom_css_main_element=&#8221;margin:auto;&#8221; global_colors_info=&#8221;{}&#8221;][et_pb_text _builder_version=&#8221;4.24.2&#8243; _module_preset=&#8221;default&#8221; text_font=&#8221;Poppins|300|||||||&#8221; text_font_size=&#8221;16px&#8221; global_colors_info=&#8221;{}&#8221;]<\/p>\n<p>Source: <a href=\"https:\/\/www.who.int\/health-topics\/coronavirus#tab=tab_2\" target=\"_blank\" rel=\"noopener\">WHO<\/a><\/p>\n<p>[\/et_pb_text][\/et_pb_column][\/et_pb_row][\/et_pb_section][et_pb_section fb_built=&#8221;1&#8243; _builder_version=&#8221;4.24.2&#8243; _module_preset=&#8221;default&#8221; custom_padding=&#8221;||||false|false&#8221; top_divider_color=&#8221;#0072BC&#8221; top_divider_height=&#8221;50px&#8221; animation_direction=&#8221;top&#8221; global_colors_info=&#8221;{}&#8221;][et_pb_row _builder_version=&#8221;4.16&#8243; _module_preset=&#8221;default&#8221; animation_style=&#8221;zoom&#8221; animation_intensity_zoom=&#8221;3%&#8221; global_colors_info=&#8221;{}&#8221;][et_pb_column type=&#8221;4_4&#8243; _builder_version=&#8221;4.16&#8243; _module_preset=&#8221;default&#8221; global_colors_info=&#8221;{}&#8221;][et_pb_text _builder_version=&#8221;4.16&#8243; _module_preset=&#8221;default&#8221; header_2_font=&#8221;Poppins|700|||||||&#8221; header_2_text_align=&#8221;center&#8221; header_2_text_color=&#8221;#474747&#8243; animation_style=&#8221;slide&#8221; animation_direction=&#8221;top&#8221; animation_intensity_slide=&#8221;3%&#8221; global_colors_info=&#8221;{}&#8221;]<\/p>\n<h2><span>Biaramor Alamot \u00f3kkol<\/span><\/h2>\n<p>[\/et_pb_text][et_pb_text _builder_version=&#8221;4.16&#8243; _module_preset=&#8221;default&#8221; global_colors_info=&#8221;{}&#8221;]<\/p>\n<p>KOV\u00cdD-19 \u00e9 dhooilla bodhooilla man\u00faic \u00f3kkol \u00f3re dhooilla bodhooilla torika loi as\u00f3r g\u00f3re. Biaram far\u00e1iy\u00e9 d\u00e9 bec\u00edrb\u00e1g man\u00faic \u00f3kkol \u00f3ttu h\u00e1k\u00e1ttu niyomor oc\u00fak bar\u00e9 ar h\u00f3spital \u00f3t dah\u00e9l nogor\u00e1 s\u00e1ra gom \u00f3o.<\/p>\n<p>[\/et_pb_text][\/et_pb_column][\/et_pb_row][et_pb_row make_equal=&#8221;on&#8221; _builder_version=&#8221;4.16&#8243; _module_preset=&#8221;default&#8221; custom_padding=&#8221;0px||0px||false|false&#8221; animation_style=&#8221;zoom&#8221; animation_intensity_zoom=&#8221;3%&#8221; global_colors_info=&#8221;{}&#8221;][et_pb_column type=&#8221;4_4&#8243; _builder_version=&#8221;4.16&#8243; _module_preset=&#8221;default&#8221; custom_css_main_element=&#8221;margin:auto;&#8221; global_colors_info=&#8221;{}&#8221;][et_pb_image src=&#8221;https:\/\/refugeemalaysia.org\/wp-content\/uploads\/2021\/06\/fever.jpg&#8221; title_text=&#8221;zor&#8221; _builder_version=&#8221;4.16&#8243; _module_preset=&#8221;default&#8221; border_radii=&#8221;on|10px|10px|10px|10px&#8221; box_shadow_style=&#8221;preset1&#8243; global_colors_info=&#8221;{}&#8221;][\/et_pb_image][\/et_pb_column][\/et_pb_row][et_pb_row _builder_version=&#8221;4.16&#8243; _module_preset=&#8221;default&#8221; animation_style=&#8221;zoom&#8221; animation_intensity_zoom=&#8221;3%&#8221; global_colors_info=&#8221;{}&#8221;][et_pb_column type=&#8221;4_4&#8243; _builder_version=&#8221;4.16&#8243; _module_preset=&#8221;default&#8221; global_colors_info=&#8221;{}&#8221;][et_pb_text _builder_version=&#8221;4.16&#8243; _module_preset=&#8221;default&#8221; global_colors_info=&#8221;{}&#8221;]<\/p>\n<p>S\u00f3bsebec\u00ed a\u00e1m alamot \u00f3kkol:<\/p>\n<ul>\n<li>Gaatzor.<\/li>\n<li>F\u00faa\u00f1n\u00e1 ha\u00f1c<\/li>\n<li>Bolforoon<\/li>\n<\/ul>\n<p>S\u00f3bse hom a\u00e1m alamot \u00f3kkol:<\/p>\n<ul>\n<li>Sissiyon ar bic \u00f3on<\/li>\n<li>Gola bic \u00f3on.<\/li>\n<li>Gaa lamoon.<\/li>\n<li>Conjunctivitis.<\/li>\n<li>Mata ho\u00f1roon.<\/li>\n<li>Galor moza zoon g\u00f3i y\u00e1to f\u00fau\u00f1i no far\u00f3on.<\/li>\n<li>A rash on skin, or discolouration of fingers or toes.<\/li>\n<\/ul>\n<p>H\u00f3tara alamot \u00f3kkol:<\/p>\n<ul>\n<li>Ni\u00e1c loite tokolif \u00f3on y\u00e1to ni\u00e1c-e-ni\u00e1c \u00f3r loot nofoon<\/li>\n<li>S\u00ednar bic y\u00e1to sab bar\u00ed zoon g\u00f3i<\/li>\n<li>Amat \u00f3izoon g\u00f3i y\u00e1to lorsor nogor\u00f3on<\/li>\n<\/ul>\n<p>F\u00f3uran elac or mocuara lo\u00f3 zodi tu\u00f1\u00e1rt\u00fa h\u00f3tata alamot \u00f3kkol t\u00e1ke. H\u00e1mica tu\u00e1\u00f1r daktor y\u00e1to h\u00f3spital\/kl\u00ednik \u00f3re zaibar agott\u00fa ko\u00f3l goijj\u00f3.<\/p>\n<p>Man\u00faic zi\u00edn ott\u00fa biaramor norom alamot as\u00e9 arno\u00f3ile aram as\u00e9 d\u00e9 h\u00edtaratt\u00fa tar\u00e1r biaramor alamot or\u00e9 g\u00f3rot tak\u00ed s\u00f3o\u00f1l\u00f3on sa\u00e1.<\/p>\n<p>Gorainna, ib\u00e1 hon\u00edkkatt\u00fa biaramor alomot dah\u00e1 dibell\u00e1 e bair\u00e9s l\u00f3i biaram foijj\u00e9 d\u00e9 h\u00e9e\u00f1tt\u00fa lot\u00ed 5-6 din lage, mogor ib\u00e1 14 din foijjonto \u00f3it fare.<\/p>\n<p>[\/et_pb_text][\/et_pb_column][\/et_pb_row][et_pb_row _builder_version=&#8221;4.16&#8243; _module_preset=&#8221;default&#8221; custom_padding=&#8221;0px||0px||true|false&#8221; animation_style=&#8221;slide&#8221; animation_direction=&#8221;top&#8221; animation_intensity_slide=&#8221;3%&#8221; global_colors_info=&#8221;{}&#8221;][et_pb_column type=&#8221;4_4&#8243; _builder_version=&#8221;4.16&#8243; _module_preset=&#8221;default&#8221; global_colors_info=&#8221;{}&#8221;][et_pb_text _builder_version=&#8221;4.16&#8243; _module_preset=&#8221;default&#8221; text_font=&#8221;Poppins|300|||||||&#8221; text_font_size=&#8221;16px&#8221; global_colors_info=&#8221;{}&#8221;]<\/p>\n<p>As\u00f3l-guijja: <a href=\"https:\/\/www.who.int\/health-topics\/coronavirus#tab=tab_3\" target=\"_blank\" rel=\"noopener\">WHO<\/a><\/p>\n<p>[\/et_pb_text][\/et_pb_column][\/et_pb_row][\/et_pb_section][et_pb_section fb_built=&#8221;1&#8243; _builder_version=&#8221;4.24.2&#8243; _module_preset=&#8221;default&#8221; background_color=&#8221;#efefef&#8221; custom_padding=&#8221;||||false|false&#8221; top_divider_height=&#8221;50px&#8221; top_divider_flip=&#8221;horizontal&#8221; global_colors_info=&#8221;{}&#8221;][et_pb_row _builder_version=&#8221;4.16&#8243; _module_preset=&#8221;default&#8221; custom_padding=&#8221;||||false|false&#8221; animation_style=&#8221;zoom&#8221; animation_intensity_zoom=&#8221;3%&#8221; global_colors_info=&#8221;{}&#8221;][et_pb_column type=&#8221;4_4&#8243; _builder_version=&#8221;4.16&#8243; _module_preset=&#8221;default&#8221; global_colors_info=&#8221;{}&#8221;][et_pb_text _builder_version=&#8221;4.24.2&#8243; _module_preset=&#8221;default&#8221; header_2_font=&#8221;Poppins|700|||||||&#8221; header_2_text_align=&#8221;center&#8221; global_colors_info=&#8221;{}&#8221;]<\/p>\n<h2><span>Tu\u00e1\u00f1rtt\u00fa KOV\u00cdD-19 \u00f3iye ar g\u00f3rot t\u00e1kood d\u00e9 ne k\u00ed?<\/span><\/h2>\n<p>[\/et_pb_text][\/et_pb_column][\/et_pb_row][et_pb_row column_structure=&#8221;1_2,1_2&#8243; use_custom_gutter=&#8221;on&#8221; make_equal=&#8221;on&#8221; _builder_version=&#8221;4.16&#8243; _module_preset=&#8221;default&#8221; custom_margin=&#8221;||||false|false&#8221; custom_padding=&#8221;0px||0px||false|false&#8221; animation_style=&#8221;zoom&#8221; animation_intensity_zoom=&#8221;3%&#8221; global_colors_info=&#8221;{}&#8221;][et_pb_column type=&#8221;1_2&#8243; _builder_version=&#8221;4.16&#8243; _module_preset=&#8221;default&#8221; custom_padding=&#8221;||||false|false&#8221; custom_css_main_element=&#8221;margin:auto;&#8221; global_colors_info=&#8221;{}&#8221;][et_pb_text _builder_version=&#8221;4.24.2&#8243; _module_preset=&#8221;default&#8221; global_colors_info=&#8221;{}&#8221;]<\/p>\n<ul>\n<li>Uggw\u00e1 g\u00f3ror oinno man\u00faic \u00f3kkol ott\u00fa s\u00edra-aled\u00e1 as\u00e9de kamarat t\u00e1koo. Zodi kamr\u00e1t nizorc\u00f3o laiggga thaththi t\u00e1aile ar\u00f3 be\u00e9tor.<\/li>\n<li>Fott\u00eddin nizor\u00e9-nize alamot \u00f3kkol oll\u00e1 nozor raikk\u00f3o. Zodi tu\u00e1\u00f1r alamot \u00f3kkol h\u00f3raf oil\u00e9 (<span style=\"font-size: 22px;\">bec\u00ed zor<\/span> ar ni\u00e1c \u00f3r than foille), 999 \u00f3re ko\u00f3l goijj\u00f3o.<\/li>\n<li>Zodi tu\u00e1\u00f1rttt\u00fa h\u00e1mah\u00e1 tu\u00e1ileth c\u00edyar gor\u00e1 foredde \u00f3ile, fakka gor\u00ed loibade ki tu\u00e1ileth g\u00e1n fott\u00ed estemal or baade biaram of fuk d\u00far \u00f3i zagoif\u00e1n ar s\u00e1fsut\u00e1ra \u00f3iyede y\u00edan.<\/li>\n<li>Tu\u00e1\u00f1r h\u00e1t gun \u00f3re barb\u00e1r g\u00f3no-gon\u00f3 s\u00e1bun ar fan\u00ed d\u00ed y\u00e1to h\u00e1t \u00f3r fuk morede doloni di dh\u00fawo.<\/li>\n<li>Ekk\u00e1n ma\u00e1s fin\u00f3o ar fakka goijj\u00f3o d\u00e9 ki h\u00e9\u00e7e g\u00f3ror man\u00faic \u00f3kkol l\u00f3i 1-2 mith\u00e1r gaa-loi gaa dur\u00e9 t\u00e1kefa.<\/li>\n<\/ul>\n<p>[\/et_pb_text][et_pb_text _builder_version=&#8221;4.24.2&#8243; _module_preset=&#8221;default&#8221; text_font=&#8221;Poppins|300|||||||&#8221; text_font_size=&#8221;16px&#8221; global_colors_info=&#8221;{}&#8221;]<\/p>\n<p>Zoriya: Wazirate Seh\u00e9t Malaysia<\/p>\n<p>[\/et_pb_text][\/et_pb_column][et_pb_column type=&#8221;1_2&#8243; _builder_version=&#8221;4.16&#8243; _module_preset=&#8221;default&#8221; custom_padding=&#8221;||||false|false&#8221; custom_css_main_element=&#8221;margin:auto;&#8221; global_colors_info=&#8221;{}&#8221;][et_pb_image src=&#8221;https:\/\/refugeemalaysia.org\/wp-content\/uploads\/2021\/08\/english-are-you-covid-19-positive-case.png&#8221; title_text=&#8221;ingirazi-\u00f3ilde -tu\u00fa\u00f1i-kov\u00edd-19-faagiy\u00e9-maamela&#8221; _builder_version=&#8221;4.24.2&#8243; _module_preset=&#8221;default&#8221; global_colors_info=&#8221;{}&#8221;][\/et_pb_image][\/et_pb_column][\/et_pb_row][\/et_pb_section][et_pb_section fb_built=&#8221;1&#8243; _builder_version=&#8221;4.24.2&#8243; _module_preset=&#8221;default&#8221; custom_padding=&#8221;||||false|false&#8221; top_divider_color=&#8221;#0072BC&#8221; top_divider_height=&#8221;50px&#8221; top_divider_flip=&#8221;horizontal&#8221; global_colors_info=&#8221;{}&#8221;][et_pb_row _builder_version=&#8221;4.16&#8243; _module_preset=&#8221;default&#8221; animation_style=&#8221;zoom&#8221; animation_intensity_zoom=&#8221;3%&#8221; global_colors_info=&#8221;{}&#8221;][et_pb_column type=&#8221;4_4&#8243; _builder_version=&#8221;4.16&#8243; _module_preset=&#8221;default&#8221; global_colors_info=&#8221;{}&#8221;][et_pb_text _builder_version=&#8221;4.16&#8243; _module_preset=&#8221;default&#8221; header_2_font=&#8221;Poppins|700|||||||&#8221; header_2_text_align=&#8221;center&#8221; header_2_text_color=&#8221;#000000&#8243; global_colors_info=&#8221;{}&#8221;]<\/p>\n<h2><span>F\u00fak maroon<\/span><\/h2>\n<p>[\/et_pb_text][\/et_pb_column][\/et_pb_row][et_pb_row _builder_version=&#8221;4.16&#8243; _module_preset=&#8221;default&#8221; custom_padding=&#8221;0px||||false|false&#8221; animation_style=&#8221;zoom&#8221; animation_intensity_zoom=&#8221;3%&#8221; global_colors_info=&#8221;{}&#8221;][et_pb_column type=&#8221;4_4&#8243; _builder_version=&#8221;4.16&#8243; _module_preset=&#8221;default&#8221; global_colors_info=&#8221;{}&#8221;][et_pb_image src=&#8221;https:\/\/refugeemalaysia.org\/wp-content\/uploads\/2021\/06\/covid-19-vaccine.jpg&#8221; title_text=&#8221;kov\u00edd-19-f\u00fak&#8221; _builder_version=&#8221;4.16&#8243; _module_preset=&#8221;default&#8221; border_radii=&#8221;on|10px|10px|10px|10px&#8221; box_shadow_style=&#8221;preset1&#8243; global_colors_info=&#8221;{}&#8221;][\/et_pb_image][et_pb_text _builder_version=&#8221;4.25.0&#8243; _module_preset=&#8221;default&#8221; text_text_color=&#8221;#000000&#8243; hover_enabled=&#8221;0&#8243; global_colors_info=&#8221;{}&#8221; sticky_enabled=&#8221;0&#8243;]<\/p>\n<p>KOV\u00cdD-19 waba biaram e dah\u00e1iye d\u00e9 ki a\u00f1\u00e1ra, duniyair uggw\u00e1 s\u00f3maj his\u00e1fe, zodi fott\u00ed zon or\u00e9 c\u00e1mel ar s\u00f3o\u00f1lit d\u00e9 \u00f3ile sir\u00edf h\u00e9fazot tak\u00ed faijjum de. F\u00fak mara oild\u00e9 e waba biaram or\u00e9 ou\u00f1s\u00ed bell\u00e1 modot gor\u00ed fare de torika \u00f3kkol \u00f3r b\u00fator t\u00fa ekk\u00e1n torika. F\u00fak mara ye tu\u00e1\u00f1r\u00e9 ar tu\u00e1\u00f1r adhoijja man\u00faic \u00f3kkol \u00f3re KOV\u00cdD-19 biaram or notiza his\u00e1fe \u00f3o d\u00e9 h\u00f3raf akuaic \u00f3kkol \u00f3ttu s\u00f3o\u00f1li yor\u00e9 ham gor\u00e9.<\/p>\n<p>Bur\u00e1 man\u00faic ar oinno biaram or h\u00e1alot \u00f3kkol l\u00f3i as\u00e9de man\u00faic \u00f3kkol zendhilla neki mat\u00e1t lou u\u00e7\u00e9 (y\u00e1ni frecar biaram), mi\u00e7\u00e1 biaram, f\u00e9ccwar biaram \u00f3kkol wag\u00e1ira wag\u00e1ira l\u00f3i as\u00e9de h\u00edtar\u00e1tt\u00fa kh\u00e1as g\u00f3ri KOV\u00cdD-19 \u00f3r zoriya h\u00f3raf akuaic \u00f3kkol \u00f3i aibell\u00e1 dhor bec\u00ed. H\u00e9 h\u00f3tall\u00e1, fott\u00ed zon or\u00e9 f\u00fak mari loibell\u00e1 bec\u00ed gor\u00ed yi\u00e1n \u00f3r himm\u00f3t diyazar. F\u00e9ri COVID-19 v\u00e9ksin marib\u00f3lla, me\u00e9rbnigori tu\u00e1\u00f1r s\u00f3bse ha\u00f1s\u00f3r seh\u00e9t h\u00e1nat zoo.<\/p>\n<p>[\/et_pb_text][\/et_pb_column][\/et_pb_row][\/et_pb_section]<\/p>\n","protected":false},"excerpt":{"rendered":"<p>KOV\u00cdD-19Korona bair\u00e9s \u00f3r biaram (KOV\u00cdD-19) \u00f3ilde uggw\u00e1 noiya tuai faiy\u00e9 d\u00e9 korona bair\u00e9s \u00f3r zoriya \u00f3o de biaram. KOV\u00cdD-19 bair\u00e9s l\u00f3i biaram foijj\u00e9 d\u00e9 beec h\u00edssa man\u00faic \u00f3kkol ekka-ekkatt\u00fa maz\u00edlh\u00e1 ni\u00e1c ar f\u00e9ccwar biaram or ma\u00e1sus goribou ar kh\u00e1as elaj \u00f3r zorurot s\u00e1ra gom \u00f3i zai b\u00f3i. Bur\u00e1 man\u00faic \u00f3kkol ar uitar\u00e1 zar\u00e1 daktori oc\u00fauida [&hellip;]<\/p>\n","protected":false},"author":149,"featured_media":0,"parent":16950,"menu_order":0,"comment_status":"closed","ping_status":"closed","template":"","meta":{"_et_pb_use_builder":"on","_et_pb_old_content":"","_et_gb_content_width":"","_exactmetrics_skip_tracking":false,"_exactmetrics_sitenote_active":false,"_exactmetrics_sitenote_note":"","_exactmetrics_sitenote_category":0,"footnotes":""},"class_list":["post-13824","page","type-page","status-publish","hentry"],"_links":{"self":[{"href":"https:\/\/refugeemalaysia.org\/rh\/wp-json\/wp\/v2\/pages\/13824","targetHints":{"allow":["GET"]}}],"collection":[{"href":"https:\/\/refugeemalaysia.org\/rh\/wp-json\/wp\/v2\/pages"}],"about":[{"href":"https:\/\/refugeemalaysia.org\/rh\/wp-json\/wp\/v2\/types\/page"}],"author":[{"embeddable":true,"href":"https:\/\/refugeemalaysia.org\/rh\/wp-json\/wp\/v2\/users\/149"}],"replies":[{"embeddable":true,"href":"https:\/\/refugeemalaysia.org\/rh\/wp-json\/wp\/v2\/comments?post=13824"}],"version-history":[{"count":7,"href":"https:\/\/refugeemalaysia.org\/rh\/wp-json\/wp\/v2\/pages\/13824\/revisions"}],"predecessor-version":[{"id":55323,"href":"https:\/\/refugeemalaysia.org\/rh\/wp-json\/wp\/v2\/pages\/13824\/revisions\/55323"}],"up":[{"embeddable":true,"href":"https:\/\/refugeemalaysia.org\/rh\/wp-json\/wp\/v2\/pages\/16950"}],"wp:attachment":[{"href":"https:\/\/refugeemalaysia.org\/rh\/wp-json\/wp\/v2\/media?parent=13824"}],"curies":[{"name":"wp","href":"https:\/\/api.w.org\/{rel}","templated":true}]}}