{"id":14040,"date":"2021-06-30T17:20:39","date_gmt":"2021-06-30T09:20:39","guid":{"rendered":"https:\/\/refugeemalaysia.org\/resources-for-organisations\/unhcr-verify-plus\/"},"modified":"2024-08-24T17:18:19","modified_gmt":"2024-08-24T09:18:19","slug":"unhcr-verify-plus","status":"publish","type":"page","link":"https:\/\/refugeemalaysia.org\/rh\/modot\/tonzim-okkol-olla-modot-or-zoriya-okkol\/unhcr-verify-plus\/","title":{"rendered":"UNHCR Verify Plus"},"content":{"rendered":"<p>[et_pb_section fb_built=&#8221;1&#8243; admin_label=&#8221;Hero&#8221; _builder_version=&#8221;4.16&#8243; use_background_color_gradient=&#8221;on&#8221; background_color_gradient_stops=&#8221;rgba(0,0,0,0.4) 0%|rgba(0,0,0,0.4) 100%&#8221; background_color_gradient_overlays_image=&#8221;on&#8221; background_color_gradient_start=&#8221;rgba(0,0,0,0.4)&#8221; background_color_gradient_end=&#8221;rgba(0,0,0,0.4)&#8221; background_image=&#8221;https:\/\/refugeemalaysia.org\/wp-content\/uploads\/2021\/07\/unhcr-verify-plus.jpg&#8221; custom_padding=&#8221;110px|0px|110px|0px|false|false&#8221; animation_style=&#8221;zoom&#8221; animation_intensity_zoom=&#8221;3%&#8221; global_colors_info=&#8221;{}&#8221;][et_pb_row use_custom_gutter=&#8221;on&#8221; gutter_width=&#8221;1&#8243; make_equal=&#8221;on&#8221; _builder_version=&#8221;4.16&#8243; _module_preset=&#8221;default&#8221; custom_padding=&#8221;0px||0px||true|false&#8221; global_colors_info=&#8221;{}&#8221;][et_pb_column type=&#8221;4_4&#8243; _builder_version=&#8221;4.16&#8243; _module_preset=&#8221;default&#8221; global_colors_info=&#8221;{}&#8221;][et_pb_text _builder_version=&#8221;4.16&#8243; _module_preset=&#8221;default&#8221; header_font=&#8221;Poppins|600||on|||||&#8221; header_text_align=&#8221;center&#8221; header_text_color=&#8221;#FFFFFF&#8221; header_font_size=&#8221;48px&#8221; header_font_size_tablet=&#8221;&#8221; header_font_size_phone=&#8221;45px&#8221; header_font_size_last_edited=&#8221;on|phone&#8221; header_text_shadow_style=&#8221;preset3&#8243; global_colors_info=&#8221;{}&#8221;]<\/p>\n<h1>UNHCR Verify Plus<\/h1>\n<p>[\/et_pb_text][\/et_pb_column][\/et_pb_row][\/et_pb_section][et_pb_section fb_built=&#8221;1&#8243; _builder_version=&#8221;4.16&#8243; _module_preset=&#8221;default&#8221; custom_margin=&#8221;||||false|false&#8221; custom_padding=&#8221;10px||0px||false|false&#8221; global_colors_info=&#8221;{}&#8221;][et_pb_row _builder_version=&#8221;4.16&#8243; _module_preset=&#8221;default&#8221; custom_padding=&#8221;||||false|false&#8221; animation_style=&#8221;slide&#8221; animation_direction=&#8221;top&#8221; animation_intensity_slide=&#8221;3%&#8221; global_colors_info=&#8221;{}&#8221;][et_pb_column type=&#8221;4_4&#8243; _builder_version=&#8221;4.16&#8243; _module_preset=&#8221;default&#8221; global_colors_info=&#8221;{}&#8221;][et_pb_text _builder_version=&#8221;4.16&#8243; _module_preset=&#8221;default&#8221; global_colors_info=&#8221;{}&#8221;]<\/p>\n<p>UNHCR Verify Plus oild\u00e9 uggw\u00e1 noiya App y\u00e1ni so\u00f3ftw\u00e1iar zib\u00e1 eh\u00f3n Google Play Store ar Apple App Store \u00f3t maana lamailoi boll\u00e1 moujud as\u00e9. E so\u00f3ftw\u00e1iar (App) l\u00f3i UNHCR or zehon\u00f3 ka\u00e1d \u00f3re tu\u00e1\u00f1ra s\u00f3iyi n\u00e9 c\u00e9k gor\u00ed farib\u00e1. E App (so\u00f3ftw\u00e1iar) gwa y\u00e9 eh\u00f3n as\u00e9 d\u00e9 UNHCR Verify MY app \u00f3r zagat estemal \u00f3ibo.<\/p>\n<p>[\/et_pb_text][\/et_pb_column][\/et_pb_row][et_pb_row column_structure=&#8221;1_2,1_2&#8243; make_equal=&#8221;on&#8221; _builder_version=&#8221;4.16&#8243; _module_preset=&#8221;default&#8221; custom_padding=&#8221;||0px||false|false&#8221; animation_style=&#8221;slide&#8221; animation_direction=&#8221;top&#8221; animation_intensity_slide=&#8221;3%&#8221; global_colors_info=&#8221;{}&#8221;][et_pb_column type=&#8221;1_2&#8243; _builder_version=&#8221;4.16&#8243; _module_preset=&#8221;default&#8221; custom_css_main_element=&#8221;margin:auto;&#8221; global_colors_info=&#8221;{}&#8221;][et_pb_blurb title=&#8221;UNHCR Verify MY&#8221; image=&#8221;https:\/\/refugeemalaysia.org\/wp-content\/uploads\/2021\/07\/verify-my-final.png&#8221; _builder_version=&#8221;4.16&#8243; _module_preset=&#8221;default&#8221; custom_padding=&#8221;||50px||false|false&#8221; box_shadow_style_image=&#8221;preset1&#8243; global_colors_info=&#8221;{}&#8221;][\/et_pb_blurb][\/et_pb_column][et_pb_column type=&#8221;1_2&#8243; _builder_version=&#8221;4.16&#8243; _module_preset=&#8221;default&#8221; custom_css_main_element=&#8221;margin:auto;&#8221; global_colors_info=&#8221;{}&#8221;][et_pb_blurb title=&#8221;UNHCR Verify Plus&#8221; image=&#8221;https:\/\/refugeemalaysia.org\/wp-content\/uploads\/2021\/07\/verify-plus-final.png&#8221; _builder_version=&#8221;4.16&#8243; _module_preset=&#8221;default&#8221; custom_padding=&#8221;||50px||false|false&#8221; box_shadow_style_image=&#8221;preset1&#8243; global_colors_info=&#8221;{}&#8221;][\/et_pb_blurb][\/et_pb_column][\/et_pb_row][\/et_pb_section][et_pb_section fb_built=&#8221;1&#8243; _builder_version=&#8221;4.22.1&#8243; _module_preset=&#8221;default&#8221; background_color=&#8221;#0072BC&#8221; custom_margin=&#8221;||||false|false&#8221; custom_margin_tablet=&#8221;&#8221; custom_margin_phone=&#8221;&#8221; custom_margin_last_edited=&#8221;on|tablet&#8221; custom_padding=&#8221;60px||20px||false|false&#8221; top_divider_height=&#8221;50px&#8221; animation_style=&#8221;slide&#8221; animation_direction=&#8221;top&#8221; animation_intensity_slide=&#8221;3%&#8221; global_colors_info=&#8221;{}&#8221;][et_pb_row _builder_version=&#8221;4.16&#8243; _module_preset=&#8221;default&#8221; custom_padding=&#8221;||||false|false&#8221; animation_style=&#8221;slide&#8221; animation_direction=&#8221;top&#8221; animation_intensity_slide=&#8221;3%&#8221; global_colors_info=&#8221;{}&#8221;][et_pb_column type=&#8221;4_4&#8243; _builder_version=&#8221;4.16&#8243; _module_preset=&#8221;default&#8221; global_colors_info=&#8221;{}&#8221;][et_pb_text _builder_version=&#8221;4.16&#8243; _module_preset=&#8221;default&#8221; header_2_font=&#8221;Poppins|700|||||||&#8221; header_2_text_align=&#8221;center&#8221; header_2_text_color=&#8221;#FFFFFF&#8221; global_colors_info=&#8221;{}&#8221;]<\/p>\n<h2><span>App ib\u00e1 r\u00e9 ke\u00e9n gor\u00ed estemal gor\u00e9<\/span><\/h2>\n<p>[\/et_pb_text][\/et_pb_column][\/et_pb_row][et_pb_row _builder_version=&#8221;4.16&#8243; _module_preset=&#8221;default&#8221; custom_padding=&#8221;0px||||false|false&#8221; animation_style=&#8221;slide&#8221; animation_direction=&#8221;top&#8221; animation_intensity_slide=&#8221;3%&#8221; global_colors_info=&#8221;{}&#8221;][et_pb_column type=&#8221;4_4&#8243; _builder_version=&#8221;4.16&#8243; _module_preset=&#8221;default&#8221; global_colors_info=&#8221;{}&#8221;][et_pb_image src=&#8221;https:\/\/refugeemalaysia.org\/wp-content\/uploads\/2021\/07\/unhcr-verify-plus.jpg&#8221; title_text=&#8221;unhcr-verify-plus&#8221; _builder_version=&#8221;4.16&#8243; _module_preset=&#8221;default&#8221; border_radii=&#8221;on|10px|10px|10px|10px&#8221; box_shadow_style=&#8221;preset1&#8243; global_colors_info=&#8221;{}&#8221;][\/et_pb_image][et_pb_text _builder_version=&#8221;4.16&#8243; _module_preset=&#8221;default&#8221; text_text_color=&#8221;#FFFFFF&#8221; global_colors_info=&#8221;{}&#8221;]<\/p>\n<p>App ib\u00e1 r\u00e9 estemal gor\u00edbell\u00e1 tu\u00e1\u00f1rt\u00fa age sign in (y\u00e1ni nam-ger\u00e1m diyor\u00e9 dah\u00e9la) gor\u00e1 forib\u00f3 Sign in \u00f3re Google, Microsoft, Facebook y\u00e1to Twitter ek\u00f3on loi mukommol gorfarib\u00e1. Iy\u00e1n App ib\u00e1r estemal or\u00e9 nozor dari gor\u00edboll\u00e1. App ib\u00e1 y\u00e9 sir\u00edf estemal gor\u00f3iyar email gw\u00e1 dek\u00e9. Oinno zaati maalumat or\u00e9 dola gor\u00ed luwa nozaiib\u00f3<\/p>\n<p>[\/et_pb_text][et_pb_text _builder_version=&#8221;4.16&#8243; _module_preset=&#8221;default&#8221; text_text_color=&#8221;#FFFFFF&#8221; global_colors_info=&#8221;{}&#8221;]<\/p>\n<p>E App gw\u00e1 r\u00e9 estemal gor\u00ed boll\u00e1, App gw\u00e1 r\u00e9 k\u00faloo ar QR kudh gw\u00e1 r\u00e9 esk\u00e9n gor\u00f3. Zodi kaamiyab \u00f3o, UNHCR or ka\u00e1d l\u00f3i milede maalumat begg\u00fan \u00f3re dah\u00e1ibou. Zodi nakamiyab \u00f3o, ekk\u00e1n golti \u00f3iyed\u00e9 eskr\u00edin dah\u00e1 zaibo.<\/p>\n<p>[\/et_pb_text][\/et_pb_column][\/et_pb_row][\/et_pb_section][et_pb_section fb_built=&#8221;1&#8243; _builder_version=&#8221;4.22.1&#8243; _module_preset=&#8221;default&#8221; custom_padding=&#8221;60px||30px||false|false&#8221; top_divider_color=&#8221;#0072BC&#8221; top_divider_height=&#8221;50px&#8221; top_divider_flip=&#8221;vertical&#8221; animation_style=&#8221;slide&#8221; animation_direction=&#8221;top&#8221; animation_intensity_slide=&#8221;3%&#8221; global_colors_info=&#8221;{}&#8221;][et_pb_row _builder_version=&#8221;4.16&#8243; _module_preset=&#8221;default&#8221; animation_style=&#8221;zoom&#8221; animation_intensity_zoom=&#8221;3%&#8221; global_colors_info=&#8221;{}&#8221;][et_pb_column type=&#8221;4_4&#8243; _builder_version=&#8221;4.16&#8243; _module_preset=&#8221;default&#8221; global_colors_info=&#8221;{}&#8221;][et_pb_text _builder_version=&#8221;4.16&#8243; _module_preset=&#8221;default&#8221; header_2_font=&#8221;Poppins|700|||||||&#8221; header_2_text_align=&#8221;center&#8221; header_2_text_color=&#8221;#474747&#8243; animation_style=&#8221;slide&#8221; animation_direction=&#8221;top&#8221; animation_intensity_slide=&#8221;3%&#8221; global_colors_info=&#8221;{}&#8221;]<\/p>\n<h2><span>E App gw\u00e1 lamailoo<\/span><\/h2>\n<p>[\/et_pb_text][\/et_pb_column][\/et_pb_row][et_pb_row make_equal=&#8221;on&#8221; _builder_version=&#8221;4.16&#8243; _module_preset=&#8221;default&#8221; custom_padding=&#8221;0px||0px||false|false&#8221; animation_style=&#8221;slide&#8221; animation_direction=&#8221;top&#8221; animation_intensity_slide=&#8221;3%&#8221; global_colors_info=&#8221;{}&#8221;][et_pb_column type=&#8221;4_4&#8243; _builder_version=&#8221;4.16&#8243; _module_preset=&#8221;default&#8221; custom_css_main_element=&#8221;margin:auto;&#8221; global_colors_info=&#8221;{}&#8221;][et_pb_text _builder_version=&#8221;4.16&#8243; _module_preset=&#8221;default&#8221; custom_padding=&#8221;||30px||false|false&#8221; global_colors_info=&#8221;{}&#8221;]<\/p>\n<p>Lamai loibell\u00e1, Google Play Store y\u00e1to Apple App Store, \u00f3t zai \u201cUNHCR Verify Plus\u201d h\u00f3i lek\u00ed tuwou, nisor QR kudh g\u00fan \u00f3re y\u00e1to lamai loibar bot\u00f3n g\u00fan \u00f3t siban maro.<\/p>\n<p>[\/et_pb_text][\/et_pb_column][\/et_pb_row][et_pb_row column_structure=&#8221;1_2,1_2&#8243; _builder_version=&#8221;4.16&#8243; _module_preset=&#8221;default&#8221; custom_padding=&#8221;||0px||false|false&#8221; global_colors_info=&#8221;{}&#8221;][et_pb_column type=&#8221;1_2&#8243; _builder_version=&#8221;4.16&#8243; _module_preset=&#8221;default&#8221; global_colors_info=&#8221;{}&#8221;][et_pb_blurb title=&#8221;Google Play Store&#8221; image=&#8221;https:\/\/refugeemalaysia.org\/wp-content\/uploads\/2021\/07\/google-play-qr-code.png&#8221; image_icon_width=&#8221;70%&#8221; _builder_version=&#8221;4.16&#8243; _module_preset=&#8221;default&#8221; box_shadow_style_image=&#8221;preset1&#8243; image_max_width=&#8221;70%&#8221; global_colors_info=&#8221;{}&#8221;][\/et_pb_blurb][et_pb_button button_url=&#8221;https:\/\/play.google.com\/store\/apps\/details?id=org.unhcr.verifyplus&#8221; url_new_window=&#8221;on&#8221; button_text=&#8221;Lamailoo&#8221; button_alignment=&#8221;center&#8221; _builder_version=&#8221;4.16&#8243; _module_preset=&#8221;69f8cffc-42d4-4e18-b2b8-5550f5787300&#8243; custom_button=&#8221;on&#8221; button_text_color=&#8221;#000000&#8243; button_bg_color=&#8221;#FAEB00&#8243; button_border_color=&#8221;#FAEB00&#8243; button_border_radius=&#8221;10px&#8221; button_font=&#8221;Poppins||||||||&#8221; background_layout=&#8221;dark&#8221; custom_margin=&#8221;||40px||false|false&#8221; custom_padding=&#8221;||||false|false&#8221; global_colors_info=&#8221;{}&#8221; button_text_color__hover=&#8221;#000000&#8243; button_text_color__hover_enabled=&#8221;on|hover&#8221; button_bg_color__hover=&#8221;#FAEB00&#8243; button_bg_color__hover_enabled=&#8221;on|hover&#8221; button_border_color__hover=&#8221;#000000&#8243; button_border_color__hover_enabled=&#8221;on|hover&#8221;][\/et_pb_button][\/et_pb_column][et_pb_column type=&#8221;1_2&#8243; _builder_version=&#8221;4.16&#8243; _module_preset=&#8221;default&#8221; global_colors_info=&#8221;{}&#8221;][et_pb_blurb title=&#8221;Apple App Store&#8221; image=&#8221;https:\/\/refugeemalaysia.org\/wp-content\/uploads\/2021\/07\/apple-app-store-qr-code.png&#8221; image_icon_width=&#8221;70%&#8221; _builder_version=&#8221;4.16&#8243; _module_preset=&#8221;default&#8221; box_shadow_style_image=&#8221;preset1&#8243; image_max_width=&#8221;70%&#8221; global_colors_info=&#8221;{}&#8221;][\/et_pb_blurb][et_pb_button button_url=&#8221;https:\/\/apps.apple.com\/my\/app\/unhcr-verify-plus\/id1504501381&#8243; url_new_window=&#8221;on&#8221; button_text=&#8221;Lamailoo&#8221; button_alignment=&#8221;center&#8221; _builder_version=&#8221;4.16&#8243; _module_preset=&#8221;69f8cffc-42d4-4e18-b2b8-5550f5787300&#8243; custom_button=&#8221;on&#8221; button_text_color=&#8221;#000000&#8243; button_bg_color=&#8221;#FAEB00&#8243; button_border_color=&#8221;#FAEB00&#8243; button_border_radius=&#8221;10px&#8221; button_font=&#8221;Poppins||||||||&#8221; background_layout=&#8221;dark&#8221; custom_margin=&#8221;||40px||false|false&#8221; global_colors_info=&#8221;{}&#8221; button_text_color__hover=&#8221;#000000&#8243; button_text_color__hover_enabled=&#8221;on|hover&#8221; button_bg_color__hover=&#8221;#FAEB00&#8243; button_bg_color__hover_enabled=&#8221;on|hover&#8221; button_border_color__hover=&#8221;#000000&#8243; button_border_color__hover_enabled=&#8221;on|hover&#8221;][\/et_pb_button][\/et_pb_column][\/et_pb_row][et_pb_row make_equal=&#8221;on&#8221; _builder_version=&#8221;4.16&#8243; _module_preset=&#8221;default&#8221; custom_padding=&#8221;0px||0px||false|false&#8221; animation_style=&#8221;slide&#8221; animation_direction=&#8221;top&#8221; animation_intensity_slide=&#8221;3%&#8221; global_colors_info=&#8221;{}&#8221;][et_pb_column type=&#8221;4_4&#8243; _builder_version=&#8221;4.16&#8243; _module_preset=&#8221;default&#8221; custom_css_main_element=&#8221;margin:auto;&#8221; global_colors_info=&#8221;{}&#8221;][et_pb_text _builder_version=&#8221;4.16&#8243; _module_preset=&#8221;default&#8221; custom_padding=&#8221;30px||30px||true|false&#8221; global_colors_info=&#8221;{}&#8221;]Zodi tu\u00e1\u00f1r habosfonna g\u00e1n or\u00e9 App \u00f3r zoriya za\u00f1sai gor\u00ed nofaill\u00e9, ar tu\u00fa\u00f1i ekk\u00e1n h\u00e1mah\u00e1 d\u00f3rafora gor\u00edbou d\u00e9 h\u00e1alot \u00f3t foille, me\u00e9rbanigor\u00ed UNHCR or d\u00f3raforar ho\u00f3tl\u00e1in nomb\u00f3r <a href=\"tel:012-6305060\">012-6305060gw\u00e1t<\/a> zukazuk goijj\u00f3o.[\/et_pb_text][\/et_pb_column][\/et_pb_row][\/et_pb_section][et_pb_section fb_built=&#8221;1&#8243; _builder_version=&#8221;4.22.1&#8243; _module_preset=&#8221;default&#8221; background_color=&#8221;#0072BC&#8221; custom_margin=&#8221;||||false|false&#8221; custom_margin_tablet=&#8221;&#8221; custom_margin_phone=&#8221;&#8221; custom_margin_last_edited=&#8221;on|tablet&#8221; custom_padding=&#8221;60px||20px||false|false&#8221; top_divider_height=&#8221;50px&#8221; animation_style=&#8221;slide&#8221; animation_direction=&#8221;top&#8221; animation_intensity_slide=&#8221;3%&#8221; global_colors_info=&#8221;{}&#8221;][et_pb_row _builder_version=&#8221;4.16&#8243; _module_preset=&#8221;default&#8221; custom_padding=&#8221;||||false|false&#8221; animation_style=&#8221;slide&#8221; animation_direction=&#8221;top&#8221; animation_intensity_slide=&#8221;3%&#8221; global_colors_info=&#8221;{}&#8221;][et_pb_column type=&#8221;4_4&#8243; _builder_version=&#8221;4.16&#8243; _module_preset=&#8221;default&#8221; global_colors_info=&#8221;{}&#8221;][et_pb_text _builder_version=&#8221;4.22.1&#8243; _module_preset=&#8221;default&#8221; header_2_font=&#8221;Poppins|700|||||||&#8221; header_2_text_align=&#8221;center&#8221; header_2_text_color=&#8221;#FFFFFF&#8221; global_colors_info=&#8221;{}&#8221;]<\/p>\n<h2><span>UNHCR Verify Plus or Jinic \u00d3kkol<\/span><\/h2>\n<p>[\/et_pb_text][\/et_pb_column][\/et_pb_row][et_pb_row column_structure=&#8221;1_2,1_2&#8243; _builder_version=&#8221;4.16&#8243; _module_preset=&#8221;default&#8221; custom_padding=&#8221;0px||||false|false&#8221; animation_style=&#8221;slide&#8221; animation_direction=&#8221;top&#8221; animation_intensity_slide=&#8221;3%&#8221; global_colors_info=&#8221;{}&#8221;][et_pb_column type=&#8221;1_2&#8243; _builder_version=&#8221;4.16&#8243; _module_preset=&#8221;default&#8221; global_colors_info=&#8221;{}&#8221;][et_pb_blurb title=&#8221;UNHCR Verify Plus \u00d3lla Mobile App&#8221; image=&#8221;https:\/\/refugeemalaysia.org\/wp-content\/uploads\/2023\/09\/unhcr-verify-plus-cover-english.jpg&#8221; image_icon_width=&#8221;70%&#8221; _builder_version=&#8221;4.22.1&#8243; _module_preset=&#8221;default&#8221; header_text_color=&#8221;#FFFFFF&#8221; body_text_color=&#8221;#FFFFFF&#8221; hover_enabled=&#8221;0&#8243; box_shadow_style_image=&#8221;preset1&#8243; global_colors_info=&#8221;{}&#8221; title_text=&#8221;unhcr-verify-plus-cover-english&#8221; sticky_enabled=&#8221;0&#8243;]<\/p>\n<p>(Digitel estemal oll\u00e1)<\/p>\n<p>[\/et_pb_blurb][et_pb_button button_url=&#8221;https:\/\/refugeemalaysia.org\/wp-content\/uploads\/2023\/09\/unhcr-verify-plus-mobile-application-digital-english.pdf&#8221; url_new_window=&#8221;on&#8221; button_text=&#8221;Lamailoo&#8221; button_alignment=&#8221;center&#8221; _builder_version=&#8221;4.22.1&#8243; _module_preset=&#8221;69f8cffc-42d4-4e18-b2b8-5550f5787300&#8243; custom_button=&#8221;on&#8221; button_text_color=&#8221;#000000&#8243; button_bg_color=&#8221;#FAEB00&#8243; button_border_color=&#8221;#FAEB00&#8243; button_border_radius=&#8221;10px&#8221; button_font=&#8221;Poppins||||||||&#8221; background_layout=&#8221;dark&#8221; custom_margin=&#8221;||40px||false|false&#8221; hover_enabled=&#8221;0&#8243; global_colors_info=&#8221;{}&#8221; button_text_color__hover=&#8221;#000000&#8243; button_text_color__hover_enabled=&#8221;on|hover&#8221; button_bg_color__hover=&#8221;#FAEB00&#8243; button_bg_color__hover_enabled=&#8221;on|hover&#8221; button_border_color__hover=&#8221;#000000&#8243; button_border_color__hover_enabled=&#8221;on|hover&#8221; sticky_enabled=&#8221;0&#8243;][\/et_pb_button][\/et_pb_column][et_pb_column type=&#8221;1_2&#8243; _builder_version=&#8221;4.16&#8243; _module_preset=&#8221;default&#8221; global_colors_info=&#8221;{}&#8221;][et_pb_blurb title=&#8221;UNHCR Verify Plus \u00d3lla Mobile App&#8221; image=&#8221;https:\/\/refugeemalaysia.org\/wp-content\/uploads\/2023\/09\/unhcr-verify-plus-cover-english.jpg&#8221; image_icon_width=&#8221;70%&#8221; _builder_version=&#8221;4.22.1&#8243; _module_preset=&#8221;default&#8221; header_text_color=&#8221;#FFFFFF&#8221; body_text_color=&#8221;#FFFFFF&#8221; hover_enabled=&#8221;0&#8243; box_shadow_style_image=&#8221;preset1&#8243; global_colors_info=&#8221;{}&#8221; title_text=&#8221;unhcr-verify-plus-cover-english&#8221; sticky_enabled=&#8221;0&#8243;]<\/p>\n<p>(Gura kitab s\u00e1bai boll\u00e1)<\/p>\n<p>[\/et_pb_blurb][et_pb_button button_url=&#8221;https:\/\/refugeemalaysia.org\/wp-content\/uploads\/2023\/09\/unhcr-verify-plus-mobile-application-booklet-english.pdf&#8221; url_new_window=&#8221;on&#8221; button_text=&#8221;Lamailoo&#8221; button_alignment=&#8221;center&#8221; _builder_version=&#8221;4.22.1&#8243; _module_preset=&#8221;69f8cffc-42d4-4e18-b2b8-5550f5787300&#8243; custom_button=&#8221;on&#8221; button_text_color=&#8221;#000000&#8243; button_bg_color=&#8221;#FAEB00&#8243; button_border_color=&#8221;#FAEB00&#8243; button_border_radius=&#8221;10px&#8221; button_font=&#8221;Poppins||||||||&#8221; background_layout=&#8221;dark&#8221; custom_margin=&#8221;||40px||false|false&#8221; hover_enabled=&#8221;0&#8243; global_colors_info=&#8221;{}&#8221; button_text_color__hover=&#8221;#000000&#8243; button_text_color__hover_enabled=&#8221;on|hover&#8221; button_bg_color__hover=&#8221;#FAEB00&#8243; button_bg_color__hover_enabled=&#8221;on|hover&#8221; button_border_color__hover=&#8221;#000000&#8243; button_border_color__hover_enabled=&#8221;on|hover&#8221; sticky_enabled=&#8221;0&#8243;][\/et_pb_button][\/et_pb_column][\/et_pb_row][\/et_pb_section]<\/p>\n","protected":false},"excerpt":{"rendered":"<p>UNHCR Verify PlusUNHCR Verify Plus oild\u00e9 uggw\u00e1 noiya App y\u00e1ni so\u00f3ftw\u00e1iar zib\u00e1 eh\u00f3n Google Play Store ar Apple App Store \u00f3t maana lamailoi boll\u00e1 moujud as\u00e9. E so\u00f3ftw\u00e1iar (App) l\u00f3i UNHCR or zehon\u00f3 ka\u00e1d \u00f3re tu\u00e1\u00f1ra s\u00f3iyi n\u00e9 c\u00e9k gor\u00ed farib\u00e1. E App (so\u00f3ftw\u00e1iar) gwa y\u00e9 eh\u00f3n as\u00e9 d\u00e9 UNHCR Verify MY app \u00f3r zagat [&hellip;]<\/p>\n","protected":false},"author":149,"featured_media":0,"parent":14011,"menu_order":0,"comment_status":"closed","ping_status":"closed","template":"","meta":{"_et_pb_use_builder":"on","_et_pb_old_content":"","_et_gb_content_width":"","_exactmetrics_skip_tracking":false,"_exactmetrics_sitenote_active":false,"_exactmetrics_sitenote_note":"","_exactmetrics_sitenote_category":0,"footnotes":""},"class_list":["post-14040","page","type-page","status-publish","hentry"],"_links":{"self":[{"href":"https:\/\/refugeemalaysia.org\/rh\/wp-json\/wp\/v2\/pages\/14040","targetHints":{"allow":["GET"]}}],"collection":[{"href":"https:\/\/refugeemalaysia.org\/rh\/wp-json\/wp\/v2\/pages"}],"about":[{"href":"https:\/\/refugeemalaysia.org\/rh\/wp-json\/wp\/v2\/types\/page"}],"author":[{"embeddable":true,"href":"https:\/\/refugeemalaysia.org\/rh\/wp-json\/wp\/v2\/users\/149"}],"replies":[{"embeddable":true,"href":"https:\/\/refugeemalaysia.org\/rh\/wp-json\/wp\/v2\/comments?post=14040"}],"version-history":[{"count":4,"href":"https:\/\/refugeemalaysia.org\/rh\/wp-json\/wp\/v2\/pages\/14040\/revisions"}],"predecessor-version":[{"id":54543,"href":"https:\/\/refugeemalaysia.org\/rh\/wp-json\/wp\/v2\/pages\/14040\/revisions\/54543"}],"up":[{"embeddable":true,"href":"https:\/\/refugeemalaysia.org\/rh\/wp-json\/wp\/v2\/pages\/14011"}],"wp:attachment":[{"href":"https:\/\/refugeemalaysia.org\/rh\/wp-json\/wp\/v2\/media?parent=14040"}],"curies":[{"name":"wp","href":"https:\/\/api.w.org\/{rel}","templated":true}]}}