{"id":16950,"date":"2021-03-31T15:10:48","date_gmt":"2021-03-31T07:10:48","guid":{"rendered":"https:\/\/refugeemalaysia.org\/support\/"},"modified":"2024-08-24T18:18:41","modified_gmt":"2024-08-24T10:18:41","slug":"modot","status":"publish","type":"page","link":"https:\/\/refugeemalaysia.org\/rh\/modot\/","title":{"rendered":"Modot"},"content":{"rendered":"<p>[et_pb_section fb_built=&#8221;1&#8243; fullwidth=&#8221;on&#8221; _builder_version=&#8221;4.16&#8243; _module_preset=&#8221;default&#8221; box_shadow_style=&#8221;preset3&#8243; global_colors_info=&#8221;{}&#8221;][et_pb_fullwidth_header title=&#8221;Modot&#8221; _builder_version=&#8221;4.16&#8243; _module_preset=&#8221;default&#8221; title_font=&#8221;Poppins|700||on|||||&#8221; title_text_align=&#8221;center&#8221; title_font_size=&#8221;40px&#8221; background_color=&#8221;#0072BC&#8221; custom_padding=&#8221;30px||30px||true|false&#8221; custom_padding_tablet=&#8221;20px||20px||true|false&#8221; custom_padding_phone=&#8221;10px||10px||true|false&#8221; custom_padding_last_edited=&#8221;on|desktop&#8221; title_font_size_tablet=&#8221;35px&#8221; title_font_size_phone=&#8221;30px&#8221; title_font_size_last_edited=&#8221;on|phone&#8221; global_colors_info=&#8221;{}&#8221;][\/et_pb_fullwidth_header][\/et_pb_section][et_pb_section fb_built=&#8221;1&#8243; _builder_version=&#8221;4.16&#8243; _module_preset=&#8221;default&#8221; global_colors_info=&#8221;{}&#8221;][et_pb_row _builder_version=&#8221;4.16&#8243; _module_preset=&#8221;default&#8221; global_colors_info=&#8221;{}&#8221;][et_pb_column type=&#8221;4_4&#8243; _builder_version=&#8221;4.16&#8243; _module_preset=&#8221;default&#8221; global_colors_info=&#8221;{}&#8221;][et_pb_text _builder_version=&#8221;4.16&#8243; _module_preset=&#8221;d44431ef-8fbc-4d1e-88ad-4630346ac862&#8243; text_orientation=&#8221;center&#8221; global_colors_info=&#8221;{}&#8221;]<\/p>\n<p>Tu\u00e1\u00f1re A\u00f1\u00e1ra Ke\u00e9ngor\u00ed Modot Gor\u00edfaijjumde?<\/p>\n<p>[\/et_pb_text][\/et_pb_column][\/et_pb_row][et_pb_row column_structure=&#8221;1_3,1_3,1_3&#8243; _builder_version=&#8221;4.16&#8243; _module_preset=&#8221;default&#8221; global_colors_info=&#8221;{}&#8221;][et_pb_column type=&#8221;1_3&#8243; _builder_version=&#8221;4.16&#8243; _module_preset=&#8221;default&#8221; global_colors_info=&#8221;{}&#8221;][et_pb_blurb title=&#8221;El\u00f3m&#8221; url=&#8221;https:\/\/refugeemalaysia.org\/rh\/modot\/elom\/&#8221; image=&#8221;https:\/\/refugeemalaysia.org\/wp-content\/uploads\/2021\/03\/education.jpg&#8221; alt=&#8221;UNHCR or El\u00f3m \u00f3r kh\u00e9dmot&#8221; _builder_version=&#8221;4.17.4&#8243; _module_preset=&#8221;400c1eab-ecf4-42a4-8778-d644fca64942&#8243; link_option_url=&#8221;https:\/\/refugeemalaysia.org\/rh\/modot\/elom\/&#8221; box_shadow_style_image=&#8221;preset1&#8243; global_colors_info=&#8221;{}&#8221;]<\/p>\n<p>El\u00f3m or mutaalek maalumat<\/p>\n<p>[\/et_pb_blurb][\/et_pb_column][et_pb_column type=&#8221;1_3&#8243; _builder_version=&#8221;4.16&#8243; _module_preset=&#8221;default&#8221; global_colors_info=&#8221;{}&#8221;][et_pb_blurb title=&#8221;Seh\u00e9tor H\u00e9dmot okk\u00f3l&#8221; url=&#8221;https:\/\/refugeemalaysia.org\/rh\/modot\/sehetor-khedmot-okkol\/&#8221; image=&#8221;https:\/\/refugeemalaysia.org\/wp-content\/uploads\/2021\/03\/health.jpg&#8221; alt=&#8221;UNHCR or Seh\u00e9ti H\u00e9dmot&#8221; _builder_version=&#8221;4.17.4&#8243; _module_preset=&#8221;default&#8221; link_option_url=&#8221;https:\/\/refugeemalaysia.org\/rh\/modot\/sehetor-khedmot-okkol\/&#8221; box_shadow_style_image=&#8221;preset1&#8243; global_colors_info=&#8221;{}&#8221;]<\/p>\n<p>Seh\u00e9t l\u00f3i ta&#8217;alluk as\u00e9de h\u00f3botbattiri loon<\/p>\n<p>[\/et_pb_blurb][\/et_pb_column][et_pb_column type=&#8221;1_3&#8243; _builder_version=&#8221;4.16&#8243; _module_preset=&#8221;default&#8221; global_colors_info=&#8221;{}&#8221;][et_pb_blurb title=&#8221;UNHCR loi doft\u00f3r \u00f3on&#8221; url=&#8221;https:\/\/refugeemalaysia.org\/rh\/modot\/unhcr-loi-doftor-oon\/&#8221; image=&#8221;https:\/\/refugeemalaysia.org\/wp-content\/uploads\/2021\/03\/registering-with-unhcr-1.jpg&#8221; alt=&#8221;UNHCR loi doft\u00f3r \u00f3on&#8221; _builder_version=&#8221;4.17.4&#8243; _module_preset=&#8221;default&#8221; link_option_url=&#8221;https:\/\/refugeemalaysia.org\/rh\/modot\/unhcr-loi-doftor-oon\/&#8221; box_shadow_style_image=&#8221;preset1&#8243; global_colors_info=&#8221;{}&#8221;]<\/p>\n<p style=\"text-align: center;\">A\u00f1\u00ed UNHCR ot ke\u00e9ngor\u00ed rejisthar go\u00edjjum?<\/p>\n<p>[\/et_pb_blurb][\/et_pb_column][\/et_pb_row][et_pb_row column_structure=&#8221;1_3,1_3,1_3&#8243; _builder_version=&#8221;4.16&#8243; _module_preset=&#8221;default&#8221; global_colors_info=&#8221;{}&#8221;][et_pb_column type=&#8221;1_3&#8243; _builder_version=&#8221;4.16&#8243; _module_preset=&#8221;default&#8221; global_colors_info=&#8221;{}&#8221;][et_pb_blurb title=&#8221;Dubara Boc\u00f3t\u00edgor\u00e1&#8221; url=&#8221;https:\/\/refugeemalaysia.org\/rh\/modot\/dubara-bocotigora\/&#8221; image=&#8221;https:\/\/refugeemalaysia.org\/wp-content\/uploads\/2021\/03\/resettlement.jpg&#8221; alt=&#8221;UNHCR or duara Dubara boic\u00f3b\u00e1c-gor\u00f3on&#8221; _builder_version=&#8221;4.17.4&#8243; _module_preset=&#8221;default&#8221; link_option_url=&#8221;https:\/\/refugeemalaysia.org\/rh\/modot\/dubara-bocotigora\/&#8221; box_shadow_style_image=&#8221;preset1&#8243; global_colors_info=&#8221;{}&#8221;]<\/p>\n<p>Arekk\u00e1n decot ot zoon.<\/p>\n<p>[\/et_pb_blurb][\/et_pb_column][et_pb_column type=&#8221;1_3&#8243; _builder_version=&#8221;4.16&#8243; _module_preset=&#8221;default&#8221; global_colors_info=&#8221;{}&#8221;][et_pb_blurb title=&#8221;Tonzim \u00f3kkol \u00f3lla modot or zoriya \u00f3kkol&#8221; url=&#8221;https:\/\/refugeemalaysia.org\/rh\/modot\/tonzim-okkol-olla-modot-or-zoriya-okkol\/&#8221; image=&#8221;https:\/\/refugeemalaysia.org\/wp-content\/uploads\/2021\/03\/info-for-organisation.jpg&#8221; alt=&#8221;Tonz\u00edim \u00f3kkol oll\u00e1 h\u00f3borbattiri&#8221; _builder_version=&#8221;4.17.4&#8243; _module_preset=&#8221;default&#8221; link_option_url=&#8221;https:\/\/refugeemalaysia.org\/rh\/modot\/tonzim-okkol-olla-modot-or-zoriya-okkol\/&#8221; box_shadow_style_image=&#8221;preset1&#8243; global_colors_info=&#8221;{}&#8221;]<\/p>\n<p style=\"text-align: center;\">Tonz\u00edim \u00f3kkol oll\u00e1 maalumat<\/p>\n<p>[\/et_pb_blurb][\/et_pb_column][et_pb_column type=&#8221;1_3&#8243; _builder_version=&#8221;4.16&#8243; _module_preset=&#8221;default&#8221; global_colors_info=&#8221;{}&#8221;][et_pb_blurb title=&#8221;KOV\u00cdD-19&#8243; url=&#8221;https:\/\/refugeemalaysia.org\/rh\/modot\/covid-19\/&#8221; image=&#8221;https:\/\/refugeemalaysia.org\/wp-content\/uploads\/2021\/06\/covid-19-blurb-e1623315779158.png&#8221; alt=&#8221;Tonz\u00edim \u00f3kkol oll\u00e1 h\u00f3borbattiri&#8221; _builder_version=&#8221;4.17.4&#8243; _module_preset=&#8221;default&#8221; link_option_url=&#8221;https:\/\/refugeemalaysia.org\/rh\/modot\/covid-19\/&#8221; box_shadow_style_image=&#8221;preset1&#8243; global_colors_info=&#8221;{}&#8221;]<\/p>\n<p style=\"text-align: center;\">KOV\u00cdD-19, V\u00e9ksin arde Solaib\u00e1r Est\u00e9ndad Torika \u00f3kkol<\/p>\n<p>[\/et_pb_blurb][\/et_pb_column][\/et_pb_row][et_pb_row column_structure=&#8221;1_3,1_3,1_3&#8243; _builder_version=&#8221;4.16&#8243; _module_preset=&#8221;default&#8221; global_colors_info=&#8221;{}&#8221;][et_pb_column type=&#8221;1_3&#8243; _builder_version=&#8221;4.16&#8243; _module_preset=&#8221;default&#8221; global_colors_info=&#8221;{}&#8221;][et_pb_blurb title=&#8221;Fuaind\u00f3r H\u00e9fazot&#8221; url=&#8221;https:\/\/refugeemalaysia.org\/rh\/modot\/child-protection\/&#8221; image=&#8221;https:\/\/refugeemalaysia.org\/wp-content\/uploads\/2021\/06\/child-protection-e1624509459528.jpg&#8221; alt=&#8221;Tonz\u00edim \u00f3kkol oll\u00e1 h\u00f3borbattiri&#8221; _builder_version=&#8221;4.17.4&#8243; _module_preset=&#8221;default&#8221; link_option_url=&#8221;https:\/\/refugeemalaysia.org\/rh\/modot\/child-protection\/&#8221; box_shadow_style_image=&#8221;preset1&#8243; global_colors_info=&#8221;{}&#8221;]<\/p>\n<p style=\"text-align: center;\">H\u00f3tarat as\u00e9de fuatt\u00fa lagedde modot ar bol<\/p>\n<p>[\/et_pb_blurb][\/et_pb_column][et_pb_column type=&#8221;1_3&#8243; _builder_version=&#8221;4.16&#8243; _module_preset=&#8221;default&#8221; global_colors_info=&#8221;{}&#8221;][et_pb_blurb title=&#8221;Morotmaiyar-b\u00e9dabetor F\u00f3sat&#8221; url=&#8221;https:\/\/refugeemalaysia.org\/rh\/modot\/mrotmaiyar-bedabetor-fosat\/&#8221; image=&#8221;https:\/\/refugeemalaysia.org\/wp-content\/uploads\/2021\/06\/look-outside-window-gbv-e1624509345120.jpg&#8221; alt=&#8221;Tonz\u00edim \u00f3kkol oll\u00e1 h\u00f3borbattiri&#8221; _builder_version=&#8221;4.17.4&#8243; _module_preset=&#8221;default&#8221; link_option_url=&#8221;https:\/\/refugeemalaysia.org\/rh\/modot\/mrotmaiyar-bedabetor-fosat\/&#8221; box_shadow_style_image=&#8221;preset1&#8243; global_colors_info=&#8221;{}&#8221;]<\/p>\n<p style=\"text-align: center;\">Morotmaiyar uore for\u00f3k gor\u00ed zul\u00fam-otthisar \u00f3r c\u00edkaar \u00f3ild\u00e9 h\u00e9ntu basi aicc\u00e9de h\u00edtarall\u00e1 modot<\/p>\n<p>[\/et_pb_blurb][\/et_pb_column][et_pb_column type=&#8221;1_3&#8243; _builder_version=&#8221;4.16&#8243; _module_preset=&#8221;default&#8221; global_colors_info=&#8221;{}&#8221;][et_pb_blurb title=&#8221;Ref\u00fajir Tobkar Mozbut F\u00e1isela&#8221; url=&#8221;https:\/\/refugeemalaysia.org\/rh\/modot\/refujir-tobkar-mozbut-faisela\/&#8221; image=&#8221;https:\/\/refugeemalaysia.org\/wp-content\/uploads\/2021\/07\/refugee-status-determination-e1626270637840.jpg&#8221; alt=&#8221;Tonz\u00edim \u00f3kkol oll\u00e1 h\u00f3borbattiri&#8221; _builder_version=&#8221;4.17.4&#8243; _module_preset=&#8221;default&#8221; link_option_url=&#8221;https:\/\/refugeemalaysia.org\/rh\/modot\/refujir-tobkar-mozbut-faisela\/&#8221; box_shadow_style_image=&#8221;preset1&#8243; global_colors_info=&#8221;{}&#8221;]<\/p>\n<p style=\"text-align: center;\">Maalumati h\u00e9fazot \u00f3re tuwadde man\u00faic oll\u00e1 karuwai.<\/p>\n<p>[\/et_pb_blurb][\/et_pb_column][\/et_pb_row][et_pb_row column_structure=&#8221;1_3,1_3,1_3&#8243; _builder_version=&#8221;4.16&#8243; _module_preset=&#8221;default&#8221; global_colors_info=&#8221;{}&#8221;][et_pb_column type=&#8221;1_3&#8243; _builder_version=&#8221;4.16&#8243; _module_preset=&#8221;default&#8221; global_colors_info=&#8221;{}&#8221;][et_pb_blurb title=&#8221;Dur\u00e9 T\u00e1ai gor\u00e9de Intarbyu \u00d3kkol&#8221; url=&#8221;https:\/\/refugeemalaysia.org\/rh\/modot\/dure-taai-gorede-tntarbyu-okkol\/&#8221; image=&#8221;https:\/\/refugeemalaysia.org\/wp-content\/uploads\/2022\/01\/remote-interview.jpg&#8221; alt=&#8221;Tonz\u00edim \u00f3kkol oll\u00e1 h\u00f3borbattiri&#8221; _builder_version=&#8221;4.17.4&#8243; _module_preset=&#8221;default&#8221; link_option_url=&#8221;https:\/\/refugeemalaysia.org\/rh\/modot\/dure-taai-gorede-tntarbyu-okkol\/&#8221; box_shadow_style_image=&#8221;preset1&#8243; global_colors_info=&#8221;{}&#8221;]<\/p>\n<p style=\"text-align: center;\">UNHCR \u00f3r dur\u00f3ttu t\u00e1ai gor\u00e9de intarbyu \u00f3kkol h\u00f3borbattirir baabote<\/p>\n<p>[\/et_pb_blurb][\/et_pb_column][et_pb_column type=&#8221;1_3&#8243; _builder_version=&#8221;4.16&#8243; _module_preset=&#8221;default&#8221; global_colors_info=&#8221;{}&#8221;][et_pb_blurb title=&#8221;Dhemaki S\u00e9het ar Nofs\u00f3yi Modot&#8221; url=&#8221;https:\/\/refugeemalaysia.org\/rh\/modot\/mental-health-psychosocial-support\/&#8221; image=&#8221;https:\/\/refugeemalaysia.org\/wp-content\/uploads\/2021\/10\/mental-health-psychosocial.jpg&#8221; alt=&#8221;Tonz\u00edim \u00f3kkol oll\u00e1 h\u00f3borbattiri&#8221; _builder_version=&#8221;4.17.4&#8243; _module_preset=&#8221;default&#8221; link_option_url=&#8221;https:\/\/refugeemalaysia.org\/rh\/modot\/mental-health-psychosocial-support\/&#8221; box_shadow_style_image=&#8221;preset1&#8243; global_colors_info=&#8221;{}&#8221;]<\/p>\n<p style=\"text-align: center;\">UNHCR or s\u00e1\u00f1ti jom\u00e1at \u00f3kkol \u00f3r torfott\u00fa modot or kh\u00e9dmot \u00f3kkol<\/p>\n<p>[\/et_pb_blurb][\/et_pb_column][et_pb_column type=&#8221;1_3&#8243; _builder_version=&#8221;4.16&#8243; _module_preset=&#8221;default&#8221; global_colors_info=&#8221;{}&#8221;][et_pb_blurb title=&#8221;F\u00f3kkorai ar Marih\u00f3on&#8221; url=&#8221;https:\/\/refugeemalaysia.org\/rh\/modot\/fokkorai-ar-marihoon\/&#8221; image=&#8221;https:\/\/refugeemalaysia.org\/wp-content\/uploads\/2021\/10\/fraud-and-corruption.jpg&#8221; alt=&#8221;Tonz\u00edim \u00f3kkol oll\u00e1 h\u00f3borbattiri&#8221; _builder_version=&#8221;4.17.4&#8243; _module_preset=&#8221;default&#8221; link_option_url=&#8221;https:\/\/refugeemalaysia.org\/rh\/modot\/fokkorai-ar-marihoon\/&#8221; box_shadow_style_image=&#8221;preset1&#8243; global_colors_info=&#8221;{}&#8221;]<\/p>\n<p style=\"text-align: center;\">F\u00f3kkorai ar D\u00fakab\u00e1zir baabote maalumat<\/p>\n<p>[\/et_pb_blurb][\/et_pb_column][\/et_pb_row][et_pb_row column_structure=&#8221;1_3,1_3,1_3&#8243; _builder_version=&#8221;4.16&#8243; _module_preset=&#8221;default&#8221; global_colors_info=&#8221;{}&#8221;][et_pb_column type=&#8221;1_3&#8243; _builder_version=&#8221;4.16&#8243; _module_preset=&#8221;default&#8221; global_colors_info=&#8221;{}&#8221;][et_pb_blurb title=&#8221;Nizor-issa F\u00e9rok\u00f3on&#8221; url=&#8221;https:\/\/refugeemalaysia.org\/rh\/modot\/voluntary-return\/&#8221; image=&#8221;https:\/\/refugeemalaysia.org\/wp-content\/uploads\/2021\/11\/voluntary-repatriation.jpg&#8221; alt=&#8221;UNHCR or duara Dubara boic\u00f3b\u00e1c-gor\u00f3on&#8221; _builder_version=&#8221;4.17.4&#8243; _module_preset=&#8221;default&#8221; link_option_url=&#8221;https:\/\/refugeemalaysia.org\/rh\/modot\/voluntary-return\/&#8221; box_shadow_style_image=&#8221;preset1&#8243; global_colors_info=&#8221;{}&#8221;]<\/p>\n<p style=\"text-align: center;\">G\u00f3r \u00f3t wapeszon<\/p>\n<p>[\/et_pb_blurb][\/et_pb_column][et_pb_column type=&#8221;1_3&#8243; _builder_version=&#8221;4.16&#8243; _module_preset=&#8221;default&#8221; global_colors_info=&#8221;{}&#8221;][et_pb_blurb title=&#8221;Bewot\u00f3ni&#8221; url=&#8221;https:\/\/refugeemalaysia.org\/rh\/modot\/bewotoni\/&#8221; image=&#8221;https:\/\/refugeemalaysia.org\/wp-content\/uploads\/2022\/04\/statelessness.jpg&#8221; alt=&#8221;UNHCR or duara Dubara boic\u00f3b\u00e1c-gor\u00f3on&#8221; disabled_on=&#8221;off|off|off&#8221; _builder_version=&#8221;4.17.4&#8243; _module_preset=&#8221;default&#8221; link_option_url=&#8221;https:\/\/refugeemalaysia.org\/rh\/modot\/bewotoni\/&#8221; box_shadow_style_image=&#8221;preset1&#8243; global_colors_info=&#8221;{}&#8221;]<\/p>\n<p style=\"text-align: center;\">Bewot\u00f3nir baabute maalumat<\/p>\n<p>[\/et_pb_blurb][\/et_pb_column][et_pb_column type=&#8221;1_3&#8243; _builder_version=&#8221;4.16&#8243; _module_preset=&#8221;default&#8221; global_colors_info=&#8221;{}&#8221;][et_pb_blurb title=&#8221;UNHCR Dokumen Y\u00e1 Habosfonna \u00d3kkol&#8221; url=&#8221;https:\/\/refugeemalaysia.org\/rh\/modot\/unhcr-dokumen-okkol\/&#8221; image=&#8221;https:\/\/refugeemalaysia.org\/wp-content\/uploads\/2021\/12\/unhcr-document-number-guide.jpeg&#8221; alt=&#8221;UNHCR or duara Dubara boic\u00f3b\u00e1c-gor\u00f3on&#8221; disabled_on=&#8221;off|off|off&#8221; _builder_version=&#8221;4.17.4&#8243; _module_preset=&#8221;default&#8221; link_option_url=&#8221;https:\/\/refugeemalaysia.org\/rh\/modot\/unhcr-dokumen-okkol\/&#8221; box_shadow_style_image=&#8221;preset1&#8243; global_colors_info=&#8221;{}&#8221;]<\/p>\n<p style=\"text-align: center;\">UNHCR dokum\u00e9n or baabute maalumat<\/p>\n<p>[\/et_pb_blurb][\/et_pb_column][\/et_pb_row][et_pb_row column_structure=&#8221;1_3,1_3,1_3&#8243; _builder_version=&#8221;4.16&#8243; _module_preset=&#8221;default&#8221; global_colors_info=&#8221;{}&#8221;][et_pb_column type=&#8221;1_3&#8243; _builder_version=&#8221;4.16&#8243; _module_preset=&#8221;default&#8221; global_colors_info=&#8221;{}&#8221;][et_pb_blurb title=&#8221;Taalukgor\u00e1r Jin\u00edc \u00d3kkol or Gudam&#8221; url=&#8221;https:\/\/refugeemalaysia.org\/rh\/modot\/taalukgorar-jinic-okkol-or-gudam\/&#8221; image=&#8221;https:\/\/refugeemalaysia.org\/wp-content\/uploads\/2022\/05\/communication-materials-repository-1.jpg&#8221; alt=&#8221;UNHCR or duara Dubara boic\u00f3b\u00e1c-gor\u00f3on&#8221; _builder_version=&#8221;4.17.4&#8243; _module_preset=&#8221;default&#8221; link_option_url=&#8221;https:\/\/refugeemalaysia.org\/rh\/modot\/taalukgorar-jinic-okkol-or-gudam\/&#8221; box_shadow_style_image=&#8221;preset1&#8243; global_colors_info=&#8221;{}&#8221;]<\/p>\n<p style=\"text-align: center;\">Jin\u00edc dounl\u00fadh g\u00f3ri c\u00edarg\u00f3ro<\/p>\n<p>[\/et_pb_blurb][\/et_pb_column][et_pb_column type=&#8221;1_3&#8243; _builder_version=&#8221;4.16&#8243; _module_preset=&#8221;default&#8221; global_colors_info=&#8221;{}&#8221;][et_pb_blurb title=&#8221;Zindigi Gor\u00e1r Zoriya \u00d3kkol&#8221; url=&#8221;https:\/\/refugeemalaysia.org\/rh\/modot\/zindigi-gorar-zoriya-okkol\/&#8221; image=&#8221;https:\/\/refugeemalaysia.org\/wp-content\/uploads\/2022\/07\/livelihoods.jpeg&#8221; alt=&#8221;UNHCR or duara Dubara boic\u00f3b\u00e1c-gor\u00f3on&#8221; disabled_on=&#8221;off|off|off&#8221; _builder_version=&#8221;4.17.4&#8243; _module_preset=&#8221;default&#8221; background_enable_image=&#8221;off&#8221; link_option_url=&#8221;https:\/\/refugeemalaysia.org\/rh\/modot\/zindigi-gorar-zoriya-okkol\/&#8221; box_shadow_style_image=&#8221;preset1&#8243; global_colors_info=&#8221;{}&#8221;]<\/p>\n<p style=\"text-align: center;\">Nogot thia\u00f1r modot arde hamor zagar modot<\/p>\n<p>[\/et_pb_blurb][\/et_pb_column][et_pb_column type=&#8221;1_3&#8243; _builder_version=&#8221;4.16&#8243; _module_preset=&#8221;default&#8221; global_colors_info=&#8221;{}&#8221;][et_pb_blurb title=&#8221;Kaanuni H\u00e9fazot&#8221; url=&#8221;https:\/\/refugeemalaysia.org\/rh\/modot\/kaanuni-hefazot\/&#8221; image=&#8221;https:\/\/refugeemalaysia.org\/wp-content\/uploads\/2022\/11\/legal-protection.jpeg&#8221; alt=&#8221;UNHCR or duara Dubara boic\u00f3b\u00e1c-gor\u00f3on&#8221; disabled_on=&#8221;off|off|off&#8221; _builder_version=&#8221;4.17.4&#8243; _module_preset=&#8221;default&#8221; background_enable_image=&#8221;off&#8221; link_option_url=&#8221;https:\/\/refugeemalaysia.org\/rh\/modot\/kaanuni-hefazot\/&#8221; box_shadow_style_image=&#8221;preset1&#8243; global_colors_info=&#8221;{}&#8221;]<\/p>\n<p style=\"text-align: center;\">Kaanuni h\u00e9fat or mutaalek maalumat<\/p>\n<p>[\/et_pb_blurb][\/et_pb_column][\/et_pb_row][et_pb_row column_structure=&#8221;1_3,1_3,1_3&#8243; _builder_version=&#8221;4.16&#8243; _module_preset=&#8221;default&#8221; global_colors_info=&#8221;{}&#8221;][et_pb_column type=&#8221;1_3&#8243; _builder_version=&#8221;4.16&#8243; _module_preset=&#8221;default&#8221; global_colors_info=&#8221;{}&#8221;][et_pb_blurb title=&#8221;Muk\u00f3mmol Rasta \u00d3kkol&#8221; url=&#8221;https:\/\/refugeemalaysia.org\/rh\/modot\/mukommol-rasta-okkol\/&#8221; image=&#8221;https:\/\/refugeemalaysia.org\/wp-content\/uploads\/2023\/06\/complementary-pathways.jpg&#8221; alt=&#8221;UNHCR or duara Dubara boic\u00f3b\u00e1c-gor\u00f3on&#8221; _builder_version=&#8221;4.21.0&#8243; _module_preset=&#8221;default&#8221; link_option_url=&#8221;https:\/\/refugeemalaysia.org\/rh\/modot\/mukommol-rasta-okkol\/&#8221; box_shadow_style_image=&#8221;preset1&#8243; global_colors_info=&#8221;{}&#8221;]<\/p>\n<p style=\"text-align: center;\">Arekk\u00e1n decot ot zoon.<\/p>\n<p>[\/et_pb_blurb][\/et_pb_column][et_pb_column type=&#8221;1_3&#8243; _builder_version=&#8221;4.16&#8243; _module_preset=&#8221;default&#8221; global_colors_info=&#8221;{}&#8221;][et_pb_blurb title=&#8221;Dukabazi \u00d3kkol \u00d3ttu H\u00fa\u00f1ciar Tak\u00f3o&#8221; url=&#8221;https:\/\/refugeemalaysia.org\/support\/beware-of-scams\/&#8221; image=&#8221;https:\/\/refugeemalaysia.org\/wp-content\/uploads\/2023\/08\/beware-of-scams-suit.jpg&#8221; alt=&#8221;UNHCR or duara Dubara boic\u00f3b\u00e1c-gor\u00f3on&#8221; disabled_on=&#8221;off|off|off&#8221; _builder_version=&#8221;4.23.1&#8243; _module_preset=&#8221;default&#8221; link_option_url=&#8221;https:\/\/refugeemalaysia.org\/support\/beware-of-scams\/&#8221; box_shadow_style_image=&#8221;preset1&#8243; global_colors_info=&#8221;{}&#8221;]<\/p>\n<p style=\"text-align: center;\">D\u00fakabazi \u00f3kkol or mutaalek maalumat<\/p>\n<p>[\/et_pb_blurb][\/et_pb_column][et_pb_column type=&#8221;1_3&#8243; _builder_version=&#8221;4.16&#8243; _module_preset=&#8221;default&#8221; global_colors_info=&#8221;{}&#8221;][et_pb_blurb title=&#8221;C\u00f3oroh er H\u00e1lotor Uor Z\u00faka&#8221; url=&#8221;https:\/\/refugeemalaysia.org\/support\/cultural-orientation\/&#8221; image=&#8221;https:\/\/refugeemalaysia.org\/wp-content\/uploads\/2024\/01\/kuala-lumpur-skyline.jpg&#8221; alt=&#8221;UNHCR or duara Dubara boic\u00f3b\u00e1c-gor\u00f3on&#8221; disabled_on=&#8221;off|off|off&#8221; _builder_version=&#8221;4.23.4&#8243; _module_preset=&#8221;default&#8221; link_option_url=&#8221;https:\/\/refugeemalaysia.org\/support\/cultural-orientation\/&#8221; hover_enabled=&#8221;0&#8243; box_shadow_style_image=&#8221;preset1&#8243; global_colors_info=&#8221;{}&#8221; sticky_enabled=&#8221;0&#8243;]<\/p>\n<p style=\"text-align: center;\">Malaysia&#8217;r c\u00f3oroh \u00f3kkol or baabute h\u00e9dayot<\/p>\n<p>[\/et_pb_blurb][\/et_pb_column][\/et_pb_row][\/et_pb_section]<\/p>\n","protected":false},"excerpt":{"rendered":"<p>Tu\u00e1\u00f1re A\u00f1\u00e1ra Ke\u00e9ngor\u00ed Modot Gor\u00edfaijjumde?El\u00f3m or mutaalek maalumatSeh\u00e9t l\u00f3i ta&#8217;alluk as\u00e9de h\u00f3botbattiri loonA\u00f1\u00ed UNHCR ot ke\u00e9ngor\u00ed rejisthar go\u00edjjum?Arekk\u00e1n decot ot zoon.Tonz\u00edim \u00f3kkol oll\u00e1 maalumatKOV\u00cdD-19, V\u00e9ksin arde Solaib\u00e1r Est\u00e9ndad Torika \u00f3kkolH\u00f3tarat as\u00e9de fuatt\u00fa lagedde modot ar bolMorotmaiyar uore for\u00f3k gor\u00ed zul\u00fam-otthisar \u00f3r c\u00edkaar \u00f3ild\u00e9 h\u00e9ntu basi aicc\u00e9de h\u00edtarall\u00e1 modotMaalumati h\u00e9fazot \u00f3re tuwadde man\u00faic oll\u00e1 karuwai.UNHCR \u00f3r [&hellip;]<\/p>\n","protected":false},"author":149,"featured_media":0,"parent":0,"menu_order":0,"comment_status":"closed","ping_status":"closed","template":"","meta":{"_et_pb_use_builder":"on","_et_pb_old_content":"","_et_gb_content_width":"","_exactmetrics_skip_tracking":false,"_exactmetrics_sitenote_active":false,"_exactmetrics_sitenote_note":"","_exactmetrics_sitenote_category":0,"footnotes":""},"class_list":["post-16950","page","type-page","status-publish","hentry"],"_links":{"self":[{"href":"https:\/\/refugeemalaysia.org\/rh\/wp-json\/wp\/v2\/pages\/16950","targetHints":{"allow":["GET"]}}],"collection":[{"href":"https:\/\/refugeemalaysia.org\/rh\/wp-json\/wp\/v2\/pages"}],"about":[{"href":"https:\/\/refugeemalaysia.org\/rh\/wp-json\/wp\/v2\/types\/page"}],"author":[{"embeddable":true,"href":"https:\/\/refugeemalaysia.org\/rh\/wp-json\/wp\/v2\/users\/149"}],"replies":[{"embeddable":true,"href":"https:\/\/refugeemalaysia.org\/rh\/wp-json\/wp\/v2\/comments?post=16950"}],"version-history":[{"count":13,"href":"https:\/\/refugeemalaysia.org\/rh\/wp-json\/wp\/v2\/pages\/16950\/revisions"}],"predecessor-version":[{"id":54553,"href":"https:\/\/refugeemalaysia.org\/rh\/wp-json\/wp\/v2\/pages\/16950\/revisions\/54553"}],"wp:attachment":[{"href":"https:\/\/refugeemalaysia.org\/rh\/wp-json\/wp\/v2\/media?parent=16950"}],"curies":[{"name":"wp","href":"https:\/\/api.w.org\/{rel}","templated":true}]}}