{"id":27126,"date":"2021-10-11T13:24:20","date_gmt":"2021-10-11T05:24:20","guid":{"rendered":"https:\/\/refugeemalaysia.org\/support\/remote-interviews\/"},"modified":"2024-09-09T16:28:22","modified_gmt":"2024-09-09T08:28:22","slug":"dure-taai-gorede-tntarbyu-okkol","status":"publish","type":"page","link":"https:\/\/refugeemalaysia.org\/rh\/modot\/dure-taai-gorede-tntarbyu-okkol\/","title":{"rendered":"Dur\u00e9 T\u00e1ai gor\u00e9de Intarbyu \u00d3kkol"},"content":{"rendered":"<p>[et_pb_section fb_built=&#8221;1&#8243; admin_label=&#8221;Hero&#8221; _builder_version=&#8221;4.16&#8243; use_background_color_gradient=&#8221;on&#8221; background_color_gradient_stops=&#8221;rgba(0,0,0,0.4) 0%|rgba(0,0,0,0.4) 100%&#8221; background_color_gradient_overlays_image=&#8221;on&#8221; background_color_gradient_start=&#8221;rgba(0,0,0,0.4)&#8221; background_color_gradient_end=&#8221;rgba(0,0,0,0.4)&#8221; background_image=&#8221;https:\/\/refugeemalaysia.org\/wp-content\/uploads\/2022\/01\/remote-interview.jpg&#8221; custom_padding=&#8221;110px|0px|110px|0px|false|false&#8221; animation_style=&#8221;zoom&#8221; animation_intensity_zoom=&#8221;3%&#8221; global_colors_info=&#8221;{}&#8221;][et_pb_row use_custom_gutter=&#8221;on&#8221; gutter_width=&#8221;1&#8243; make_equal=&#8221;on&#8221; _builder_version=&#8221;4.16&#8243; _module_preset=&#8221;default&#8221; custom_padding=&#8221;0px||0px||true|false&#8221; global_colors_info=&#8221;{}&#8221;][et_pb_column type=&#8221;4_4&#8243; _builder_version=&#8221;4.16&#8243; _module_preset=&#8221;default&#8221; global_colors_info=&#8221;{}&#8221;][et_pb_text _builder_version=&#8221;4.16&#8243; _module_preset=&#8221;default&#8221; header_font=&#8221;Poppins|600||on|||||&#8221; header_text_align=&#8221;center&#8221; header_text_color=&#8221;#FFFFFF&#8221; header_font_size=&#8221;48px&#8221; header_font_size_tablet=&#8221;&#8221; header_font_size_phone=&#8221;45px&#8221; header_font_size_last_edited=&#8221;on|phone&#8221; header_text_shadow_style=&#8221;preset3&#8243; global_colors_info=&#8221;{}&#8221;]<\/p>\n<h1>Dur\u00e9 T\u00e1ai gor\u00e9de Intarbyu \u00d3kkol<\/h1>\n<p>[\/et_pb_text][\/et_pb_column][\/et_pb_row][\/et_pb_section][et_pb_section fb_built=&#8221;1&#8243; _builder_version=&#8221;4.16&#8243; _module_preset=&#8221;default&#8221; global_colors_info=&#8221;{}&#8221;][et_pb_row _builder_version=&#8221;4.16&#8243; _module_preset=&#8221;default&#8221; global_colors_info=&#8221;{}&#8221;][et_pb_column type=&#8221;4_4&#8243; _builder_version=&#8221;4.16&#8243; _module_preset=&#8221;default&#8221; global_colors_info=&#8221;{}&#8221;][et_pb_text _builder_version=&#8221;4.21.0&#8243; _module_preset=&#8221;default&#8221; hover_enabled=&#8221;0&#8243; global_colors_info=&#8221;{}&#8221; sticky_enabled=&#8221;0&#8243;]<\/p>\n<p>Malaysiar UNHCR re ref\u00faji \u00f3kkol arde s\u00e1ara-tuwouya \u00f3kkol loi UNHCR Reception Centre y\u00e1ni UNHCR Of\u00eds \u00f3t h\u00e1mic\u00e1 mu\u00fand\u00e9ikka bo\u00f3i intarbyu \u00f3kkol gor\u00e9. Za\u00e1 \u00f3uk, UNHCR re seh\u00e9t ar\/y\u00e1 tah\u00e1f\u00fas or biasana r\u00e9 mu\u00fant\u00f3 rak\u00ed ekk\u00e1n gair-maamuli h\u00e1lot or uore dur\u00e9 t\u00e1ai intarbyu gor\u00edtf\u00e1re.<\/p>\n<p>[\/et_pb_text][\/et_pb_column][\/et_pb_row][\/et_pb_section]<\/p>\n","protected":false},"excerpt":{"rendered":"<p>Dur\u00e9 T\u00e1ai gor\u00e9de Intarbyu \u00d3kkolMalaysiar UNHCR re ref\u00faji \u00f3kkol arde s\u00e1ara-tuwouya \u00f3kkol loi UNHCR Reception Centre y\u00e1ni UNHCR Of\u00eds \u00f3t h\u00e1mic\u00e1 mu\u00fand\u00e9ikka bo\u00f3i intarbyu \u00f3kkol gor\u00e9. Za\u00e1 \u00f3uk, UNHCR re seh\u00e9t ar\/y\u00e1 tah\u00e1f\u00fas or biasana r\u00e9 mu\u00fant\u00f3 rak\u00ed ekk\u00e1n gair-maamuli h\u00e1lot or uore dur\u00e9 t\u00e1ai intarbyu gor\u00edtf\u00e1re.<\/p>\n","protected":false},"author":149,"featured_media":0,"parent":16950,"menu_order":0,"comment_status":"closed","ping_status":"closed","template":"","meta":{"_et_pb_use_builder":"on","_et_pb_old_content":"","_et_gb_content_width":"","_exactmetrics_skip_tracking":false,"_exactmetrics_sitenote_active":false,"_exactmetrics_sitenote_note":"","_exactmetrics_sitenote_category":0,"footnotes":""},"class_list":["post-27126","page","type-page","status-publish","hentry"],"_links":{"self":[{"href":"https:\/\/refugeemalaysia.org\/rh\/wp-json\/wp\/v2\/pages\/27126","targetHints":{"allow":["GET"]}}],"collection":[{"href":"https:\/\/refugeemalaysia.org\/rh\/wp-json\/wp\/v2\/pages"}],"about":[{"href":"https:\/\/refugeemalaysia.org\/rh\/wp-json\/wp\/v2\/types\/page"}],"author":[{"embeddable":true,"href":"https:\/\/refugeemalaysia.org\/rh\/wp-json\/wp\/v2\/users\/149"}],"replies":[{"embeddable":true,"href":"https:\/\/refugeemalaysia.org\/rh\/wp-json\/wp\/v2\/comments?post=27126"}],"version-history":[{"count":14,"href":"https:\/\/refugeemalaysia.org\/rh\/wp-json\/wp\/v2\/pages\/27126\/revisions"}],"predecessor-version":[{"id":54839,"href":"https:\/\/refugeemalaysia.org\/rh\/wp-json\/wp\/v2\/pages\/27126\/revisions\/54839"}],"up":[{"embeddable":true,"href":"https:\/\/refugeemalaysia.org\/rh\/wp-json\/wp\/v2\/pages\/16950"}],"wp:attachment":[{"href":"https:\/\/refugeemalaysia.org\/rh\/wp-json\/wp\/v2\/media?parent=27126"}],"curies":[{"name":"wp","href":"https:\/\/api.w.org\/{rel}","templated":true}]}}