{"id":37660,"date":"2021-11-15T18:06:46","date_gmt":"2021-11-15T10:06:46","guid":{"rendered":"https:\/\/refugeemalaysia.org\/support\/nizor-icca-ferokoon\/nizor-icca-ferokoon-faq\/"},"modified":"2024-09-13T11:19:45","modified_gmt":"2024-09-13T03:19:45","slug":"voluntary-return-faq","status":"publish","type":"page","link":"https:\/\/refugeemalaysia.org\/rh\/modot\/voluntary-return\/voluntary-return-faq\/","title":{"rendered":"Nizor Eradai Wapeszon (BFS)"},"content":{"rendered":"<p>[et_pb_section fb_built=&#8221;1&#8243; admin_label=&#8221;Hero&#8221; _builder_version=&#8221;4.16&#8243; use_background_color_gradient=&#8221;on&#8221; background_color_gradient_stops=&#8221;rgba(0,0,0,0.4) 0%|rgba(0,0,0,0.4) 100%&#8221; background_color_gradient_overlays_image=&#8221;on&#8221; background_color_gradient_start=&#8221;rgba(0,0,0,0.4)&#8221; background_color_gradient_end=&#8221;rgba(0,0,0,0.4)&#8221; background_image=&#8221;https:\/\/refugeemalaysia.org\/wp-content\/uploads\/2021\/11\/voluntary-repatriation.jpg&#8221; custom_padding=&#8221;110px|0px|110px|0px|false|false&#8221; animation_style=&#8221;zoom&#8221; animation_intensity_zoom=&#8221;3%&#8221; global_colors_info=&#8221;{}&#8221;][et_pb_row use_custom_gutter=&#8221;on&#8221; gutter_width=&#8221;1&#8243; make_equal=&#8221;on&#8221; _builder_version=&#8221;4.16&#8243; _module_preset=&#8221;default&#8221; custom_padding=&#8221;0px||0px||true|false&#8221; global_colors_info=&#8221;{}&#8221;][et_pb_column type=&#8221;4_4&#8243; _builder_version=&#8221;4.16&#8243; _module_preset=&#8221;default&#8221; global_colors_info=&#8221;{}&#8221;][et_pb_text _builder_version=&#8221;4.16&#8243; _module_preset=&#8221;default&#8221; header_font=&#8221;Poppins|600||on|||||&#8221; header_text_align=&#8221;center&#8221; header_text_color=&#8221;#FFFFFF&#8221; header_font_size=&#8221;50px&#8221; header_text_shadow_style=&#8221;preset3&#8243; global_colors_info=&#8221;{}&#8221;]<\/p>\n<h1>Nizor Eradai Wapeszon (BFS)<\/h1>\n<p>[\/et_pb_text][\/et_pb_column][\/et_pb_row][\/et_pb_section][et_pb_section fb_built=&#8221;1&#8243; _builder_version=&#8221;4.16&#8243; _module_preset=&#8221;default&#8221; global_colors_info=&#8221;{}&#8221;][et_pb_row _builder_version=&#8221;4.16&#8243; _module_preset=&#8221;default&#8221; global_colors_info=&#8221;{}&#8221;][et_pb_column type=&#8221;4_4&#8243; _builder_version=&#8221;4.16&#8243; _module_preset=&#8221;default&#8221; global_colors_info=&#8221;{}&#8221;][et_pb_text _builder_version=&#8221;4.16&#8243; _module_preset=&#8221;default&#8221; global_colors_info=&#8221;{}&#8221;]<\/p>\n<p>Nizor Eradai Wapeszon or uore Barb\u00e1r Fus\u00e1r goragiy\u00e9d\u00e9 S\u00faal \u00f3kkol (BFS) \u00f3t estekbal gor\u00edr. E\u00e7\u00e9, tu\u00f1i nizor icc\u00e1 wot\u00f3n waapesir karwair uore ar\u00f3 bic\u00ed tofsili maalumat tuaifaiba,<\/p>\n<p>[\/et_pb_text][\/et_pb_column][\/et_pb_row][et_pb_row _builder_version=&#8221;4.24.0&#8243; _module_preset=&#8221;default&#8221; global_colors_info=&#8221;{}&#8221;][et_pb_column type=&#8221;4_4&#8243; _builder_version=&#8221;4.24.0&#8243; _module_preset=&#8221;default&#8221; global_colors_info=&#8221;{}&#8221;][et_pb_text _builder_version=&#8221;4.24.0&#8243; _module_preset=&#8221;default&#8221; text_font=&#8221;Poppins|700|||||||&#8221; locked=&#8221;off&#8221; global_colors_info=&#8221;{}&#8221;]Nizor icc\u00e1 F\u00e9rok\u00f3on or uore \u00c1am ar H\u00e1as Keis or Maalumat H\u00e1\u00f1sil-gor\u00f3on.[\/et_pb_text][dsm_faq dsm_accordion_gap=&#8221;20px&#8221; dsm_make_accordion_toggle=&#8221;on&#8221; dsm_open_faq_item=&#8221;on&#8221; dsm_enable_schema_markup=&#8221;on&#8221; dsm_open_toggle_margin=&#8221;||||false|false&#8221; dsm_open_toggle_padding=&#8221;||||false|false&#8221; dsm_close_bg_color=&#8221;#0072BC&#8221; dsm_open_font_icon=&#8221;&#x4b;||divi||400&#8243; dsm_close_font_icon=&#8221;&#x43;||divi||400&#8243; dsm_close_icon_color=&#8221;#FFFFFF&#8221; dsm_animate_icon=&#8221;on&#8221; dsm_icon_placement=&#8221;right&#8221; dsm_content_margin=&#8221;||||false|false&#8221; dsm_content_padding=&#8221;30px||||false|false&#8221; _builder_version=&#8221;4.24.2&#8243; _module_preset=&#8221;default&#8221; header_level=&#8221;h4&#8243; header_font=&#8221;Poppins|700|||||||&#8221; closed_header_font=&#8221;Poppins|700|||||||&#8221; closed_header_text_color=&#8221;#FFFFFF&#8221; content_font=&#8221;Poppins||||||||&#8221; content_font_size=&#8221;16px&#8221; custom_margin=&#8221;||||false|false&#8221; custom_padding=&#8221;||||false|false&#8221; hover_enabled=&#8221;0&#8243; border_radii_dsm_toggle_open_border=&#8221;on|10px|10px|10px|10px&#8221; border_width_all_dsm_toggle_open_border=&#8221;1px&#8221; border_color_all_dsm_toggle_open_border=&#8221;#0072BC&#8221; border_radii_dsm_toggle_closed_border=&#8221;on|10px|10px|10px|10px&#8221; global_colors_info=&#8221;{}&#8221; sticky_enabled=&#8221;0&#8243;][dsm_faq_child dsm_title=&#8221;UNHCR or zimmadarir b\u00fatore, a\u00f1\u00e1i k\u00faciy\u00e9-k\u00faciy\u00e9 nizor dec\u00f3t wapes f\u00edri zaiboill\u00e1 h\u00f3borbattiri ho\u00e7\u00e9 tuai faiyoum de?&#8221; dsm_content=&#8221;<\/p>\n<p>Nizor Eradai Wapeszon or Uroe lek\u00e1 UNHCR or \u00c1tor Kitab \u00f3t UNHCR or nizor eradai wapeszon or fol\u00f3si arde rewaj or baabute fura maalumat \u00f3kkol de. E <a href=%22https:\/\/www.unhcr.org\/en-my\/publications\/legal\/3bfe68d32\/handbook-voluntary-repatriation-international-protection.html?query=handbook%20voluntary%20repatriation%22 data-et-target-link=%22_blank%22 rel=%22noopener%22>\u00e1tor-kitab<\/a> gw\u00e1 uggwa a\u00e1m maincor habosfonna.<\/p>\n<p>&#8221; _builder_version=&#8221;4.24.2&#8243; _module_preset=&#8221;default&#8221; hover_enabled=&#8221;0&#8243; global_colors_info=&#8221;{}&#8221; parentOrderClass=&#8221;dsm_faq_2&#8243; sticky_enabled=&#8221;0&#8243;][\/dsm_faq_child][dsm_faq_child dsm_title=&#8221;A\u00f1\u00e1i Durable Solution Unit l\u00f3i nize-nize k\u00faciy\u00e9-k\u00faciy\u00e9 wapes dec\u00f3t f\u00edrizaibar mocuwarar kel\u00e1s \u00f3t utt\u00ed. T\u00f3ile h\u00edyar baade a\u00f1\u00e1i Durable Solutions Unit \u00f3re a\u00f1\u00e1r wapesir entezam \u00f3kkol \u00f3r uore taza h\u00f3bor \u00f3kkol oll\u00e1 zukazuk gor\u00ed faijjum n\u00e9?&#8221; dsm_content=&#8221;<\/p>\n<p>Doft\u00f3r \u00f3t a\u00ed, ci\u00e7\u00ed, fax y\u00e1to email \u00f3kkol b\u00e9j\u00ed, Deriye tikede H\u00e1l or Yunith loi zukazuk gor\u00ed b\u00e9lla \u00e9\u00e7e dorhar n\u00f3o. Thiked\u00e9 H\u00f3lgor\u00e1r Yunit y\u00e1ni DSU ye tu\u00e1\u00f1r\u00e9 taaluk gor\u00edbo zodi tu\u00e1\u00f1r nizor eradai wapeszon or baabute ar\u00f3 antazlagon arde\/y\u00e1 modot gor\u00f3on \u00f3lla zehon\u00f3 g\u00farig\u00fari t\u00e1ker de mos\u00f3la h\u00f3lg\u00f3itte zorurot as\u00e9 d\u00e9 \u00f3ile. \u00c9h\u00f3talla, tu\u00e1\u00f1r telif\u00fan nomb\u00f3r arde email th\u00edkana \u00f3kkol or\u00e9 <a href=%22https:\/\/refugeemalaysia.org\/rh\/taalukat\/%22>Taalukgor\u00e1r F\u00f3rom<\/a> mw\u00e1 furagor\u00ed UNHCR \u00f3t apd\u00e9it gor\u00f3on nan zoruri taak\u00e9 zorurot \u00f3ile of\u00eds e tu\u00e1\u00f1r l\u00f3i taaluk gor\u00ed farefan. <\/p>\n<p>&#8221; _builder_version=&#8221;4.24.2&#8243; _module_preset=&#8221;default&#8221; hover_enabled=&#8221;0&#8243; global_colors_info=&#8221;{}&#8221; parentOrderClass=&#8221;dsm_faq_2&#8243; sticky_enabled=&#8221;0&#8243;][\/dsm_faq_child][\/dsm_faq][\/et_pb_column][\/et_pb_row][et_pb_row _builder_version=&#8221;4.24.0&#8243; _module_preset=&#8221;default&#8221; global_colors_info=&#8221;{}&#8221;][et_pb_column type=&#8221;4_4&#8243; _builder_version=&#8221;4.24.0&#8243; _module_preset=&#8221;default&#8221; global_colors_info=&#8221;{}&#8221;][et_pb_text _builder_version=&#8221;4.24.0&#8243; _module_preset=&#8221;default&#8221; text_font=&#8221;Poppins|700|||||||&#8221; locked=&#8221;off&#8221; global_colors_info=&#8221;{}&#8221;]Nizor-icc\u00e1 F\u00e9rok\u00f3on \u00f3t UNHCR Malaysia Bhagidaarir Daayera.[\/et_pb_text][dsm_faq dsm_accordion_gap=&#8221;20px&#8221; dsm_make_accordion_toggle=&#8221;on&#8221; dsm_open_faq_item=&#8221;on&#8221; dsm_enable_schema_markup=&#8221;on&#8221; dsm_open_toggle_margin=&#8221;||||false|false&#8221; dsm_open_toggle_padding=&#8221;||||false|false&#8221; dsm_close_bg_color=&#8221;#0072BC&#8221; dsm_open_font_icon=&#8221;&#x4b;||divi||400&#8243; dsm_close_font_icon=&#8221;&#x43;||divi||400&#8243; dsm_close_icon_color=&#8221;#FFFFFF&#8221; dsm_animate_icon=&#8221;on&#8221; dsm_icon_placement=&#8221;right&#8221; dsm_content_margin=&#8221;||||false|false&#8221; dsm_content_padding=&#8221;30px||||false|false&#8221; _builder_version=&#8221;4.24.2&#8243; _module_preset=&#8221;default&#8221; header_level=&#8221;h4&#8243; header_font=&#8221;Poppins|700|||||||&#8221; closed_header_font=&#8221;Poppins|700|||||||&#8221; closed_header_text_color=&#8221;#FFFFFF&#8221; content_font=&#8221;Poppins||||||||&#8221; content_font_size=&#8221;16px&#8221; custom_margin=&#8221;||||false|false&#8221; custom_padding=&#8221;||||false|false&#8221; hover_enabled=&#8221;0&#8243; border_radii_dsm_toggle_open_border=&#8221;on|10px|10px|10px|10px&#8221; border_width_all_dsm_toggle_open_border=&#8221;1px&#8221; border_color_all_dsm_toggle_open_border=&#8221;#0072BC&#8221; border_radii_dsm_toggle_closed_border=&#8221;on|10px|10px|10px|10px&#8221; global_colors_info=&#8221;{}&#8221; sticky_enabled=&#8221;0&#8243;][dsm_faq_child dsm_title=&#8221;A\u00f1\u00e1i a\u00f1\u00e1r nizor dec\u00f3t wapes f\u00edri zaig\u00f3i nofar\u00edr kiy\u00f3lla bouli hoil\u00e9 yi\u00e1n h\u00e9fazot no\u00f3, mogor UNHCR re a\u00f1\u00e1re a\u00f1\u00e1r nizor dec\u00f3r d\u00e1hor ekk\u00e1n dec\u00f3t fo\u00f3\u00f1s\u00e1i difaribou n\u00e9?&#8221; dsm_content=&#8221;<\/p>\n<p>Nizor-icc\u00e1 wot\u00f3n waapesi m\u00e1ani, nizor as\u00f3li dec \u00f3t, nizor icc\u00e1y\u00e9, h\u00e9fazot ar izzot or h\u00e1alot or nise f\u00e9rok\u00f3on. UNHCR \u00e9 ekk\u00e1n dah\u00f3r-po\u00e7usi dec\u00f3t s\u00f3for gori b\u00e9lla entezam, mus\u00e1da y\u00e1 soulot gor\u00ed-node.<\/p>\n<p>&#8221; _builder_version=&#8221;4.24.0&#8243; _module_preset=&#8221;default&#8221; global_colors_info=&#8221;{}&#8221; parentOrderClass=&#8221;dsm_faq_3&#8243;][\/dsm_faq_child][dsm_faq_child dsm_title=&#8221;Malaysia&#039;t a\u00f1\u00e1r zindegi bec\u00ed mockil ot as\u00e9. A\u00f1\u00e1rtt\u00fa oinno ekk\u00e1n dec\u00f3t zaito mone ho\u00f3r. UNHCR re a\u00f1\u00e1re ekk\u00e1n Nize-nize K\u00faciy\u00e9-k\u00faciy\u00e9 Wapes f\u00edri zaibar F\u00f3rom &#91;y\u00e1ni Voluntary Repatriation Form (VRF)&#93; \u00f3re neelai difaribou n\u00e9?&#8221; dsm_content=&#8221;<\/p>\n<p>Ekk\u00e1n nizor icc\u00e1 wot\u00f3n waapesir f\u00f3rom (VRF) neelaide-de d\u00e9 SER\u00cdF uggw\u00e1 ref\u00faji y\u00e9 nizor as\u00f3li dec\u00f3t f\u00e9rok \u00f3ibar niyot icara-gor\u00ed dah\u00e1il\u00e9.<\/p>\n<p>&#8221; _builder_version=&#8221;4.24.0&#8243; _module_preset=&#8221;default&#8221; global_colors_info=&#8221;{}&#8221; parentOrderClass=&#8221;dsm_faq_3&#8243;][\/dsm_faq_child][dsm_faq_child dsm_title=&#8221;Zodi a\u00f1\u00e1re bolazuri gor\u00ed a\u00f1\u00e1r nizor as\u00f3li dec\u00f3t wapes dife\u00e7add\u00e9 mosibot ot foille, UNHCR re modot gor\u00ed faribou n\u00e9?&#8221; dsm_content=&#8221;<\/p>\n<p>UNHCR e nizor dec\u00f3t wapes derd\u00e9 man\u00faic cw\u00e1lla ukilaigor\u00edbo h\u00e1asg\u00f3ri zodi man\u00faic cw\u00e1 wapes gile jan or h\u00f3ti \u00f3ib\u00f3 d\u00e9 \u00e9ndilla zehon\u00f3 b\u00edcc\u00e1ci ekk\u00e1n waj\u00e1 as\u00e9 de \u00f3ile.<\/p>\n<p>&#8221; _builder_version=&#8221;4.24.2&#8243; _module_preset=&#8221;default&#8221; hover_enabled=&#8221;0&#8243; global_colors_info=&#8221;{}&#8221; parentOrderClass=&#8221;dsm_faq_3&#8243; sticky_enabled=&#8221;0&#8243;][\/dsm_faq_child][dsm_faq_child dsm_title=&#8221;A\u00f1\u00e1r ref\u00fajir tobkar aros san \u00e9dilla akh\u00e9r\u00edtt\u00fa apiil \u00f3t inkar g\u00f3ijje ar a\u00f1\u00ed eh\u00f3n a\u00f1\u00e1r dec \u00f3t wapes zaitam sai. UNHCR re modot gor\u00ed faribo n\u00e9?&#8221; dsm_content=&#8221;<\/p>\n<p>Tu\u00e1\u00f1r ref\u00fajir tobkar dorh\u00e1s san \u00e9dilla akh\u00e9r\u00edtt\u00fa apiil \u00f3t inkar gor\u00f3on or baade, tu\u00f1\u00ed UNHCR \u00f3t ar rejistar g\u00f3ijja n\u00e1i. Eh\u00e1lot \u00f3t, UNHCR e tu\u00e1\u00f1r\u00e9 Nizor Eradai Wapeszon or F\u00f3rom y\u00e1 Voluntary Repatriation Form (VRF) dinofar\u00f3bo. Tar zagat, AVRmalaysia@iom.int loi ekk\u00e1n email fo\u00f1\u00f3sai or\u00e9 mocuwara loibolla IOM or ha\u00f1s\u00e9 zaibor b\u00e1fasinta g\u00f3rifaro.   Dorh\u00e1s-doiya \u00f3kkol ott\u00fa, tarar neelib\u00e1r ejazot-nama ar h\u00e1as pass oll\u00e1 h\u00f3ss\u00e1-biss\u00e1 begg\u00fan ada gora-foribou.<\/p>\n<p>&#8221; _builder_version=&#8221;4.24.2&#8243; _module_preset=&#8221;default&#8221; hover_enabled=&#8221;0&#8243; global_colors_info=&#8221;{}&#8221; parentOrderClass=&#8221;dsm_faq_3&#8243; sticky_enabled=&#8221;0&#8243;][\/dsm_faq_child][\/dsm_faq][\/et_pb_column][\/et_pb_row][\/et_pb_section]<\/p>\n","protected":false},"excerpt":{"rendered":"<p>Nizor Eradai Wapeszon (BFS)Nizor Eradai Wapeszon or uore Barb\u00e1r Fus\u00e1r goragiy\u00e9d\u00e9 S\u00faal \u00f3kkol (BFS) \u00f3t estekbal gor\u00edr. E\u00e7\u00e9, tu\u00f1i nizor icc\u00e1 wot\u00f3n waapesir karwair uore ar\u00f3 bic\u00ed tofsili maalumat tuaifaiba,Nizor icc\u00e1 F\u00e9rok\u00f3on or uore \u00c1am ar H\u00e1as Keis or Maalumat H\u00e1\u00f1sil-gor\u00f3on.<div class=\"et_pb_module dsm_faq dsm_faq_0\">\n\t\t\t\t\n\t\t\t\t\n\t\t\t\t\n\t\t\t\t\n\t\t\t\t\n\t\t\t\t\n\t\t\t\t<div class=\"et_pb_module_inner\">\n\t\t\t\t\t<div class=\"dsm-faq-container dsm-front\" data-accordion=\"&#8221;on&#8221;\" data-open_first_item=\"&#8221;on&#8221;\">\n\t\t\t\t\n\t\t\t <\/div>\n\t\t\t \n\t\t\t\n\t\t\t\t<\/div>\n\t\t\t<\/div><\/p>\n","protected":false},"author":1,"featured_media":0,"parent":37632,"menu_order":0,"comment_status":"closed","ping_status":"closed","template":"","meta":{"_et_pb_use_builder":"on","_et_pb_old_content":"","_et_gb_content_width":"","_exactmetrics_skip_tracking":false,"_exactmetrics_sitenote_active":false,"_exactmetrics_sitenote_note":"","_exactmetrics_sitenote_category":0,"footnotes":""},"class_list":["post-37660","page","type-page","status-publish","hentry"],"_links":{"self":[{"href":"https:\/\/refugeemalaysia.org\/rh\/wp-json\/wp\/v2\/pages\/37660","targetHints":{"allow":["GET"]}}],"collection":[{"href":"https:\/\/refugeemalaysia.org\/rh\/wp-json\/wp\/v2\/pages"}],"about":[{"href":"https:\/\/refugeemalaysia.org\/rh\/wp-json\/wp\/v2\/types\/page"}],"author":[{"embeddable":true,"href":"https:\/\/refugeemalaysia.org\/rh\/wp-json\/wp\/v2\/users\/1"}],"replies":[{"embeddable":true,"href":"https:\/\/refugeemalaysia.org\/rh\/wp-json\/wp\/v2\/comments?post=37660"}],"version-history":[{"count":8,"href":"https:\/\/refugeemalaysia.org\/rh\/wp-json\/wp\/v2\/pages\/37660\/revisions"}],"predecessor-version":[{"id":55135,"href":"https:\/\/refugeemalaysia.org\/rh\/wp-json\/wp\/v2\/pages\/37660\/revisions\/55135"}],"up":[{"embeddable":true,"href":"https:\/\/refugeemalaysia.org\/rh\/wp-json\/wp\/v2\/pages\/37632"}],"wp:attachment":[{"href":"https:\/\/refugeemalaysia.org\/rh\/wp-json\/wp\/v2\/media?parent=37660"}],"curies":[{"name":"wp","href":"https:\/\/api.w.org\/{rel}","templated":true}]}}