{"id":39241,"date":"2022-01-10T16:49:42","date_gmt":"2022-01-10T08:49:42","guid":{"rendered":"https:\/\/refugeemalaysia.org\/support\/unhcr-loi-rejisthar-doftor-oon\/tunar-fua-rejisthar-goroon\/"},"modified":"2024-08-24T19:10:01","modified_gmt":"2024-08-24T11:10:01","slug":"tunar-fua-rejistar-goroon","status":"publish","type":"page","link":"https:\/\/refugeemalaysia.org\/rh\/modot\/unhcr-loi-doftor-oon\/tunar-fua-rejistar-goroon\/","title":{"rendered":"Tu\u00f1\u00e1r Fua Rejistar-gor\u00f3on"},"content":{"rendered":"<p>[et_pb_section fb_built=&#8221;1&#8243; admin_label=&#8221;Hero&#8221; _builder_version=&#8221;4.16&#8243; use_background_color_gradient=&#8221;on&#8221; background_color_gradient_stops=&#8221;rgba(0,0,0,0.4) 0%|rgba(0,0,0,0.4) 100%&#8221; background_color_gradient_overlays_image=&#8221;on&#8221; background_color_gradient_start=&#8221;rgba(0,0,0,0.4)&#8221; background_color_gradient_end=&#8221;rgba(0,0,0,0.4)&#8221; background_image=&#8221;https:\/\/refugeemalaysia.org\/wp-content\/uploads\/2022\/01\/newborn.jpg&#8221; custom_padding=&#8221;110px|0px|110px|0px|false|false&#8221; animation_style=&#8221;zoom&#8221; animation_intensity_zoom=&#8221;3%&#8221; global_colors_info=&#8221;{}&#8221;][et_pb_row use_custom_gutter=&#8221;on&#8221; gutter_width=&#8221;1&#8243; make_equal=&#8221;on&#8221; _builder_version=&#8221;4.16&#8243; _module_preset=&#8221;default&#8221; custom_padding=&#8221;0px||0px||true|false&#8221; global_colors_info=&#8221;{}&#8221;][et_pb_column type=&#8221;4_4&#8243; _builder_version=&#8221;4.16&#8243; _module_preset=&#8221;default&#8221; global_colors_info=&#8221;{}&#8221;][et_pb_text _builder_version=&#8221;4.16&#8243; _module_preset=&#8221;default&#8221; header_font=&#8221;Poppins|600||on|||||&#8221; header_text_align=&#8221;center&#8221; header_text_color=&#8221;#FFFFFF&#8221; header_font_size=&#8221;50px&#8221; header_text_shadow_style=&#8221;preset3&#8243; global_colors_info=&#8221;{}&#8221;]<\/p>\n<h1>Tu\u00f1\u00e1r Fua Rejistar-gor\u00f3on<\/h1>\n<p>[\/et_pb_text][\/et_pb_column][\/et_pb_row][\/et_pb_section][et_pb_section fb_built=&#8221;1&#8243; _builder_version=&#8221;4.16&#8243; _module_preset=&#8221;default&#8221; global_colors_info=&#8221;{}&#8221;][et_pb_row _builder_version=&#8221;4.16&#8243; _module_preset=&#8221;default&#8221; global_colors_info=&#8221;{}&#8221;][et_pb_column type=&#8221;4_4&#8243; _builder_version=&#8221;4.16&#8243; _module_preset=&#8221;default&#8221; global_colors_info=&#8221;{}&#8221;][et_pb_text _builder_version=&#8221;4.21.0&#8243; _module_preset=&#8221;default&#8221; global_colors_info=&#8221;{}&#8221;]<\/p>\n<p>Tu\u00e1\u00f1rt\u00fa zodi \u00edyarb\u00fator fuwa \u00f3iye d\u00e9 \u00f3ile, tu\u00f1i fuwa \u00edbar foidacir d\u00f3ft\u00f3r g\u00f3r\u00ed far\u00edb\u00e1 ar h\u00f3kumot or dec\u00f3itta rejistri dip\u00e1rm\u00e9n (NRD) ziy\u00e1nore Malaysiat Jabatan Pendaftaran Negara (JPN) ho\u00f3 \u00edyanor zehon\u00f3 \u00e9kkan <a href=\"https:\/\/www.jpn.gov.my\/en\/contact-us\/nrd-branches\" target=\"_blank\" rel=\"noopener\">mokami of\u00eds<\/a> \u00f3t zai foidacir s\u00f3not y\u00e1 zonom s\u00f3not loifarib\u00e1. NRD of\u00eds \u00f3t hon\u00f3 f\u00eds adaigor\u00e1 noforib\u00f3 zodi fua \u00f3iyor\u00e9 60 din or b\u00fator tu\u00f1i ham \u00ediyan gor\u00f3 d\u00e9 \u00f3ile. L\u00e9kin, 60 din or baade \u00f3ile, leit rejistrilla tu\u00e1\u00f1rt\u00fa f\u00eds adaigor\u00edt f\u00e1re.<\/p>\n<p>[\/et_pb_text][\/et_pb_column][\/et_pb_row][et_pb_row column_structure=&#8221;1_2,1_2&#8243; _builder_version=&#8221;4.16&#8243; _module_preset=&#8221;default&#8221; global_colors_info=&#8221;{}&#8221;][et_pb_column type=&#8221;1_2&#8243; _builder_version=&#8221;4.16&#8243; _module_preset=&#8221;default&#8221; global_colors_info=&#8221;{}&#8221;][et_pb_blurb title=&#8221;Tobka 1: Foidaci Doft\u00f3r Gor\u00e1r F\u00f3rom lowa&#8221; image=&#8221;https:\/\/refugeemalaysia.org\/wp-content\/uploads\/2022\/01\/birth-registration-application.jpg&#8221; _builder_version=&#8221;4.21.0&#8243; _module_preset=&#8221;default&#8221; header_text_color=&#8221;#000000&#8243; header_line_height=&#8221;1.8em&#8221; body_text_align=&#8221;left&#8221; border_radii=&#8221;on|10px|10px|10px|10px&#8221; border_width_all_image=&#8221;1px&#8221; global_colors_info=&#8221;{}&#8221;]<\/p>\n<p>Dorh\u00e1s or f\u00f3rom g\u00e1n fuwa \u00f3iye d\u00e9 h\u00f3spitel \u00f3ttu l\u00f3i l\u00f3iyo, y\u00e1toba dec\u00f3itta rejistri dip\u00e1rm\u00e9n (NRD) or \u00e9kkan mokami of\u00eds \u00f3ttu l\u00f3iyo.<\/p>\n<p>[\/et_pb_blurb][\/et_pb_column][et_pb_column type=&#8221;1_2&#8243; _builder_version=&#8221;4.16&#8243; _module_preset=&#8221;default&#8221; global_colors_info=&#8221;{}&#8221;][et_pb_blurb title=&#8221;Tobka 2: Dec\u00f3itta Rejistrir dip\u00e1rm\u00e9n \u00f3t Zai Berai So\u00f3.&#8221; image=&#8221;https:\/\/refugeemalaysia.org\/wp-content\/uploads\/2022\/01\/national-registration-department.jpg&#8221; _builder_version=&#8221;4.21.0&#8243; _module_preset=&#8221;default&#8221; header_text_color=&#8221;#000000&#8243; header_line_height=&#8221;1.8em&#8221; body_text_align=&#8221;left&#8221; body_ul_text_align=&#8221;left&#8221; border_width_all_image=&#8221;1px&#8221; global_colors_info=&#8221;{}&#8221;]<\/p>\n<p>Dec\u00f3itta rejistri dep\u00e1rm\u00e9n (NRD)&#8217;r \u00e9kkan mokami of\u00eds \u00f3t, fura g\u00f3ijje d\u00e9 f\u00f3rom gin arde zorurot \u00f3ib\u00f3 d\u00e9 habosfonna g\u00edn l\u00f3i zo\u00f3. Tu\u00e1\u00f1rt\u00fa nisor jin\u00edcc\u00edn laib\u00f3:<\/p>\n<ul>\n<li>Forisogor\u00e1r dokum\u00e9n (UNHCR or ka\u00e1d \u00f3kkol y\u00e1 B\u00e1fas\u00edntag\u00f3rat as\u00e9 d\u00e9 ci\u00f1\u00e7\u00ed(UC letter) \/ kommiuniti ka\u00e1d \/ fasput) \u2013 originel arde s\u00e1baiya kop\u00ed<\/li>\n<li>UNHCR \u00f3t doft\u00f3r \u00f3iyo d\u00e9 maa-baaf \u00f3kkol \u00f3lla, me\u00e9rbanigori tu\u00e1\u00f1r UNHCR ka\u00e1d y\u00e1 b\u00e1fas\u00edntag\u00f3rat as\u00e9 d\u00e9 ci\u00f1\u00e7\u00ed &#8220;(UC) letter&#8221; g\u00edn NRD of\u00eds \u00f3t diyo. Zodi tu\u00f1\u00ed kaanuni fasput d\u00f3ro d\u00e9 \u00f3ile, me\u00e9rbanigori NRD of\u00eds \u00f3t fasput \u00f3r tofsil \u00f3kkol diyo. Fasput or tofsil \u00f3kkol rekod rak\u00f3nor m\u00f3ks\u00fat h\u00edsafe tu\u00e1\u00f1r fuwar zonom s\u00farot \u00f3t c\u00e1mil g\u00f3rib\u00f3. Tu\u00e1\u00f1r fasput or tofsil \u00f3kkol tu\u00e1\u00f1r dec\u00f3t c\u00edar nogor\u00edb\u00f3. Tu\u00e1\u00f1r UNHCR or dokum\u00e9n miyat giy\u00f3i d\u00e9 \u00ediyan \u00f3lla, zodi tu\u00f1\u00ed tu\u00e1\u00f1r fuw\u00e1lla zonom s\u00farot loi n\u00f3f\u00e1ro d\u00e9 \u00f3ile, zet\u00fanot UNHCR or dokum\u00e9n g\u00edn nuwagori loifarib\u00e1 \u00e9tun\u00f3t tu\u00e1\u00f1r l\u00f3i d\u00e1ke \u00e1s\u00e9 d\u00e9 NRD&#8217;r branc of\u00eds \u00f3t z\u00e1ifarib\u00e1.<\/li>\n<li>Maa-baf or bi\u00e1r y\u00e1 s\u00e1rasar\u00edr s\u00e1rthifik\u00e9it( ze\u00e7\u00e9 zorurot)- orijinal y\u00e1 s\u00e1bainokol s\u00e1baiya<br \/>Me\u00e9rbanigori k\u00edyalg\u00f3riba d\u00e9 ki NRD ye sir\u00edf Malaysia&#8217;r d\u00f3rmor adikar \u00f3kkol y\u00e1 oinno rejistargor\u00e1r adikari ofisar or torf\u00f3ttu diyed\u00e9 ofisor biayr s\u00e1rthifik\u00e9it \u00f3kkol or\u00e9 kaanuni biyar s\u00f3but h\u00edsafe mane. NRD of\u00eds \u00f3t, koumor of\u00eds \u00f3ttu diy\u00e9 d\u00e9 nek\u00e1s\u00farot \u00f3kkol nogos\u00e9. Zodi tu\u00f1\u00ed mos\u00falman \u00f3ile ar h\u00f3kumot or nek\u00e1s\u00farot n\u00e1i d\u00e9 \u00f3ile, fuwar zonon s\u00farot \u00f3t \u00fade maar nam c\u00e1mil oib\u00f3. Gair-muslim baf-maall\u00e1i, h\u00f3kumot or nek\u00e1s\u00farot noo t\u00e1kil\u00e9y\u00f3 fuwar zonom s\u00farot \u00f3t bafor nam c\u00e1mil gor\u00e1zaib\u00f3.<\/li>\n<li>Daktor h\u00e1nar habosfonna yat\u00f3 fulic or as\u00f3li repout loi fuwar foidacir f\u00e1kka-f\u00e1kki \u00f3ib\u00f3, zodi fuwa gorot h\u00e1las o\u00edye d\u00e9 oile.<\/li>\n<li>Fura-goijj\u00e1 <a href=\"https:\/\/www.jpn.gov.my\/images\/KELAHIRAN\/LM_01.pdf\" target=\"_blank\" rel=\"noopener\">foidaci rejistri f\u00f3rom<\/a> &#8211; as\u00f3li ar nokol goijja kop\u00ed.<\/li>\n<li>Foidacir age c\u00e9k\u00fap g\u00f3ijj\u00e9 d\u00e9 kitab (maa h\u00f3war emtah\u00e1ngor\u00e1r kitab) y\u00e1 epo\u00e1inm\u00e9n ka\u00e1d \u2013 as\u00f3li<\/li>\n<li>Zodi tu\u00f1\u00e1ra biy\u00e1-no\u00f3de gair-Mus\u00f3lman ju\u00e7i oil\u00e9, O manuicwa zib\u00e1 fuar baf boli daabi gor\u00e9 ibatt\u00fa, foidaci rejistrit fuar Maar fua\u00f1ti h\u00e1mak\u00e1 dostok-diya forib\u00f3. No\u00f3il\u00e9, foidacor salti-fiket ot bafor maalumat camil noib\u00f3.<\/li>\n<li>Deri \u00f3iye d\u00e9 foidacir rejistr\u00edlla, zorurot \u00f3ib\u00f3 d\u00e9 dokum\u00e9n or baabote ar\u00f3 maalumat z\u00e1inte, me\u00e9rbanigori <a href=\"https:\/\/www.jpn.gov.my\/en\/core-business\/birth\/peninsular\/pen-kelahiran-lewat-sm-eng\" target=\"_blank\" rel=\"noopener\">JPN website<\/a> \u00f3t zai so\u00f3. (\u00dade h\u00e1wal\u00e1lla), hot\u00e1 b\u00e1\u00f1ig\u00e1 AM 80 arde BMK 81 f\u00f3rom \u00f3kkol <a href=\"https:\/\/drive.google.com\/drive\/folders\/132mCS5uAjyKrNJXX-USjZ3Y2STuIIe8v\" target=\"_blank\" rel=\"noopener\">e\u00e7\u00e9<\/a> fa\u00e1 zaib\u00f3.<\/li>\n<\/ul>\n<p><strong>Yiatr\u00e1ikk\u00f3<\/strong> : Hon\u00f3 \u00e9kkan NRD of\u00eds \u00f3t mos\u00f3lar s\u00e1mna \u00f3iy\u00f3 d\u00e9 \u00f3ile, ( ki \u00f3iy\u00e9 d\u00e9, \u00ediyan ho\u00f1\u00f3tt\u00e9 \u00f3iye d\u00e9 ar h\u00f3n NRD branc c\u00e1mil) \u00edin bia\u00e1gg\u00ednor tofsil \u00f3kkol loi, tu\u00e1\u00f1r koumor lid\u00e1r ore c\u00edarg\u00f3ri, me\u00e9rbanigori UNHCR ore h\u00f3bor dib\u00e1. Zodi farode \u00f3i, me\u00e9rbanigori muta\u00e1ll\u00e9k habosfonna \u00f3kkol or fot\u00fa y\u00e1 tofsil \u00f3kkol c\u00e1mil g\u00f3riy\u00f3.<\/p>\n<p>[\/et_pb_blurb][\/et_pb_column][\/et_pb_row][\/et_pb_section][et_pb_section fb_built=&#8221;1&#8243; _builder_version=&#8221;4.17.4&#8243; _module_preset=&#8221;default&#8221; background_color=&#8221;#0072BC&#8221; global_colors_info=&#8221;{}&#8221;][et_pb_row _builder_version=&#8221;4.16&#8243; _module_preset=&#8221;default&#8221; global_colors_info=&#8221;{}&#8221;][et_pb_column type=&#8221;4_4&#8243; _builder_version=&#8221;4.16&#8243; _module_preset=&#8221;default&#8221; global_colors_info=&#8221;{}&#8221;][et_pb_text _builder_version=&#8221;4.16&#8243; _module_preset=&#8221;default&#8221; header_2_font=&#8221;Poppins|700|||||||&#8221; header_2_text_align=&#8221;center&#8221; header_2_text_color=&#8221;#FFFFFF&#8221; global_colors_info=&#8221;{}&#8221;]<\/p>\n<h2>Yiatr\u00e1ikk\u00f3<\/h2>\n<p>[\/et_pb_text][\/et_pb_column][\/et_pb_row][et_pb_row column_structure=&#8221;1_3,1_3,1_3&#8243; _builder_version=&#8221;4.16&#8243; _module_preset=&#8221;default&#8221; global_colors_info=&#8221;{}&#8221;][et_pb_column type=&#8221;1_3&#8243; _builder_version=&#8221;4.16&#8243; _module_preset=&#8221;default&#8221; global_colors_info=&#8221;{}&#8221;][et_pb_blurb title=&#8221;Molai-zuban ho\u00f3d\u00e9 manuic&#8221; use_icon=&#8221;on&#8221; font_icon=&#8221;&#x76;||divi||400&#8243; icon_color=&#8221;#FFFFFF&#8221; _builder_version=&#8221;4.21.0&#8243; _module_preset=&#8221;default&#8221; header_text_color=&#8221;#FFFFFF&#8221; background_layout=&#8221;dark&#8221; global_colors_info=&#8221;{}&#8221;]<\/p>\n<p>Zodi faille, uggw\u00e1 Molai zuban zaned\u00e9 mainc\u00f3ttu, tu\u00f1\u00ed modot sai b\u00f3lla, a\u00f1\u00e1ra tu\u00e1\u00f1re mocuwara dito sa\u00e1i.<\/p>\n<p>[\/et_pb_blurb][\/et_pb_column][et_pb_column type=&#8221;1_3&#8243; _builder_version=&#8221;4.16&#8243; _module_preset=&#8221;default&#8221; global_colors_info=&#8221;{}&#8221;][et_pb_blurb title=&#8221;Koid-h\u00e1nat foida \u00f3on&#8221; use_icon=&#8221;on&#8221; font_icon=&#8221;&#xf2c2;||fa||400&#8243; icon_color=&#8221;#FFFFFF&#8221; _builder_version=&#8221;4.21.0&#8243; _module_preset=&#8221;default&#8221; header_text_color=&#8221;#FFFFFF&#8221; background_layout=&#8221;dark&#8221; global_colors_info=&#8221;{}&#8221;]<\/p>\n<p>Zodi uggw\u00e1 fuwa maa bondih\u00e1nat t\u00e1kit\u00e9 \u00f3odde \u00f3ile, \u00e9bondih\u00e1n\u00e1r immigrac\u00e9n adikari y\u00e9 fuwar foidacir rejistri arde foidaci s\u00f3not faib\u00f3lla modot gor\u00edf\u00e1r\u00e9, kiy\u00f3lla h\u00f3il\u00e9 maa-fuwa dun\u00ed zon \u00e9i immigrac\u00e9n adikar or h\u00e9fazot \u00f3t \u00e1se.<\/p>\n<p>[\/et_pb_blurb][\/et_pb_column][et_pb_column type=&#8221;1_3&#8243; _builder_version=&#8221;4.16&#8243; _module_preset=&#8221;default&#8221; global_colors_info=&#8221;{}&#8221;][et_pb_blurb title=&#8221;Man\u00faic-zon Rejistri goro\u00f3n&#8221; use_icon=&#8221;on&#8221; font_icon=&#8221;&#xf0c0;||fa||900&#8243; icon_color=&#8221;#FFFFFF&#8221; _builder_version=&#8221;4.21.0&#8243; _module_preset=&#8221;default&#8221; header_text_color=&#8221;#FFFFFF&#8221; background_layout=&#8221;dark&#8221; global_colors_info=&#8221;{}&#8221;]<\/p>\n<p>Maa-baf, kaanuni woli y\u00e1 zehon\u00f3 manuic zar foidacir zana as\u00e9 \u00edbay\u00e9, foidacir rejistri gori f\u00e1re, ze\u00f1\u00e9t\u00e9 \u00edtara laged\u00e9 habosfonna \u00f3kkol an\u00e9.<\/p>\n<p>[\/et_pb_blurb][\/et_pb_column][\/et_pb_row][\/et_pb_section][et_pb_section fb_built=&#8221;1&#8243; _builder_version=&#8221;4.17.4&#8243; _module_preset=&#8221;default&#8221; background_color=&#8221;#FFFFFF&#8221; global_colors_info=&#8221;{}&#8221;][et_pb_row custom_padding_last_edited=&#8221;on|phone&#8221; _builder_version=&#8221;4.16&#8243; _module_preset=&#8221;default&#8221; custom_padding=&#8221;||||false|false&#8221; custom_padding_tablet=&#8221;||30px||false|false&#8221; custom_padding_phone=&#8221;&#8221; global_colors_info=&#8221;{}&#8221;][et_pb_column type=&#8221;4_4&#8243; _builder_version=&#8221;4.16&#8243; _module_preset=&#8221;default&#8221; global_colors_info=&#8221;{}&#8221;][et_pb_text _builder_version=&#8221;4.16&#8243; _module_preset=&#8221;default&#8221; header_2_font=&#8221;Poppins|700|||||||&#8221; header_2_text_align=&#8221;center&#8221; header_2_text_color=&#8221;#000000&#8243; global_colors_info=&#8221;{}&#8221;]<\/p>\n<h2>Dec\u00f3itta Rejistrir Dep\u00e1rm\u00e9n (NRD) As\u00e9d\u00e9 Zaga<\/h2>\n<p>[\/et_pb_text][\/et_pb_column][\/et_pb_row][et_pb_row _builder_version=&#8221;4.16&#8243; _module_preset=&#8221;default&#8221; global_colors_info=&#8221;{}&#8221;][et_pb_column type=&#8221;4_4&#8243; _builder_version=&#8221;4.16&#8243; _module_preset=&#8221;default&#8221; global_colors_info=&#8221;{}&#8221;][et_pb_text _builder_version=&#8221;4.21.0&#8243; _module_preset=&#8221;default&#8221; text_text_color=&#8221;#000000&#8243; custom_padding=&#8221;||||false|false&#8221; custom_padding_tablet=&#8221;||30px||false|false&#8221; custom_padding_phone=&#8221;&#8221; custom_padding_last_edited=&#8221;on|phone&#8221; global_colors_info=&#8221;{}&#8221;]<\/p>\n<p><a href=\"https:\/\/www.jpn.gov.my\/en\/contact-us\/nrd-branches\" target=\"_blank\" rel=\"noopener\">E\u00e7\u00e9<\/a> li\u00eds goragiy\u00e9 d\u00e9 zehon\u00f3 NRD of\u00eds \u00f3t tu\u00f1\u00ed z\u00e1itfar\u00f3. Zodi tu\u00f1i Kuala Lumpur ot taako de oil\u00e9, a\u00f1ara doftor y\u00e1ni of\u00eds yi\u00e1not zai b\u00f3lla c\u00fawar\u00edc g\u00f3ijjoum.<\/p>\n<p>NRD\/JPN Jalan Duta<br \/>Bangunan\u202fKerajaan Jalan Duta<br \/>(Kompleks\u202fKerajaan\u202fTuanku\u202fAbdul Halim)<br \/>Publika\u202fDutamas, 1, Jalan\u202fDutamas, Solaris\u202fDutamas<br \/>50480 Kuala Lumpur<\/p>\n<p>Tu\u00f1\u00ed <a href=\"https:\/\/www.youtube.com\/watch?v=i-hcVCQ8WY8&amp;list=PLADdiiEnD8AIA6qY5AU12XSRVrM1M3X3d\" target=\"_blank\" rel=\"noopener\">e\u00e7\u00e9<\/a> e-v\u00eddiyu g\u00edn <a href=\"https:\/\/www.youtube.com\/watch?v=Dibr2TP71dc\" target=\"_blank\" rel=\"noopener\">Molai<\/a>, <a href=\"https:\/\/www.youtube.com\/watch?v=i-hcVCQ8WY8\" target=\"_blank\" rel=\"noopener\">Ingil\u00edc<\/a>, arde \u00f3inno zubanot\u00f3 f\u00fani f\u00e1riba taak\u00e9 Dec\u00f3itta Rejidtri Dep\u00e1rm\u00e9n (NRD) of\u00eds \u00f3t foidacir rejistri gor\u00e1r torika r\u00e9 buz\u00ed loifaro.<\/p>\n<p>[\/et_pb_text][\/et_pb_column][\/et_pb_row][\/et_pb_section][et_pb_section fb_built=&#8221;1&#8243; _builder_version=&#8221;4.17.4&#8243; _module_preset=&#8221;default&#8221; background_color=&#8221;#0072BC&#8221; global_colors_info=&#8221;{}&#8221;][et_pb_row _builder_version=&#8221;4.16&#8243; _module_preset=&#8221;default&#8221; global_colors_info=&#8221;{}&#8221;][et_pb_column type=&#8221;4_4&#8243; _builder_version=&#8221;4.16&#8243; _module_preset=&#8221;default&#8221; global_colors_info=&#8221;{}&#8221;][et_pb_text _builder_version=&#8221;4.16&#8243; _module_preset=&#8221;default&#8221; header_2_font=&#8221;Poppins|700|||||||&#8221; header_2_text_align=&#8221;center&#8221; header_2_text_color=&#8221;#FFFFFF&#8221; global_colors_info=&#8221;{}&#8221;]<\/p>\n<h2>Nuwa \u00f3iye d\u00e9 fuwa tu\u00e1\u00f1r UNHCR or f\u00e1il \u00f3t g\u00f3lon<\/h2>\n<p>[\/et_pb_text][\/et_pb_column][\/et_pb_row][et_pb_row column_structure=&#8221;1_2,1_2&#8243; make_equal=&#8221;on&#8221; _builder_version=&#8221;4.16&#8243; _module_preset=&#8221;default&#8221; global_colors_info=&#8221;{}&#8221;][et_pb_column type=&#8221;1_2&#8243; _builder_version=&#8221;4.16&#8243; _module_preset=&#8221;default&#8221; custom_css_main_element=&#8221;margin:auto;&#8221; global_colors_info=&#8221;{}&#8221;][et_pb_image src=&#8221;https:\/\/refugeemalaysia.org\/wp-content\/uploads\/2022\/01\/newborn-inclusion.jpg&#8221; title_text=&#8221;Nuwa-\u00f3iye-d\u00e9-fuwa-g\u00f3lon&#8221; _builder_version=&#8221;4.16&#8243; _module_preset=&#8221;default&#8221; border_radii=&#8221;on|10px|10px|10px|10px&#8221; global_colors_info=&#8221;{}&#8221;][\/et_pb_image][\/et_pb_column][et_pb_column type=&#8221;1_2&#8243; _builder_version=&#8221;4.16&#8243; _module_preset=&#8221;default&#8221; custom_css_main_element=&#8221;margin:auto;&#8221; global_colors_info=&#8221;{}&#8221;][et_pb_text _builder_version=&#8221;4.24.2&#8243; _module_preset=&#8221;default&#8221; text_text_color=&#8221;#FFFFFF&#8221; link_font=&#8221;||||on|||#FFFFFF|&#8221; link_text_color=&#8221;#FFFFFF&#8221; hover_enabled=&#8221;0&#8243; global_colors_info=&#8221;{}&#8221; sticky_enabled=&#8221;0&#8243;]<\/p>\n<p>Zodi tu\u00f1i UNHCR ot rejistar gorifelaiy\u00f3, ar tu\u00f1i foidacir salti-fiket ar\/y\u00e1to tu\u00e1\u00f1r ledera fuwar \u00f3inno modoti habosfonna okkol faifelaiy\u00f3 d\u00e9 \u00f3ile, me\u00e9rbanigor\u00ed <a href=\"https:\/\/refugeemalaysia.org\/rh\/taalukat\/\">F\u00e9mlir Buniyadir Tobdil f\u00f3rom<\/a> g\u00e1n furagor\u00ed or\u00e9, foidacir s\u00f3not ar\/y\u00e1to zoruri \u00f3inno modoti habosfonnar, \u00e9kkan kopi apl\u00fadg\u00f3ro.<\/p>\n<p>Duniai s\u00f3raiye d\u00e9 COVID-19\u202f\u202for zoriya, \u202fUNHCR e epoa\u00ednm\u00e9n s\u00e1ra hon\u00f3 kiay r\u00e9 nogos\u00e9. Me\u00e9rbanigori epoainme&#8217;n s\u00e1ra UNHCR \u00f3t noaicc\u00f3. Tu\u00f1\u00ed \u202f&#8221;<a href=\"https:\/\/refugeemalaysia.org\/rh\/taalukat\/\">Family Composition\u202fChange&#8221;<\/a> f\u00f3rom mw\u00e1 furagor\u00ed or\u00e9 epoainm\u00e9n \u00f3lla dorh\u00e1as gorifariba ar epoainm\u00e9n \u00f3lla UNHCR or torf\u00f3ttu dake d\u00e9 \u00e9tun f\u00f3ijjonto entezar gor\u00f3.<\/p>\n<p>[\/et_pb_text][\/et_pb_column][\/et_pb_row][\/et_pb_section]<\/p>\n","protected":false},"excerpt":{"rendered":"<p>Tu\u00f1\u00e1r Fua Rejistar-gor\u00f3onTu\u00e1\u00f1rt\u00fa zodi \u00edyarb\u00fator fuwa \u00f3iye d\u00e9 \u00f3ile, tu\u00f1i fuwa \u00edbar foidacir d\u00f3ft\u00f3r g\u00f3r\u00ed far\u00edb\u00e1 ar h\u00f3kumot or dec\u00f3itta rejistri dip\u00e1rm\u00e9n (NRD) ziy\u00e1nore Malaysiat Jabatan Pendaftaran Negara (JPN) ho\u00f3 \u00edyanor zehon\u00f3 \u00e9kkan mokami of\u00eds \u00f3t zai foidacir s\u00f3not y\u00e1 zonom s\u00f3not loifarib\u00e1. NRD of\u00eds \u00f3t hon\u00f3 f\u00eds adaigor\u00e1 noforib\u00f3 zodi fua \u00f3iyor\u00e9 60 din [&hellip;]<\/p>\n","protected":false},"author":149,"featured_media":0,"parent":37497,"menu_order":0,"comment_status":"closed","ping_status":"closed","template":"","meta":{"_et_pb_use_builder":"on","_et_pb_old_content":"","_et_gb_content_width":"","_exactmetrics_skip_tracking":false,"_exactmetrics_sitenote_active":false,"_exactmetrics_sitenote_note":"","_exactmetrics_sitenote_category":0,"footnotes":""},"class_list":["post-39241","page","type-page","status-publish","hentry"],"_links":{"self":[{"href":"https:\/\/refugeemalaysia.org\/rh\/wp-json\/wp\/v2\/pages\/39241","targetHints":{"allow":["GET"]}}],"collection":[{"href":"https:\/\/refugeemalaysia.org\/rh\/wp-json\/wp\/v2\/pages"}],"about":[{"href":"https:\/\/refugeemalaysia.org\/rh\/wp-json\/wp\/v2\/types\/page"}],"author":[{"embeddable":true,"href":"https:\/\/refugeemalaysia.org\/rh\/wp-json\/wp\/v2\/users\/149"}],"replies":[{"embeddable":true,"href":"https:\/\/refugeemalaysia.org\/rh\/wp-json\/wp\/v2\/comments?post=39241"}],"version-history":[{"count":11,"href":"https:\/\/refugeemalaysia.org\/rh\/wp-json\/wp\/v2\/pages\/39241\/revisions"}],"predecessor-version":[{"id":54558,"href":"https:\/\/refugeemalaysia.org\/rh\/wp-json\/wp\/v2\/pages\/39241\/revisions\/54558"}],"up":[{"embeddable":true,"href":"https:\/\/refugeemalaysia.org\/rh\/wp-json\/wp\/v2\/pages\/37497"}],"wp:attachment":[{"href":"https:\/\/refugeemalaysia.org\/rh\/wp-json\/wp\/v2\/media?parent=39241"}],"curies":[{"name":"wp","href":"https:\/\/api.w.org\/{rel}","templated":true}]}}