{"id":48798,"date":"2022-06-06T12:24:42","date_gmt":"2022-06-06T04:24:42","guid":{"rendered":"https:\/\/refugeemalaysia.org\/support\/unhcr-loi-rejisthar-doftor-oon\/unhcr-ot-doftor-oibolla-barbar-gorode-suwal-okkol\/"},"modified":"2024-09-17T10:58:37","modified_gmt":"2024-09-17T02:58:37","slug":"registering-with-unhcr-faq","status":"publish","type":"page","link":"https:\/\/refugeemalaysia.org\/rh\/modot\/unhcr-loi-doftor-oon\/registering-with-unhcr-faq\/","title":{"rendered":"UNHCR \u00f3t Registar \u00d3it\u00e9(BFS)"},"content":{"rendered":"<p>[et_pb_section fb_built=&#8221;1&#8243; admin_label=&#8221;Hero&#8221; _builder_version=&#8221;4.16&#8243; use_background_color_gradient=&#8221;on&#8221; background_color_gradient_stops=&#8221;rgba(0,0,0,0.4) 0%|rgba(0,0,0,0.4) 100%&#8221; background_color_gradient_overlays_image=&#8221;on&#8221; background_color_gradient_start=&#8221;rgba(0,0,0,0.4)&#8221; background_color_gradient_end=&#8221;rgba(0,0,0,0.4)&#8221; background_image=&#8221;https:\/\/refugeemalaysia.org\/wp-content\/uploads\/2021\/03\/resettlement.jpg&#8221; custom_padding=&#8221;110px|0px|110px|0px|false|false&#8221; animation_style=&#8221;zoom&#8221; animation_intensity_zoom=&#8221;3%&#8221; global_colors_info=&#8221;{}&#8221;][et_pb_row use_custom_gutter=&#8221;on&#8221; gutter_width=&#8221;1&#8243; make_equal=&#8221;on&#8221; _builder_version=&#8221;4.16&#8243; _module_preset=&#8221;default&#8221; custom_padding=&#8221;0px||0px||true|false&#8221; global_colors_info=&#8221;{}&#8221;][et_pb_column type=&#8221;4_4&#8243; _builder_version=&#8221;4.16&#8243; _module_preset=&#8221;default&#8221; global_colors_info=&#8221;{}&#8221;][et_pb_text _builder_version=&#8221;4.17.4&#8243; _module_preset=&#8221;default&#8221; header_font=&#8221;Poppins|600||on|||||&#8221; header_text_align=&#8221;center&#8221; header_text_color=&#8221;#FFFFFF&#8221; header_font_size=&#8221;50px&#8221; header_text_shadow_style=&#8221;preset3&#8243; global_colors_info=&#8221;{}&#8221;]<\/p>\n<h1>UNHCR \u00f3t Registar \u00d3it\u00e9(BFS)<\/h1>\n<p>[\/et_pb_text][\/et_pb_column][\/et_pb_row][\/et_pb_section][et_pb_section fb_built=&#8221;1&#8243; _builder_version=&#8221;4.16&#8243; _module_preset=&#8221;default&#8221; global_colors_info=&#8221;{}&#8221;][et_pb_row _builder_version=&#8221;4.24.0&#8243; _module_preset=&#8221;default&#8221; global_colors_info=&#8221;{}&#8221;][et_pb_column type=&#8221;4_4&#8243; _builder_version=&#8221;4.24.0&#8243; _module_preset=&#8221;default&#8221; global_colors_info=&#8221;{}&#8221;][dsm_faq dsm_accordion_gap=&#8221;20px&#8221; dsm_make_accordion_toggle=&#8221;on&#8221; dsm_open_faq_item=&#8221;on&#8221; dsm_enable_schema_markup=&#8221;on&#8221; dsm_open_toggle_margin=&#8221;||||false|false&#8221; dsm_open_toggle_padding=&#8221;||||false|false&#8221; dsm_close_bg_color=&#8221;#0072BC&#8221; dsm_open_font_icon=&#8221;&#x4b;||divi||400&#8243; dsm_close_font_icon=&#8221;&#x43;||divi||400&#8243; dsm_close_icon_color=&#8221;#FFFFFF&#8221; dsm_animate_icon=&#8221;on&#8221; dsm_icon_placement=&#8221;right&#8221; dsm_content_margin=&#8221;||||false|false&#8221; dsm_content_padding=&#8221;30px||||false|false&#8221; _builder_version=&#8221;4.24.0&#8243; _module_preset=&#8221;default&#8221; header_level=&#8221;h4&#8243; header_font=&#8221;Poppins|700|||||||&#8221; closed_header_font=&#8221;Poppins|700|||||||&#8221; closed_header_text_color=&#8221;#FFFFFF&#8221; content_font=&#8221;Poppins||||||||&#8221; content_font_size=&#8221;16px&#8221; custom_margin=&#8221;||||false|false&#8221; custom_padding=&#8221;||||false|false&#8221; hover_enabled=&#8221;0&#8243; border_radii_dsm_toggle_open_border=&#8221;on|10px|10px|10px|10px&#8221; border_width_all_dsm_toggle_open_border=&#8221;1px&#8221; border_color_all_dsm_toggle_open_border=&#8221;#0072BC&#8221; border_radii_dsm_toggle_closed_border=&#8221;on|10px|10px|10px|10px&#8221; global_colors_info=&#8221;{}&#8221; sticky_enabled=&#8221;0&#8243;][dsm_faq_child dsm_title=&#8221;Nuwa doft\u00f3rgor\u00f3on y\u00e1 rejistargor\u00f3on \u00f3lla har\u00e9 tuw\u00e1jju dibo?&#8221; dsm_content=&#8221;<\/p>\n<p>UNHCR re 2019 \u00f3t y\u00e1 tar age zar\u00e1 rejistar y\u00e1ni doft\u00f3r \u00f3ibolla dorh\u00e1s g\u00f3ijje \u00edtarar\u00e9 ard\u00e9 h\u00e1sg\u00f3ri komzuri as\u00e9 d\u00e9 \u00edtarar\u00e9 tuw\u00e1jjuder. H\u00e1sg\u00f3ri komzuri as\u00e9 d\u00e9 \u00edtarar mes\u00e1l \u00f3kkol \u00f3t c\u00e1mil \u00e1sed\u00e9 \u00edtara \u00f3ild\u00e9, h\u00f3tarat as\u00e9d\u00e9 be\u00e7i\u00e1in, gura fuain arde bur\u00e1 man\u00faic \u00f3kkol, mazur man\u00faic, h\u00f3tara biaraimma \u00f3kkol zar\u00e1ttu elacor zorurot,ar oi-man\u00faic zar\u00e1 d\u00f3rah\u00f3onor y\u00e1 dec\u00f3ttu nelaidibor do\u00f3rot as\u00e9 tar\u00e1. \u00d3kkol fuain,bur\u00e1 man\u00faic,be\u00e7i\u00e1in,y\u00e1 h\u00e1mil mayafuain \u00f3kkol ore, komzur ya h\u00f3tarat \u00e1se h\u00f3i d\u00f3ra n\u00f3z\u00e1ib\u00f3. Sir\u00edf zodi tar\u00e1 k\u00fabbec\u00ed h\u00e9fazot or h\u00f3tarat as\u00e9 d\u00e9 \u00f3il\u00e9 y\u00e1 k\u00e9ss\u00fa h\u00e1s zorurot as\u00e9 d\u00e9 \u00f3il\u00e9, tar\u00e1r\u00e9 j\u00f3lti doft\u00f3r gorib\u00f3lla b\u00e1fa z\u00e1ib\u00f3.<\/p>\n<p>&#8221; _builder_version=&#8221;4.24.0&#8243; _module_preset=&#8221;default&#8221; global_colors_info=&#8221;{}&#8221; parentOrderClass=&#8221;dsm_faq_0&#8243;][\/dsm_faq_child][dsm_faq_child dsm_title=&#8221;A\u00f1\u00e1r doft\u00f3rgor\u00f3on or epu\u00e1inm\u00e9n \u00f3t ki an\u00f3n zoruri?&#8221; dsm_content=&#8221;<\/p>\n<p>Me\u00e9rbanigori tu\u00e1\u00f1r keis loi taalukat as\u00e9 d\u00e9 \u00f3kkol habosfonna ze\u00edlla nek\u00ed faspout, forisor habos \u00f3kkol, nek\u00e1 s\u00farot, zonom s\u00farot, daktor h\u00e1nar habosfonna \u00f3kkol, f\u00e9mil\u00edr sensar h\u00e1bos y\u00e1 dec\u00f3itta forisor dokum\u00e9n, meletrir s\u00e1rv\u00edsor kitab \u00f3kkol arde oinno UNHCR y\u00e1 UNRWA of\u00eds \u00f3t age doft\u00f3r \u00f3iyo d\u00e9 s\u00f3but \u00f3kkol an\u00edyo. Aro, me\u00e9rbanigori tu\u00e1\u00f1r fanir dhabba \u00f3kkol ar h\u00e1na\/fi\u00e7a \u00f3kkol ofis ot aniba, kiy\u00f3llahoil\u00e9 ateha\u00f1s\u00e9 hon\u00f3 duan faa nozaib\u00f3 ar ofis ot entezar or taim tu\u00f1i ac\u00e1 gorodde yiatt\u00fa bic\u00ed lamba \u00f3it f\u00e1re.<\/p>\n<p>&#8221; _builder_version=&#8221;4.24.0&#8243; _module_preset=&#8221;default&#8221; global_colors_info=&#8221;{}&#8221; parentOrderClass=&#8221;dsm_faq_0&#8243;][\/dsm_faq_child][dsm_faq_child dsm_title=&#8221;A\u00f1\u00ed ag\u00f3tt\u00falot doft\u00f3r g\u00f3ijja, l\u00e9kin a\u00f1\u00e1r bou arde fuain (18 bos\u00f3r or c\u00f3\u00f1\u00e7o) doft\u00f3r g\u00f3ijja no\u00f3. Ken gori a\u00f1\u00ed a\u00f1\u00e1r bou arde fuain \u00f3kkol ore rejisthar gori yum?&#8221; dsm_content=&#8221;Me\u00e9rbanigori f\u00e9mil\u00ed buniyadir tobdil \u00f3lla %22Refugee Malaysia Website%22 l\u00f3i <a href=%22https:\/\/refugeemalaysia.org\/rh\/taalukat\/%22>dorh\u00e1s<\/a> zom\u00e1d\u00f3. Zodi tun\u00ed w\u00e9bs\u00e1it or zoriya f\u00e9mli banai bar ekkan aros zoma di takile, me\u00e9rbanigori f\u00e1kka gor\u00edb\u00e1 d\u00e9 k\u00ed, tu\u00f1\u00ed h\u00e1wala nomb\u00f3r gw\u00e1 s\u00e1bai r\u00e1ikk\u00f3. Me\u00e9rbanigori tu\u00e1\u00f1r bou arde fuain rejistar gorib\u00f3lla ar \u00e9kkan nuwa dorh\u00e1s zom\u00e1 nodiy\u00f3 zodi tu\u00f1\u00ed f\u00e9mil\u00ed banaibar tobdil or dorh\u00e1s \u00e9kkan age zom\u00e1 g\u00f3ijj\u00f3 d\u00e9 \u00f3ile. Tu\u00e1\u00f1r bou arde fuain d\u00f3re tu\u00e1\u00f1r f\u00e1il ot golai b\u00f3ll\u00e1 UNHCR \u00f3r torfottu tu\u00e1\u00f1r l\u00f3i taalukat gorib\u00f3. A\u00f1\u00e1ra \u00e9ndilla keis \u00f3kkol, dorh\u00e1s faiy\u00edd\u00e9 tar\u00edk or uore darmudar gor\u00ed karuw\u00e1i gor\u00ed. Epoa\u00ednm\u00e9n s\u00e1ra tu\u00e1\u00f1r\u00e9 s\u00e9ntar \u00f3t g\u00f3lar ejazot nodib\u00f3, kiy\u00f3lla h\u00f3il\u00e9 rif\u00faji \u00f3kkol or seh\u00e9t arde aram or h\u00e1lot ore f\u00e1kka gorib\u00f3lla epo\u00e1inm\u00e9n or ta\u00e1dat ore mokor\u00f3r gor\u00e1z\u00e1.&#8221; _builder_version=&#8221;4.24.0&#8243; _module_preset=&#8221;default&#8221; hover_enabled=&#8221;0&#8243; global_colors_info=&#8221;{}&#8221; parentOrderClass=&#8221;dsm_faq_0&#8243; sticky_enabled=&#8221;0&#8243;][\/dsm_faq_child][dsm_faq_child dsm_title=&#8221;A\u00f1\u00e1rt\u00fa yaa kura-fua uggw\u00e1 \u00f3iye. A\u00f1\u00ed kengori a\u00f1\u00e1r fua wa re f\u00e1il ot g\u00f3lai yum?&#8221; dsm_content=&#8221;Me\u00e9rbanigori %22Refugee Malaysia website%22 or zoriya f\u00e9mli banaibar tobd\u00edl or <a href=%22https:\/\/refugeemalaysia.org\/contact\/request-for-appointment-family-composition-change\/%22>dorh\u00e1s<\/a> g\u00e1n zom\u00e1 d\u00f3o. Zodi tun\u00ed w\u00e9bs\u00e1it or zoriya f\u00e9mli banai bar ekkan aros zoma di takile, me\u00e9rbanigori f\u00e1kka gor\u00edb\u00e1 d\u00e9 k\u00ed, tu\u00f1\u00ed h\u00e1wala nomb\u00f3r gw\u00e1 s\u00e1bai r\u00e1ikk\u00f3. Me\u00e9rbanigori tu\u00e1\u00f1r nuwa \u00f3iyed\u00e9 ledera fuw\u00e1lla ar\u00f3 \u00e9kkan nuwa rejistar gorib\u00f3r dorh\u00e1s zom\u00e1 nodiy\u00f3 zodi tu\u00f1\u00ed f\u00e9mil\u00ed banaibar tobdil or dorh\u00e1s \u00e9kkan age zom\u00e1 g\u00f3ijj\u00f3 d\u00e9 \u00f3ile. Zodi tu\u00e1\u00f1rtu epoainm\u00e9n not\u00e1kil\u00e9 me\u00e9rbanigori ofis ot no\u00e1icco. Epo\u00e1inm\u00e9n s\u00e1ra tu\u00e1\u00f1r\u00e9 s\u00e9ntar \u00f3t g\u00f3lar ejazot nodib\u00f3, kiy\u00f3lla h\u00f3il\u00e9 rif\u00faji \u00f3kkol or seh\u00e9t arde aram or h\u00e1lot ore f\u00e1kka gorib\u00f3lla epo\u00e1inm\u00e9n or ta\u00e1dat ore mokor\u00f3r gor\u00e1z\u00e1. Fuain rejistar gor\u00f3nor baabote ar\u00f3 maalumat \u00f3kkol <a href=%22https:\/\/refugeemalaysia.org\/rh\/modot\/unhcr-loi-doftor-oon\/tunar-fua-rejistar-goroon\/%22>e\u00e7\u00e9<\/a> fa\u00e1 zaib\u00f3.&#8221; _builder_version=&#8221;4.24.0&#8243; _module_preset=&#8221;default&#8221; global_colors_info=&#8221;{}&#8221; parentOrderClass=&#8221;dsm_faq_0&#8243;][\/dsm_faq_child][dsm_faq_child dsm_title=&#8221;Doft\u00f3r gor\u00e1r dorh\u00e1s diboll\u00e1 y\u00e1toba UNHCR\/ tar\u00e1r pa\u00e1thnar or modot saiboll\u00e1 a\u00f1\u00e1rt\u00fa thia\u00f1 doon zoruri n\u00e9?&#8221; dsm_content=&#8221;No\u00f3. Doft\u00f3rgor\u00e1r y\u00e1 rejistar gor\u00e1r h\u00e9dmot arde UNHCR or habosfonna \u00f3it\u00e9 loi UNHCR arde \u00edbar s\u00e1\u00f1t\u00ed y\u00e1n\u00ed patn\u00e1r \u00f3r \u00f3kkol h\u00e9dmot maana. Zodi zehon\u00f3kiya UNHCR or s\u00e1rv\u00eds y\u00e1ni h\u00e9dmot \u00f3kkol \u00f3lla, ti\u00f1ya sa\u00e1 d\u00e9 \u00f3ile, me\u00e9rbanigori: <a href=%22https:\/\/refugeemalaysia.org\/rh\/taalukat\/%22>Fraud and Corruption Complaint<\/a> f\u00f3rom l\u00f3i repout gor\u00f3 y\u00e1 %22UNHCR Risk, Integration and Oversight Unit%22: er <a href=%22mailto:mlslufrd@unhcr.org%22>mlslufrd@unhcr.org<\/a> \u00f3t email gor\u00f3.&#8221; _builder_version=&#8221;4.24.0&#8243; _module_preset=&#8221;default&#8221; global_colors_info=&#8221;{}&#8221; parentOrderClass=&#8221;dsm_faq_0&#8243;][\/dsm_faq_child][\/dsm_faq][\/et_pb_column][\/et_pb_row][\/et_pb_section]<\/p>\n","protected":false},"excerpt":{"rendered":"<p>UNHCR \u00f3t Registar \u00d3it\u00e9(BFS)<div class=\"et_pb_with_border et_pb_module dsm_faq dsm_faq_0\">\n\t\t\t\t\n\t\t\t\t\n\t\t\t\t\n\t\t\t\t\n\t\t\t\t\n\t\t\t\t\n\t\t\t\t<div class=\"et_pb_module_inner\">\n\t\t\t\t\t<div class=\"dsm-faq-container dsm-front\" data-accordion=\"on\" data-open_first_item=\"on\">\n\t\t\t\t\n\t\t\t <\/div>\n\t\t\t \n\t\t\t\n\t\t\t\t<\/div>\n\t\t\t<\/div><div class=\"dsm_faq_child_0 dsm-faq-item-wrapper\">\n\t\t\t\t<div class=\"dsm-title-wrapper\">\n\t\t\t\t <div class=\"dsm-title-inner-wrapper\">\n\t\t\t\t   \n\t\t\t\t   \n\t\t\t\t   \n\t\t\t\t   \n\t\t\t\t   <h4 class=\"dsm-faq-title\">&#8221;Nuwa<\/h4>\n\t\t\t\t <\/div> \n\t\t\t\t <div class=\"dsm-faq-item-inner-wrapper\">\n\t\t\t\t   <div class=\"dsm_open_icon\"><span>K<\/span><\/div>\n\t\t\t\t   <div class=\"dsm_close_icon\"><span>C<\/span><\/div>\n\t\t\t\t   \n\t\t\t\t   \n\t\t\t\t <\/div>\n\t\t\t\t<\/div>\n\t\t\t\t<div class=\"dsm-faq-content\">&#8221;UNHCR<\/div>\n\t\t\t <\/div>\n\t\t\t<\/p>\n","protected":false},"author":1,"featured_media":0,"parent":37497,"menu_order":0,"comment_status":"closed","ping_status":"closed","template":"","meta":{"_et_pb_use_builder":"on","_et_pb_old_content":"","_et_gb_content_width":"","_exactmetrics_skip_tracking":false,"_exactmetrics_sitenote_active":false,"_exactmetrics_sitenote_note":"","_exactmetrics_sitenote_category":0,"footnotes":""},"class_list":["post-48798","page","type-page","status-publish","hentry"],"_links":{"self":[{"href":"https:\/\/refugeemalaysia.org\/rh\/wp-json\/wp\/v2\/pages\/48798","targetHints":{"allow":["GET"]}}],"collection":[{"href":"https:\/\/refugeemalaysia.org\/rh\/wp-json\/wp\/v2\/pages"}],"about":[{"href":"https:\/\/refugeemalaysia.org\/rh\/wp-json\/wp\/v2\/types\/page"}],"author":[{"embeddable":true,"href":"https:\/\/refugeemalaysia.org\/rh\/wp-json\/wp\/v2\/users\/1"}],"replies":[{"embeddable":true,"href":"https:\/\/refugeemalaysia.org\/rh\/wp-json\/wp\/v2\/comments?post=48798"}],"version-history":[{"count":5,"href":"https:\/\/refugeemalaysia.org\/rh\/wp-json\/wp\/v2\/pages\/48798\/revisions"}],"predecessor-version":[{"id":55286,"href":"https:\/\/refugeemalaysia.org\/rh\/wp-json\/wp\/v2\/pages\/48798\/revisions\/55286"}],"up":[{"embeddable":true,"href":"https:\/\/refugeemalaysia.org\/rh\/wp-json\/wp\/v2\/pages\/37497"}],"wp:attachment":[{"href":"https:\/\/refugeemalaysia.org\/rh\/wp-json\/wp\/v2\/media?parent=48798"}],"curies":[{"name":"wp","href":"https:\/\/api.w.org\/{rel}","templated":true}]}}