{"id":48901,"date":"2021-11-19T17:08:52","date_gmt":"2021-11-19T09:08:52","guid":{"rendered":"https:\/\/refugeemalaysia.org\/support\/refujir-tobkar-mozbut-faisela\/"},"modified":"2024-09-04T09:48:37","modified_gmt":"2024-09-04T01:48:37","slug":"refujir-tobkar-mozbut-faisela","status":"publish","type":"page","link":"https:\/\/refugeemalaysia.org\/rh\/modot\/refujir-tobkar-mozbut-faisela\/","title":{"rendered":"Ref\u00fajir Tobkar Mozbut F\u00e1isela"},"content":{"rendered":"<p>[et_pb_section fb_built=&#8221;1&#8243; admin_label=&#8221;Hero&#8221; _builder_version=&#8221;4.17.4&#8243; use_background_color_gradient=&#8221;on&#8221; background_color_gradient_stops=&#8221;rgba(0,0,0,0.4) 0%|rgba(0,0,0,0.4) 100%&#8221; background_color_gradient_overlays_image=&#8221;on&#8221; background_color_gradient_start=&#8221;rgba(0,0,0,0.4)&#8221; background_color_gradient_end=&#8221;rgba(0,0,0,0.4)&#8221; background_image=&#8221;https:\/\/refugeemalaysia.org\/wp-content\/uploads\/2021\/07\/refugee-status-determination-e1626270637840.jpg&#8221; custom_padding=&#8221;110px|0px|110px|0px|false|false&#8221; animation_style=&#8221;zoom&#8221; animation_intensity_zoom=&#8221;3%&#8221; global_colors_info=&#8221;{}&#8221;][et_pb_row use_custom_gutter=&#8221;on&#8221; gutter_width=&#8221;1&#8243; make_equal=&#8221;on&#8221; _builder_version=&#8221;4.16&#8243; _module_preset=&#8221;default&#8221; custom_padding=&#8221;0px||0px||true|false&#8221; global_colors_info=&#8221;{}&#8221;][et_pb_column type=&#8221;4_4&#8243; _builder_version=&#8221;4.16&#8243; _module_preset=&#8221;default&#8221; global_colors_info=&#8221;{}&#8221;][et_pb_text _builder_version=&#8221;4.16&#8243; _module_preset=&#8221;default&#8221; header_font=&#8221;Poppins|600||on|||||&#8221; header_text_align=&#8221;center&#8221; header_text_color=&#8221;#FFFFFF&#8221; header_font_size=&#8221;50px&#8221; header_text_shadow_style=&#8221;preset3&#8243; global_colors_info=&#8221;{}&#8221;]<\/p>\n<h1>Ref\u00fajir Tobkar Mozbut F\u00e1isela<\/h1>\n<p>[\/et_pb_text][\/et_pb_column][\/et_pb_row][\/et_pb_section][et_pb_section fb_built=&#8221;1&#8243; _builder_version=&#8221;4.16&#8243; _module_preset=&#8221;default&#8221; background_color=&#8221;#FFFFFF&#8221; global_colors_info=&#8221;{}&#8221;][et_pb_row _builder_version=&#8221;4.16&#8243; _module_preset=&#8221;default&#8221; global_colors_info=&#8221;{}&#8221;][et_pb_column type=&#8221;4_4&#8243; _builder_version=&#8221;4.16&#8243; _module_preset=&#8221;default&#8221; global_colors_info=&#8221;{}&#8221;][et_pb_text _builder_version=&#8221;4.16&#8243; _module_preset=&#8221;default&#8221; text_text_color=&#8221;#000000&#8243; custom_padding=&#8221;||||false|false&#8221; custom_padding_tablet=&#8221;||30px||false|false&#8221; custom_padding_phone=&#8221;&#8221; custom_padding_last_edited=&#8221;on|phone&#8221; global_colors_info=&#8221;{}&#8221;]<\/p>\n<p>Rifujir Tobkar y\u00e1 H\u00e1stir Mosbut F\u00e1isela y\u00e1ni (RSD) \u00f3ild\u00e9 e\u00e9n ekk\u00e1n karwaiyi ziyan h\u00f3kumot \u00f3kkole y\u00e1 UNHCR re mosbut f\u00e1isela g\u00f3re d\u00e9 k\u00ed bainelakoumi y\u00e1 dec-bidec or h\u00e9fazot t\u00faar d\u00e9 man\u00faiccw\u00e1 re dec-bidec or, elakar y\u00e1 dec\u00f3r kaanun etebare uggw\u00e1 rif\u00faji h\u00edsafe b\u00e1fa za\u00e1k\u00ed noza\u00e1. Rif\u00fajir tobkar mozbut f\u00e1isela g\u00f3rib\u00f3lla r\u00e1ijjo \u00f3kkol or as\u00f3l z\u00edmma as\u00e9 d\u00e9 \u00f3ile y\u00f3 UNHCR re tar h\u00fakum y\u00e1 mendeit l\u00f3i ore indilla dec \u00f3kkol arde elaka \u00f3kkol \u00f3t RSD gor\u00edf\u00e1re zi\u00edn\u00e9 1951 c\u00f3n or Rif\u00faji Boi\u00e7\u00f3k or paati n\u00f3iy\u00f3 y\u00e1 zar\u00e1 eh\u00f3no f\u00f3jjonto ekkan RSD&#8217;r karwaiyir h\u00e9mayot \u00f3lla kaanuni arde tonzimwala hamor cok\u00f3l kaayem n\u00f3og\u00f3re.<\/p>\n<p>Malaysia 1951 c\u00f3n or Rif\u00faji Boi\u00e7\u00f3k or paati no\u00f3 d\u00e9 \u00ediyan \u00f3lla arde \u00ediyan \u00f3t dec\u00f3r s\u00e1ara diyar nez\u00e1am\u00f3 n\u00e1i d\u00e9 \u00ediyan \u00f3lla, UNHCR re nizor h\u00fakum l\u00f3i Malaysia&#8217;t RSD gor\u00edf\u00e1re. RSD Yunit \u00f3ile d\u00e9 e\u00e9n uggw\u00e1 dip\u00e1rm\u00e9n zib\u00e1ttu eham m\u00e1n gor\u00edb\u00f3r z\u00edmma as\u00e9.<\/p>\n<p>[\/et_pb_text][\/et_pb_column][\/et_pb_row][\/et_pb_section][et_pb_section fb_built=&#8221;1&#8243; _builder_version=&#8221;4.17.4&#8243; _module_preset=&#8221;default&#8221; background_color=&#8221;#efefef&#8221; top_divider_color=&#8221;#0072BC&#8221; top_divider_height=&#8221;50px&#8221; animation_direction=&#8221;top&#8221; locked=&#8221;off&#8221; global_colors_info=&#8221;{}&#8221;][et_pb_row _builder_version=&#8221;4.16&#8243; _module_preset=&#8221;default&#8221; animation_style=&#8221;zoom&#8221; animation_intensity_zoom=&#8221;3%&#8221; global_colors_info=&#8221;{}&#8221;][et_pb_column type=&#8221;4_4&#8243; _builder_version=&#8221;4.16&#8243; _module_preset=&#8221;default&#8221; global_colors_info=&#8221;{}&#8221;][et_pb_text _builder_version=&#8221;4.25.0&#8243; _module_preset=&#8221;default&#8221; header_2_font=&#8221;Poppins|700|||||||&#8221; header_2_text_align=&#8221;center&#8221; header_2_text_color=&#8221;#000000&#8243; hover_enabled=&#8221;0&#8243; global_colors_info=&#8221;{}&#8221; sticky_enabled=&#8221;0&#8243;]<\/p>\n<h2><span>Ref\u00fajir Tobkar Mosbut f\u00e1iselar Mutaalek Jin\u00edc \u00d3kkol<\/span><\/h2>\n<p>[\/et_pb_text][\/et_pb_column][\/et_pb_row][et_pb_row make_equal=&#8221;on&#8221; _builder_version=&#8221;4.17.4&#8243; _module_preset=&#8221;default&#8221; custom_padding=&#8221;||||false|false&#8221; animation_style=&#8221;zoom&#8221; animation_intensity_zoom=&#8221;3%&#8221; global_colors_info=&#8221;{}&#8221;][et_pb_column type=&#8221;4_4&#8243; _builder_version=&#8221;4.16&#8243; _module_preset=&#8221;default&#8221; global_colors_info=&#8221;{}&#8221;][et_pb_video src=&#8221;https:\/\/www.youtube.com\/watch?v=ebBT40YYyM4&#8243; _builder_version=&#8221;4.25.0&#8243; _module_preset=&#8221;default&#8221; hover_enabled=&#8221;0&#8243; sticky_enabled=&#8221;0&#8243;][\/et_pb_video][et_pb_text _builder_version=&#8221;4.25.0&#8243; _module_preset=&#8221;default&#8221; text_font=&#8221;Poppins|600||on|||||&#8221; text_text_color=&#8221;#0072BC&#8221; text_font_size=&#8221;20px&#8221; text_orientation=&#8221;center&#8221; link_option_url=&#8221;https:\/\/www.youtube.com\/watch?v=ebBT40YYyM4&#8243; link_option_url_new_window=&#8221;on&#8221; hover_enabled=&#8221;0&#8243; global_colors_info=&#8221;{}&#8221; locked=&#8221;off&#8221; sticky_enabled=&#8221;0&#8243;]<\/p>\n<p>Ref\u00fajir Tobkar Mosbut F\u00e1iselar W\u00e9binar<\/p>\n<p>[\/et_pb_text][\/et_pb_column][\/et_pb_row][\/et_pb_section][et_pb_section fb_built=&#8221;1&#8243; _builder_version=&#8221;4.25.0&#8243; _module_preset=&#8221;default&#8221; hover_enabled=&#8221;0&#8243; global_colors_info=&#8221;{}&#8221; sticky_enabled=&#8221;0&#8243;][et_pb_row _builder_version=&#8221;4.16&#8243; _module_preset=&#8221;default&#8221; global_colors_info=&#8221;{}&#8221;][et_pb_column type=&#8221;4_4&#8243; _builder_version=&#8221;4.16&#8243; _module_preset=&#8221;default&#8221; global_colors_info=&#8221;{}&#8221;][et_pb_text _builder_version=&#8221;4.24.2&#8243; _module_preset=&#8221;default&#8221; header_2_font=&#8221;Poppins|700|||||||&#8221; header_2_text_align=&#8221;center&#8221; global_colors_info=&#8221;{}&#8221;]<\/p>\n<h2>Kess\u00fa S\u00faal As\u00e9?<\/h2>\n<p>[\/et_pb_text][et_pb_text _builder_version=&#8221;4.24.2&#8243; _module_preset=&#8221;default&#8221; text_orientation=&#8221;center&#8221; custom_padding=&#8221;||||false|false&#8221; custom_padding_tablet=&#8221;||30px||false|false&#8221; custom_padding_phone=&#8221;&#8221; custom_padding_last_edited=&#8221;on|phone&#8221; global_colors_info=&#8221;{}&#8221;]<\/p>\n<p>Ar\u00f3 maalumat faite, me\u00e9rbanigori Rif\u00fajir Tobkar Mozbut F\u00e1iselar baabote Bar-b\u00e1r Fus\u00e1rgor\u00f3 d\u00e9 S\u00fawal(BFS) \u00f3kkol so\u00f3.<\/p>\n<p>[\/et_pb_text][\/et_pb_column][\/et_pb_row][et_pb_row _builder_version=&#8221;4.16&#8243; _module_preset=&#8221;default&#8221; global_colors_info=&#8221;{}&#8221;][et_pb_column type=&#8221;4_4&#8243; _builder_version=&#8221;4.16&#8243; _module_preset=&#8221;default&#8221; global_colors_info=&#8221;{}&#8221;][et_pb_button button_url=&#8221;https:\/\/refugeemalaysia.org\/rh\/modot\/refujir-tobkar-mozbut-faisela\/refujir-tobkar-mozbut-faisela-bfs\/&#8221; button_text=&#8221;Rif\u00fajir Tobkar Mozbut F\u00e1iselar baabote Bar-b\u00e1r Fus\u00e1rgor\u00f3 d\u00e9 S\u00fawal(BFS)&#8221; _builder_version=&#8221;4.17.4&#8243; _module_preset=&#8221;318064b3-81f5-4a7b-8b3a-cd2856a62658&#8243; global_colors_info=&#8221;{}&#8221;][\/et_pb_button][\/et_pb_column][\/et_pb_row][\/et_pb_section]<\/p>\n","protected":false},"excerpt":{"rendered":"<p>Ref\u00fajir Tobkar Mozbut F\u00e1iselaRifujir Tobkar y\u00e1 H\u00e1stir Mosbut F\u00e1isela y\u00e1ni (RSD) \u00f3ild\u00e9 e\u00e9n ekk\u00e1n karwaiyi ziyan h\u00f3kumot \u00f3kkole y\u00e1 UNHCR re mosbut f\u00e1isela g\u00f3re d\u00e9 k\u00ed bainelakoumi y\u00e1 dec-bidec or h\u00e9fazot t\u00faar d\u00e9 man\u00faiccw\u00e1 re dec-bidec or, elakar y\u00e1 dec\u00f3r kaanun etebare uggw\u00e1 rif\u00faji h\u00edsafe b\u00e1fa za\u00e1k\u00ed noza\u00e1. Rif\u00fajir tobkar mozbut f\u00e1isela g\u00f3rib\u00f3lla r\u00e1ijjo \u00f3kkol [&hellip;]<\/p>\n","protected":false},"author":1,"featured_media":0,"parent":16950,"menu_order":0,"comment_status":"closed","ping_status":"closed","template":"","meta":{"_et_pb_use_builder":"on","_et_pb_old_content":"","_et_gb_content_width":"","_exactmetrics_skip_tracking":false,"_exactmetrics_sitenote_active":false,"_exactmetrics_sitenote_note":"","_exactmetrics_sitenote_category":0,"footnotes":""},"class_list":["post-48901","page","type-page","status-publish","hentry"],"_links":{"self":[{"href":"https:\/\/refugeemalaysia.org\/rh\/wp-json\/wp\/v2\/pages\/48901","targetHints":{"allow":["GET"]}}],"collection":[{"href":"https:\/\/refugeemalaysia.org\/rh\/wp-json\/wp\/v2\/pages"}],"about":[{"href":"https:\/\/refugeemalaysia.org\/rh\/wp-json\/wp\/v2\/types\/page"}],"author":[{"embeddable":true,"href":"https:\/\/refugeemalaysia.org\/rh\/wp-json\/wp\/v2\/users\/1"}],"replies":[{"embeddable":true,"href":"https:\/\/refugeemalaysia.org\/rh\/wp-json\/wp\/v2\/comments?post=48901"}],"version-history":[{"count":9,"href":"https:\/\/refugeemalaysia.org\/rh\/wp-json\/wp\/v2\/pages\/48901\/revisions"}],"predecessor-version":[{"id":54642,"href":"https:\/\/refugeemalaysia.org\/rh\/wp-json\/wp\/v2\/pages\/48901\/revisions\/54642"}],"up":[{"embeddable":true,"href":"https:\/\/refugeemalaysia.org\/rh\/wp-json\/wp\/v2\/pages\/16950"}],"wp:attachment":[{"href":"https:\/\/refugeemalaysia.org\/rh\/wp-json\/wp\/v2\/media?parent=48901"}],"curies":[{"name":"wp","href":"https:\/\/api.w.org\/{rel}","templated":true}]}}