{"id":48936,"date":"2021-08-30T13:24:00","date_gmt":"2021-08-30T05:24:00","guid":{"rendered":"https:\/\/refugeemalaysia.org\/support\/bewotoni\/"},"modified":"2024-09-22T20:29:37","modified_gmt":"2024-09-22T12:29:37","slug":"statelessness","status":"publish","type":"page","link":"https:\/\/refugeemalaysia.org\/rh\/modot\/statelessness\/","title":{"rendered":"Bewot\u00f3ni"},"content":{"rendered":"<p>[et_pb_section fb_built=&#8221;1&#8243; admin_label=&#8221;Hero&#8221; _builder_version=&#8221;4.16&#8243; use_background_color_gradient=&#8221;on&#8221; background_color_gradient_stops=&#8221;rgba(0,0,0,0.4) 0%|rgba(0,0,0,0.4) 100%&#8221; background_color_gradient_overlays_image=&#8221;on&#8221; background_color_gradient_start=&#8221;rgba(0,0,0,0.4)&#8221; background_color_gradient_end=&#8221;rgba(0,0,0,0.4)&#8221; background_image=&#8221;https:\/\/refugeemalaysia.org\/wp-content\/uploads\/2022\/04\/statelessness.jpg&#8221; custom_padding=&#8221;110px|0px|110px|0px|false|false&#8221; animation_style=&#8221;zoom&#8221; animation_intensity_zoom=&#8221;3%&#8221; global_colors_info=&#8221;{}&#8221;][et_pb_row use_custom_gutter=&#8221;on&#8221; gutter_width=&#8221;1&#8243; make_equal=&#8221;on&#8221; _builder_version=&#8221;4.16&#8243; _module_preset=&#8221;default&#8221; custom_padding=&#8221;0px||0px||true|false&#8221; global_colors_info=&#8221;{}&#8221;][et_pb_column type=&#8221;4_4&#8243; _builder_version=&#8221;4.16&#8243; _module_preset=&#8221;default&#8221; global_colors_info=&#8221;{}&#8221;][et_pb_text _builder_version=&#8221;4.16&#8243; _module_preset=&#8221;default&#8221; header_font=&#8221;Poppins|600||on|||||&#8221; header_text_align=&#8221;center&#8221; header_text_color=&#8221;#FFFFFF&#8221; header_font_size=&#8221;50px&#8221; header_text_shadow_style=&#8221;preset3&#8243; global_colors_info=&#8221;{}&#8221;]<\/p>\n<h1>Bewot\u00f3ni<\/h1>\n<p>[\/et_pb_text][\/et_pb_column][\/et_pb_row][\/et_pb_section][et_pb_section fb_built=&#8221;1&#8243; _builder_version=&#8221;4.16&#8243; _module_preset=&#8221;default&#8221; custom_margin=&#8221;||||false|false&#8221; custom_padding=&#8221;10px||0px||false|false&#8221; global_colors_info=&#8221;{}&#8221;][et_pb_row make_equal=&#8221;on&#8221; _builder_version=&#8221;4.16&#8243; _module_preset=&#8221;default&#8221; custom_padding=&#8221;||10px||false|false&#8221; animation_style=&#8221;zoom&#8221; animation_intensity_zoom=&#8221;3%&#8221; global_colors_info=&#8221;{}&#8221;][et_pb_column type=&#8221;4_4&#8243; _builder_version=&#8221;4.16&#8243; _module_preset=&#8221;default&#8221; custom_css_main_element=&#8221;margin:auto;&#8221; global_colors_info=&#8221;{}&#8221;][et_pb_text _builder_version=&#8221;4.16&#8243; _module_preset=&#8221;default&#8221; global_colors_info=&#8221;{}&#8221;]<\/p>\n<p>Ref\u00fajir uore tar hamgor\u00e1r ektiyar as\u00e9 d\u00e9 \u00ediyan s\u00e1ra, UNHCR \u00e9ndilla uggw\u00e1 eg\u00e9nsi zib\u00e1 re UN or a\u00e1m mojlis\u00e9 bewot\u00f3ni h\u00f3l g\u00f3rar h\u00f3kum d\u00edye.<\/p>\n<p>Wot\u00f3n s\u00e1ra y\u00e1ni dec sara man\u00faic \u00f3ib\u00e1 zib\u00e1 r\u00e9 zehon\u00f3 dec\u00e9 tar kaanun mutafek ek zon dec\u00f3itta h\u00edsaf\u00e9 mani nol\u00f3. Tam\u00e1m duniat wot\u00f3n s\u00e1ra man\u00faic 10 milion as\u00e9 h\u00f3i UNHCR re antaz g\u00f3ijje. Bewot\u00f3ni doilla-bodoilla waj\u00e1 l\u00f3i \u00f3itf\u00e1re, ze\u00e7\u00e9 c\u00e1mil \u00e1se h\u00e1as koum y\u00e1 d\u00f3rmo gr\u00fap \u00f3kkol for\u00f3kgora y\u00e1 morotmaiyar uore darmudar gor\u00ed \u00f3o d\u00e9 b\u00e9dabed; nuwa r\u00e1ijjor emaj\u00e9ns\u00ed arde as\u00e9 d\u00e9 r\u00e1ijjo \u00f3kkol or maz\u00e9 elaka h\u00e1walag\u00f3ra(r\u00e1ijjor miraas b\u00e1gg\u00f3ra); dec\u00f3ittayir kaanun loi h\u00f3ijja.<\/p>\n<p>[\/et_pb_text][et_pb_image src=&#8221;https:\/\/refugeemalaysia.org\/wp-content\/uploads\/2022\/04\/statelessness.jpg&#8221; title_text=&#8221;bewot\u00f3ni&#8221; show_bottom_space=&#8221;off&#8221; _builder_version=&#8221;4.16&#8243; _module_preset=&#8221;default&#8221; custom_margin=&#8221;||||false|false&#8221; custom_padding=&#8221;20px||20px||false|false&#8221; border_radii=&#8221;on|10px|10px|10px|10px&#8221; box_shadow_style=&#8221;preset1&#8243; global_colors_info=&#8221;{}&#8221;][\/et_pb_image][\/et_pb_column][\/et_pb_row][et_pb_row _builder_version=&#8221;4.16&#8243; _module_preset=&#8221;default&#8221; custom_padding=&#8221;0px||40px||false|false&#8221; animation_style=&#8221;slide&#8221; animation_direction=&#8221;top&#8221; animation_intensity_slide=&#8221;3%&#8221; global_colors_info=&#8221;{}&#8221;][et_pb_column type=&#8221;4_4&#8243; _builder_version=&#8221;4.16&#8243; _module_preset=&#8221;default&#8221; global_colors_info=&#8221;{}&#8221;][et_pb_text _builder_version=&#8221;4.21.0&#8243; _module_preset=&#8221;default&#8221; global_colors_info=&#8221;{}&#8221;]<\/p>\n<p>Waj\u00e1 ziy\u00e1n \u00f3ib\u00f3 \u00f3ok, t\u00f3kriban f\u00f3ttidec\u00f3r arde duniar \u00f3kkol elakar man\u00faic \u00f3kkol \u00f3lla bewot\u00f3nir k\u00fab h\u00e1raf notiza \u00f3kkol as\u00e9. Bewot\u00f3n y\u00e1ni dec s\u00e1ra manc\u00f3ttu \u00e1ks\u00e9r h\u00f3k \u00f3kkol foonor h\u00f3dbondi \u00e1se z\u00e9ndilla nek\u00ed forisor habosfonna \u00f3kkol, ruzgar, talim y\u00e1 el\u00f3m arde seh\u00e9t\u00ed hedmot \u00f3kkol. Bewot\u00f3ni ye z\u00e9ndilla zurgor\u00ed b\u00e1\u00e7a s\u00e1ragor\u00e9 t\u00edk \u00e9ndilla zurgor\u00ed b\u00ed\u00e7a s\u00e1ra gor\u00e9 d\u00e9 \u00ediyan\u00e9 bewot\u00f3ni g\u00f3re.<\/p>\n<p>Kiy\u00f3lla h\u00f3ile r\u00e1ijjo \u00f3kkole dec\u00f3ittayir muta\u00e1llek torika \u00f3kkol banai, UNHCR re h\u00f3kumot \u00f3kkol, \u00f3inno UN eg\u00e9nsi \u00f3kkol arde a\u00e1m manc\u00f3r muta\u00e1lek c\u00f3mac l\u00f3i hamgor\u00e9 taak\u00e9 bewot\u00f3ni h\u00f3l g\u00f3ritf\u00e1re.<\/p>\n<p>[\/et_pb_text][et_pb_button button_url=&#8221;https:\/\/www.unhcr.org\/ibelong\/global-action-plan-2014-2024\/&#8221; url_new_window=&#8221;on&#8221; button_text=&#8221;Bewot\u00f3ni H\u00f3tom G\u00f3rib\u00f3r K\u00falduniar Hamor Plan&#8221; button_alignment=&#8221;center&#8221; _builder_version=&#8221;4.16&#8243; _module_preset=&#8221;default&#8221; custom_button=&#8221;on&#8221; button_text_color=&#8221;#000000&#8243; button_bg_color=&#8221;#FAEB00&#8243; button_border_color=&#8221;#FAEB00&#8243; button_border_radius=&#8221;10px&#8221; button_font=&#8221;Poppins||||||||&#8221; background_layout=&#8221;dark&#8221; global_colors_info=&#8221;{}&#8221; button_text_color__hover=&#8221;#000000&#8243; button_text_color__hover_enabled=&#8221;on|hover&#8221; button_bg_color__hover=&#8221;#FAEB00&#8243; button_bg_color__hover_enabled=&#8221;on|hover&#8221; button_border_color__hover_enabled=&#8221;on|hover&#8221; button_border_color__hover=&#8221;#000000&#8243; button_bg_enable_color__hover=&#8221;on&#8221;][\/et_pb_button][\/et_pb_column][\/et_pb_row][\/et_pb_section][et_pb_section fb_built=&#8221;1&#8243; _builder_version=&#8221;4.24.2&#8243; _module_preset=&#8221;default&#8221; background_color=&#8221;#efefef&#8221; custom_padding=&#8221;60px||10px||false|false&#8221; top_divider_height=&#8221;50px&#8221; top_divider_flip=&#8221;vertical&#8221; hover_enabled=&#8221;0&#8243; global_colors_info=&#8221;{}&#8221; sticky_enabled=&#8221;0&#8243;][et_pb_row _builder_version=&#8221;4.16&#8243; _module_preset=&#8221;default&#8221; custom_padding=&#8221;||0px||false|false&#8221; animation_style=&#8221;zoom&#8221; animation_intensity_zoom=&#8221;3%&#8221; global_colors_info=&#8221;{}&#8221;][et_pb_column type=&#8221;4_4&#8243; _builder_version=&#8221;4.16&#8243; _module_preset=&#8221;default&#8221; global_colors_info=&#8221;{}&#8221;][et_pb_text _builder_version=&#8221;4.24.2&#8243; _module_preset=&#8221;default&#8221; header_2_font=&#8221;Poppins|700|||||||&#8221; header_2_text_align=&#8221;center&#8221; header_2_font_size=&#8221;30px&#8221; animation_style=&#8221;slide&#8221; animation_direction=&#8221;top&#8221; animation_intensity_slide=&#8221;3%&#8221; hover_enabled=&#8221;0&#8243; global_colors_info=&#8221;{}&#8221; sticky_enabled=&#8221;0&#8243;]<\/p>\n<h2>Bewot\u00f3nir Uore Ham Gor\u00e9dd\u00e9 Tonzim \u00d3kkol<\/h2>\n<p>[\/et_pb_text][\/et_pb_column][\/et_pb_row][et_pb_row make_equal=&#8221;on&#8221; _builder_version=&#8221;4.16&#8243; _module_preset=&#8221;default&#8221; custom_padding=&#8221;||||false|false&#8221; animation_style=&#8221;zoom&#8221; animation_intensity_zoom=&#8221;3%&#8221; global_colors_info=&#8221;{}&#8221;][et_pb_column type=&#8221;4_4&#8243; _builder_version=&#8221;4.16&#8243; _module_preset=&#8221;default&#8221; custom_css_main_element=&#8221;margin:auto;&#8221; global_colors_info=&#8221;{}&#8221;][et_pb_text _builder_version=&#8221;4.24.2&#8243; _module_preset=&#8221;default&#8221; hover_enabled=&#8221;0&#8243; global_colors_info=&#8221;{}&#8221; sticky_enabled=&#8221;0&#8243;]<\/p>\n<p>Gang Elaka \u00d3kkol \u00f3lla Ins\u00e1ni C\u00f3mfot or Torki y\u00e1 (DHRRA) Malaysia \u00f3ilde uggw\u00e1 a v\u00f3lontiar lafs\u00e1ra ar os\u00edas\u00ed tonzim zibay\u00e9 2009 t\u00fadori bewot\u00f3n mann\u00educ or\u00e9 modot gor\u00edbar hamgore. DHRRA e bewot\u00f3n man\u00faic \u00f3kkol zar\u00e1 dec\u00f3ittayi y\u00e1 dec\u00f3ittayir s\u00f3but or habosfonna \u00f3kkol faiboll\u00e1 sa\u00e1 \u00edtara r\u00e9 maalumat di or\u00e9 modotgore. <\/p>\n<p>[\/et_pb_text][\/et_pb_column][\/et_pb_row][et_pb_row use_custom_gutter=&#8221;on&#8221; _builder_version=&#8221;4.16&#8243; _module_preset=&#8221;default&#8221; custom_padding=&#8221;||||false|false&#8221; animation_style=&#8221;zoom&#8221; animation_intensity_zoom=&#8221;3%&#8221; global_colors_info=&#8221;{}&#8221;][et_pb_column type=&#8221;4_4&#8243; _builder_version=&#8221;4.16&#8243; _module_preset=&#8221;default&#8221; custom_css_main_element=&#8221;margin:auto;&#8221; global_colors_info=&#8221;{}&#8221;][et_pb_text _builder_version=&#8221;4.24.2&#8243; _module_preset=&#8221;default&#8221; header_3_font=&#8221;Poppins|700|||||||&#8221; hover_enabled=&#8221;0&#8243; global_colors_info=&#8221;{}&#8221; sticky_enabled=&#8221;0&#8243;]<\/p>\n<h3>Gang Elaka \u00d3kkol or Ins\u00e1ni C\u00f3mfot Torkigor\u00e1r Dai y\u00e1 (DHRRA)<\/h3>\n<p>[\/et_pb_text][et_pb_code _builder_version=&#8221;4.16&#8243; _module_preset=&#8221;default&#8221; global_colors_info=&#8221;{}&#8221;]<iframe src=\"https:\/\/www.google.com\/maps\/embed?pb=!1m18!1m12!1m3!1d15935.980745210083!2d101.59785527676345!3d3.0959383139287553!2m3!1f0!2f0!3f0!3m2!1i1024!2i768!4f13.1!3m3!1m2!1s0x31cc4bfa1c4f0ddf%3A0xf1eadb3c232a5ac5!2sDHRRA%20Malaysia!5e0!3m2!1sen!2smy!4v1630314675963!5m2!1sen!2smy\" width=\"100%\" height=\"450\" style=\"border:0;\" allowfullscreen=\"\" loading=\"lazy\"><\/iframe>[\/et_pb_code][et_pb_text _builder_version=&#8221;4.24.2&#8243; _module_preset=&#8221;default&#8221; link_font=&#8221;Poppins||||||||&#8221; global_colors_info=&#8221;{}&#8221; sticky_enabled=&#8221;0&#8243;]<\/p>\n<p>T\u00edkana: 301 302 Blo\u00f3k E Kelana Parkviu, NO 1, SS 6\/2, Kelana Jaya 47300 Petaling Jaya, Selangor, Malaysia<\/p>\n<p>[\/et_pb_text][et_pb_text _builder_version=&#8221;4.24.2&#8243; _module_preset=&#8221;default&#8221; link_font=&#8221;Poppins||||||||&#8221; global_colors_info=&#8221;{}&#8221; sticky_enabled=&#8221;0&#8243;]<\/p>\n<p>W\u00e9bsaith: <a href=\"http:\/\/dhrramalaysia.org.my\" target=\"_blank\" rel=\"noopener\">http:\/\/dhrramalaysia.org.my<\/a><\/p>\n<p>[\/et_pb_text][et_pb_text _builder_version=&#8221;4.24.2&#8243; _module_preset=&#8221;default&#8221; link_font=&#8221;Poppins||||||||&#8221; hover_enabled=&#8221;0&#8243; global_colors_info=&#8221;{}&#8221; sticky_enabled=&#8221;0&#8243;]<\/p>\n<p><a href=\"http:\/\/dhrramalaysia.org.my\" target=\"_blank\" rel=\"noopener\"><\/a>Email: <a href=\"mailto:general@dhrramalaysia.org.my\" target=\"_blank\" rel=\"noopener\">general@dhrramalaysia.org.my<\/a><\/p>\n<p>[\/et_pb_text][et_pb_text _builder_version=&#8221;4.24.2&#8243; _module_preset=&#8221;default&#8221; link_font=&#8221;Poppins||||||||&#8221; hover_enabled=&#8221;0&#8243; global_colors_info=&#8221;{}&#8221; sticky_enabled=&#8221;0&#8243;]<\/p>\n<p>Telef\u00fan: <a href=\"tel:+60378873371\" target=\"_blank\" rel=\"noopener\">+603 7887 3371<\/a> \/ <a href=\"tel:+60378877271\" target=\"_blank\" rel=\"noopener\">+603 7887 7271<\/a><\/p>\n<p>[\/et_pb_text][\/et_pb_column][\/et_pb_row][\/et_pb_section]<\/p>\n","protected":false},"excerpt":{"rendered":"<p>Bewot\u00f3niRef\u00fajir uore tar hamgor\u00e1r ektiyar as\u00e9 d\u00e9 \u00ediyan s\u00e1ra, UNHCR \u00e9ndilla uggw\u00e1 eg\u00e9nsi zib\u00e1 re UN or a\u00e1m mojlis\u00e9 bewot\u00f3ni h\u00f3l g\u00f3rar h\u00f3kum d\u00edye. Wot\u00f3n s\u00e1ra y\u00e1ni dec sara man\u00faic \u00f3ib\u00e1 zib\u00e1 r\u00e9 zehon\u00f3 dec\u00e9 tar kaanun mutafek ek zon dec\u00f3itta h\u00edsaf\u00e9 mani nol\u00f3. Tam\u00e1m duniat wot\u00f3n s\u00e1ra man\u00faic 10 milion as\u00e9 h\u00f3i UNHCR re [&hellip;]<\/p>\n","protected":false},"author":149,"featured_media":0,"parent":16950,"menu_order":0,"comment_status":"closed","ping_status":"closed","template":"","meta":{"_et_pb_use_builder":"on","_et_pb_old_content":"","_et_gb_content_width":"","_exactmetrics_skip_tracking":false,"_exactmetrics_sitenote_active":false,"_exactmetrics_sitenote_note":"","_exactmetrics_sitenote_category":0,"footnotes":""},"class_list":["post-48936","page","type-page","status-publish","hentry"],"_links":{"self":[{"href":"https:\/\/refugeemalaysia.org\/rh\/wp-json\/wp\/v2\/pages\/48936","targetHints":{"allow":["GET"]}}],"collection":[{"href":"https:\/\/refugeemalaysia.org\/rh\/wp-json\/wp\/v2\/pages"}],"about":[{"href":"https:\/\/refugeemalaysia.org\/rh\/wp-json\/wp\/v2\/types\/page"}],"author":[{"embeddable":true,"href":"https:\/\/refugeemalaysia.org\/rh\/wp-json\/wp\/v2\/users\/149"}],"replies":[{"embeddable":true,"href":"https:\/\/refugeemalaysia.org\/rh\/wp-json\/wp\/v2\/comments?post=48936"}],"version-history":[{"count":4,"href":"https:\/\/refugeemalaysia.org\/rh\/wp-json\/wp\/v2\/pages\/48936\/revisions"}],"predecessor-version":[{"id":55386,"href":"https:\/\/refugeemalaysia.org\/rh\/wp-json\/wp\/v2\/pages\/48936\/revisions\/55386"}],"up":[{"embeddable":true,"href":"https:\/\/refugeemalaysia.org\/rh\/wp-json\/wp\/v2\/pages\/16950"}],"wp:attachment":[{"href":"https:\/\/refugeemalaysia.org\/rh\/wp-json\/wp\/v2\/media?parent=48936"}],"curies":[{"name":"wp","href":"https:\/\/api.w.org\/{rel}","templated":true}]}}