{"id":49491,"date":"2022-03-02T11:55:15","date_gmt":"2022-03-02T03:55:15","guid":{"rendered":"https:\/\/refugeemalaysia.org\/support\/elom\/"},"modified":"2025-06-10T14:57:36","modified_gmt":"2025-06-10T06:57:36","slug":"elom","status":"publish","type":"page","link":"https:\/\/refugeemalaysia.org\/rh\/modot\/elom\/","title":{"rendered":"El\u00f3m"},"content":{"rendered":"<p>[et_pb_section fb_built=&#8221;1&#8243; admin_label=&#8221;Hero&#8221; _builder_version=&#8221;4.16&#8243; use_background_color_gradient=&#8221;on&#8221; background_color_gradient_stops=&#8221;rgba(0,0,0,0.4) 0%|rgba(0,0,0,0.4) 100%&#8221; background_color_gradient_overlays_image=&#8221;on&#8221; background_color_gradient_start=&#8221;rgba(0,0,0,0.4)&#8221; background_color_gradient_end=&#8221;rgba(0,0,0,0.4)&#8221; background_image=&#8221;https:\/\/refugeemalaysia.org\/wp-content\/uploads\/2021\/03\/education.jpg&#8221; custom_padding=&#8221;110px|0px|110px|0px|false|false&#8221; animation_style=&#8221;zoom&#8221; animation_intensity_zoom=&#8221;3%&#8221; global_colors_info=&#8221;{}&#8221;][et_pb_row use_custom_gutter=&#8221;on&#8221; gutter_width=&#8221;1&#8243; make_equal=&#8221;on&#8221; _builder_version=&#8221;4.16&#8243; _module_preset=&#8221;default&#8221; custom_padding=&#8221;0px||0px||true|false&#8221; global_colors_info=&#8221;{}&#8221;][et_pb_column type=&#8221;4_4&#8243; _builder_version=&#8221;4.16&#8243; _module_preset=&#8221;default&#8221; global_colors_info=&#8221;{}&#8221;][et_pb_text _builder_version=&#8221;4.16&#8243; _module_preset=&#8221;default&#8221; header_font=&#8221;Poppins|600||on|||||&#8221; header_text_align=&#8221;center&#8221; header_text_color=&#8221;#FFFFFF&#8221; header_font_size=&#8221;50px&#8221; header_text_shadow_style=&#8221;preset3&#8243; global_colors_info=&#8221;{}&#8221;]<\/p>\n<h1>El\u00f3m<\/h1>\n<p>[\/et_pb_text][\/et_pb_column][\/et_pb_row][\/et_pb_section][et_pb_section fb_built=&#8221;1&#8243; _builder_version=&#8221;4.16&#8243; _module_preset=&#8221;default&#8221; global_colors_info=&#8221;{}&#8221;][et_pb_row _builder_version=&#8221;4.16&#8243; _module_preset=&#8221;default&#8221; global_colors_info=&#8221;{}&#8221;][et_pb_column type=&#8221;4_4&#8243; _builder_version=&#8221;4.16&#8243; _module_preset=&#8221;default&#8221; global_colors_info=&#8221;{}&#8221;][et_pb_text _builder_version=&#8221;4.27.4&#8243; _module_preset=&#8221;default&#8221; hover_enabled=&#8221;0&#8243; global_colors_info=&#8221;{}&#8221; sticky_enabled=&#8221;0&#8243;]<\/p>\n<p>Malaysiat, ref\u00faji arde s\u00e1ara-toword\u00e9 fuain arde nojuwan \u00f3kkol or\u00e9 zehon\u00f3 tobkar h\u00f3kumot or \u00e9skul \u00f3t f\u00f3nna for\u00e1r ejazot node. Tar\u00e1 sir\u00edf UNHCR arde tar patnar \u00f3kkole s\u00e1\u00f1t ded\u00e9 gair ros\u00f3mi kounor taalimi sentar \u00f3kkol or zoriya el\u00f3m h\u00e1sel g\u00f3ritf\u00e1re. Fura Penninsula Malaysia&#8217;t UNHCR r\u00e9 mani loiy\u00e9 d\u00e9 \u00edndilla 150 c\u00e1n taalimi sentar as\u00e9, l\u00e9kin \u00ediyan or maani e\u00e9n noid\u00e9 ki taalimi senthar y\u00e1 estaf \u00f3kkole UNHCR or torf\u00f3ttu hon\u00f3 maali modot fa\u00e1.<\/p>\n<p>Tu\u00e1\u00f1r ha\u00f1s\u00f3r ekk\u00e1n taalimi senthar tuwod\u00e9 \u00f3ile, me\u00e9rbanigori f\u00f3tti tobkar el\u00f3m \u00f3lla nisort\u00fa as\u00e9 d\u00e9 ref\u00faji arde s\u00e1ara tuwouya \u00f3kkol or taalimi senthar or li\u00eds \u00f3kkol or\u00e9 tuw\u00e1jju do\u00f3. F\u00f3tti taalimi senthar r\u00e9 alad\u00e1-alad\u00e1 h\u00f3ros dabigor\u00e9 ar dah\u00e9l \u00f3lla alad\u00e1-alad\u00e1 fol\u00f3si arde niyom as\u00e9. Taalimi senthar begg\u00fan\u00e9 f\u00eds y\u00e1ni h\u00f3ros l\u00f3de no\u00f3. Me\u00e9rbanigor\u00ed, taalimi morkos \u00f3kkol ore, tar\u00e1r f\u00eds ar fol\u00f3si \u00f3kkol kiki as\u00e9 \u00ediyan zanib\u00f3ll\u00e1, dha\u00e1rik taalukat gor\u00f3o. F\u00e1n hom as\u00e9 d\u00e9 \u00ediyan \u00f3lla, UNHCR r\u00e9 \u00e9skul or f\u00edis \u00f3lla maali modot dinofar\u00e9.<\/p>\n<p>Nisort\u00fa li\u00eds g\u00f3ijja as\u00e9 d\u00e9 taalimi senthar \u00f3kkol or\u00e9 e <a href=\"https:\/\/refugeemalaysia.org\/wp-content\/uploads\/2025\/06\/UNHCR-Guideline-for-Learning-Centres.pdf\" target=\"_blank\" rel=\"noopener\">dostur<\/a> g\u00edn or uore darmudar gor\u00ed UNHCR re maani loiy\u00e9. Zodi tu\u00f1\u00ed taalimi senthar or\u00e9 UNHCR r\u00e9 maani loib\u00f3lla arde nisor li\u00eds \u00f3t c\u00e1mil g\u00f3itto so\u00f3 d\u00e9 \u00f3ile, me\u00e9rbanigori dostur g\u00edn buz\u00edb\u00f3lla for\u00f3 ar e karwaiyi g\u00edn for\u00f3 zi\u00edn or zoriya UNHCR r\u00e9 Malaysiat taalimi sentar \u00f3kkol maani lo\u00f3.<\/p>\n<p>[\/et_pb_text][\/et_pb_column][\/et_pb_row][\/et_pb_section][et_pb_section fb_built=&#8221;1&#8243; _builder_version=&#8221;4.16&#8243; _module_preset=&#8221;default&#8221; background_color=&#8221;#efefef&#8221; global_colors_info=&#8221;{}&#8221;][et_pb_row _builder_version=&#8221;4.16&#8243; _module_preset=&#8221;default&#8221; global_colors_info=&#8221;{}&#8221;][et_pb_column type=&#8221;4_4&#8243; _builder_version=&#8221;4.16&#8243; _module_preset=&#8221;default&#8221; global_colors_info=&#8221;{}&#8221;][et_pb_text _builder_version=&#8221;4.16&#8243; _module_preset=&#8221;default&#8221; header_2_font=&#8221;Poppins|700|||||||&#8221; header_2_text_align=&#8221;center&#8221; header_2_text_color=&#8221;#000000&#8243; global_colors_info=&#8221;{}&#8221;]<\/p>\n<h2>Pre-praimari \/ \u00c9btedayi Gurahalor El\u00f3m<\/h2>\n<p>[\/et_pb_text][\/et_pb_column][\/et_pb_row][et_pb_row column_structure=&#8221;1_2,1_2&#8243; make_equal=&#8221;on&#8221; _builder_version=&#8221;4.16&#8243; _module_preset=&#8221;default&#8221; global_colors_info=&#8221;{}&#8221;][et_pb_column type=&#8221;1_2&#8243; _builder_version=&#8221;4.16&#8243; _module_preset=&#8221;default&#8221; custom_css_main_element=&#8221;margin: auto;&#8221; global_colors_info=&#8221;{}&#8221;][et_pb_text _builder_version=&#8221;4.16&#8243; _module_preset=&#8221;default&#8221; text_text_color=&#8221;#000000&#8243; link_font=&#8221;Poppins||||on||||&#8221; link_text_color=&#8221;#0072BC&#8221; custom_padding=&#8221;||||false|false&#8221; custom_padding_tablet=&#8221;||30px||false|false&#8221; custom_padding_phone=&#8221;&#8221; custom_padding_last_edited=&#8221;on|phone&#8221; global_colors_info=&#8221;{}&#8221;]<\/p>\n<p>Pre-praimari \/ \u00edbtedayi gurahalor el\u00f3m m\u00e1n 3 bos\u00f3r \u00f3ttu 6 bos\u00f3r boc \u00f3iye d\u00e9 fuain d\u00f3ll\u00e1. Iiyan fuaind\u00f3r\u00e9 \u00e9btedayi el\u00f3m \u00f3lla toyar gor\u00e9.<\/p>\n<p>\u00c9btedayir agor el\u00f3m \u00f3ild\u00e9 zuban arde c\u00f3mazi \u00e9skil \u00f3kkol be\u00e9t\u00f3r banai b\u00f3lla arde buniyadi muntak\u00ed ar b\u00e1f\u00edzanar \u00e9skil torki gor\u00ed oinno fuain arde \u00fastat \u00f3kkol loi milamic\u00e1 gor\u00e1r uore zu\u00fardiya. Fuaind\u00f3r\u00e9 h\u00faruf arde nomb\u00f3r \u00f3kkol or foriso gor\u00e1id\u00e9 ar tar\u00e1r maah\u00fal or\u00e9 doriaf gor\u00f3nor h\u00f3usalad\u00e9.<\/p>\n<p>Me\u00e9rbanigor\u00ed, taalimi morkos \u00f3kkol ore, tar\u00e1r f\u00eds ar fol\u00f3si \u00f3kkol kiki as\u00e9 \u00ediyan zanib\u00f3ll\u00e1, dha\u00e1rik taalukat gor\u00f3o. F\u00e1n hom as\u00e9 d\u00e9 \u00ediyan \u00f3lla, UNHCR r\u00e9 \u00e9skul or f\u00edis \u00f3lla maali modot dinofar\u00e9. Nisor taalimi sentar g\u00edn\u00e9 ref\u00faji arde s\u00e1ara-tuwouya \u00f3kkol or\u00e9 pre-praimari \/ \u00e9btedayi gurahalor el\u00f3m pe\u00e9cgor\u00e9.<\/p>\n<p>[\/et_pb_text][et_pb_button button_url=&#8221;https:\/\/refugeemalaysia.org\/support\/education\/pre-primary-learning-centres\/&#8221; button_text=&#8221;Taalimi sentar \u00f3kkol or Li\u00eds.&#8221; _builder_version=&#8221;4.16&#8243; _module_preset=&#8221;318064b3-81f5-4a7b-8b3a-cd2856a62658&#8243; global_colors_info=&#8221;{}&#8221;][\/et_pb_button][\/et_pb_column][et_pb_column type=&#8221;1_2&#8243; _builder_version=&#8221;4.16&#8243; _module_preset=&#8221;default&#8221; custom_css_main_element=&#8221;margin: auto;&#8221; global_colors_info=&#8221;{}&#8221;][et_pb_image src=&#8221;https:\/\/refugeemalaysia.org\/wp-content\/uploads\/2022\/04\/pre-primary-education-1.jpg&#8221; title_text=&#8221;pre-primary-el\u00f3m&#8221; _builder_version=&#8221;4.16&#8243; _module_preset=&#8221;default&#8221; border_radii=&#8221;on|10px|10px|10px|10px&#8221; box_shadow_style=&#8221;preset1&#8243; global_colors_info=&#8221;{}&#8221;][\/et_pb_image][\/et_pb_column][\/et_pb_row][\/et_pb_section][et_pb_section fb_built=&#8221;1&#8243; _builder_version=&#8221;4.16&#8243; _module_preset=&#8221;default&#8221; background_color=&#8221;#FFFFFF&#8221; global_colors_info=&#8221;{}&#8221;][et_pb_row _builder_version=&#8221;4.16&#8243; _module_preset=&#8221;default&#8221; global_colors_info=&#8221;{}&#8221;][et_pb_column type=&#8221;4_4&#8243; _builder_version=&#8221;4.16&#8243; _module_preset=&#8221;default&#8221; global_colors_info=&#8221;{}&#8221;][et_pb_text _builder_version=&#8221;4.16&#8243; _module_preset=&#8221;default&#8221; header_2_font=&#8221;Poppins|700|||||||&#8221; header_2_text_align=&#8221;center&#8221; header_2_text_color=&#8221;#000000&#8243; global_colors_info=&#8221;{}&#8221;]<\/p>\n<h2>Primary \/ \u00c9btedayi El\u00f3m<\/h2>\n<p>[\/et_pb_text][\/et_pb_column][\/et_pb_row][et_pb_row column_structure=&#8221;1_2,1_2&#8243; make_equal=&#8221;on&#8221; _builder_version=&#8221;4.16&#8243; _module_preset=&#8221;default&#8221; global_colors_info=&#8221;{}&#8221;][et_pb_column type=&#8221;1_2&#8243; _builder_version=&#8221;4.16&#8243; _module_preset=&#8221;default&#8221; custom_css_main_element=&#8221;margin: auto;&#8221; global_colors_info=&#8221;{}&#8221;][et_pb_image src=&#8221;https:\/\/refugeemalaysia.org\/wp-content\/uploads\/2022\/04\/primary-education.jpg&#8221; title_text=&#8221;primary-el\u00f3m&#8221; _builder_version=&#8221;4.16&#8243; _module_preset=&#8221;default&#8221; border_radii=&#8221;on|10px|10px|10px|10px&#8221; box_shadow_style=&#8221;preset1&#8243; global_colors_info=&#8221;{}&#8221;][\/et_pb_image][\/et_pb_column][et_pb_column type=&#8221;1_2&#8243; _builder_version=&#8221;4.16&#8243; _module_preset=&#8221;default&#8221; custom_css_main_element=&#8221;margin: auto;&#8221; global_colors_info=&#8221;{}&#8221;][et_pb_text _builder_version=&#8221;4.16&#8243; _module_preset=&#8221;default&#8221; text_text_color=&#8221;#000000&#8243; link_font=&#8221;Poppins||||on||||&#8221; link_text_color=&#8221;#0072BC&#8221; custom_padding=&#8221;||||false|false&#8221; custom_padding_tablet=&#8221;||30px||false|false&#8221; custom_padding_phone=&#8221;&#8221; custom_padding_last_edited=&#8221;on|phone&#8221; global_colors_info=&#8221;{}&#8221;]<\/p>\n<p>Primary el\u00f3m h\u00f3d\u00e9 \u00ediyan 6 b\u00f3sor \u00f3ttu 13 bos\u00f3ijja fuain \u00f3kkol \u00f3lla. \u00cdiyan\u00e9 tar\u00e1 r\u00e9 for\u00e1, lek\u00e1 arde h\u00edsab or mouz\u00fa c\u00edka. \u00cdiyan\u00e9 ar\u00f3 el\u00f3m or \u00f3kkol zagat for\u00edb\u00f3r f\u00f3ndic\u00e9n de\u00e9i ar dus\u00f3ra tobkar el\u00f3m arde tar uor\u00f3lla fuaind\u00f3 r\u00e9 zat\u00ed t\u00f3rki arde toyar gor\u00e9. Iiyan h\u00f3t\u00f3m g\u00f3rib\u00f3lla a\u00e1m h\u00e1isaf\u00e9 6 b\u00f3sor lage.<\/p>\n<p>Me\u00e9rbanigor\u00ed, taalimi morkos \u00f3kkol ore, tar\u00e1r f\u00eds ar fol\u00f3si \u00f3kkol kiki as\u00e9 \u00ediyan zanib\u00f3ll\u00e1, dha\u00e1rik taalukat gor\u00f3o. F\u00e1n hom as\u00e9 d\u00e9 \u00ediyan \u00f3lla, UNHCR r\u00e9 \u00e9skul or f\u00edis \u00f3lla maali modot dinofar\u00e9. Nisor taalimi sentar g\u00edn\u00e9 ref\u00faji arde s\u00e1ara-tuwouya \u00f3kkol or\u00e9 primary y\u00e1ni buniyadi el\u00f3m pe\u00e9cgor\u00e9..<\/p>\n<p>[\/et_pb_text][et_pb_button button_url=&#8221;https:\/\/refugeemalaysia.org\/support\/education\/primary-learning-centres\/&#8221; button_text=&#8221;Taalimi sentar \u00f3kkol or Li\u00eds.&#8221; _builder_version=&#8221;4.16&#8243; _module_preset=&#8221;318064b3-81f5-4a7b-8b3a-cd2856a62658&#8243; global_colors_info=&#8221;{}&#8221;][\/et_pb_button][\/et_pb_column][\/et_pb_row][\/et_pb_section][et_pb_section fb_built=&#8221;1&#8243; _builder_version=&#8221;4.16&#8243; _module_preset=&#8221;default&#8221; background_color=&#8221;#efefef&#8221; global_colors_info=&#8221;{}&#8221;][et_pb_row _builder_version=&#8221;4.16&#8243; _module_preset=&#8221;default&#8221; global_colors_info=&#8221;{}&#8221;][et_pb_column type=&#8221;4_4&#8243; _builder_version=&#8221;4.16&#8243; _module_preset=&#8221;default&#8221; global_colors_info=&#8221;{}&#8221;][et_pb_text _builder_version=&#8221;4.16&#8243; _module_preset=&#8221;default&#8221; header_2_font=&#8221;Poppins|700|||||||&#8221; header_2_text_align=&#8221;center&#8221; header_2_text_color=&#8221;#000000&#8243; global_colors_info=&#8221;{}&#8221;]<\/p>\n<h2>Maz\u00e1ri El\u00f3m<\/h2>\n<p>[\/et_pb_text][\/et_pb_column][\/et_pb_row][et_pb_row column_structure=&#8221;1_2,1_2&#8243; make_equal=&#8221;on&#8221; _builder_version=&#8221;4.16&#8243; _module_preset=&#8221;default&#8221; global_colors_info=&#8221;{}&#8221;][et_pb_column type=&#8221;1_2&#8243; _builder_version=&#8221;4.16&#8243; _module_preset=&#8221;default&#8221; custom_css_main_element=&#8221;margin: auto;&#8221; global_colors_info=&#8221;{}&#8221;][et_pb_text _builder_version=&#8221;4.16&#8243; _module_preset=&#8221;default&#8221; text_text_color=&#8221;#000000&#8243; link_font=&#8221;Poppins||||on||||&#8221; link_text_color=&#8221;#0072BC&#8221; custom_padding=&#8221;||||false|false&#8221; custom_padding_tablet=&#8221;||30px||false|false&#8221; custom_padding_phone=&#8221;&#8221; custom_padding_last_edited=&#8221;on|phone&#8221; global_colors_info=&#8221;{}&#8221;]<\/p>\n<p>Maz\u00e1ri el\u00f3m h\u00f3o d\u00e9 \u00ediyan 14 bos\u00f3r \u00f3ttu tar uoror boc \u00f3iy\u00e9 d\u00e9 fuaind\u00f3lla. Iiyan\u00e9 primari el\u00f3m aor\u00e9 maani sol\u00e9 ar iiyan \u00f3i zaga ze\u00e7\u00e9 fuain \u00f3kkole primari f\u00f3nnat c\u00edkke d\u00e9 \u00edinor kimot or\u00e9 torkigor\u00e9 ar f\u00f3nna arde \u00edhsabor eskil \u00f3kkol or\u00e9 be\u00e9tor gor\u00edtul\u00e9. Maz\u00e1ri elom \u00f3t, fuain \u00f3kkol\u00e9 m\u00fah\u00e1i el\u00f3m h\u00e1s\u00e9lg\u00f3re kiy\u00f3lla h\u00f3il\u00e9 tar\u00e1 r\u00e9 mouz\u00far mah\u00e9r \u00f3kkol or\u00e9 di for\u00e1.<\/p>\n<p>Me\u00e9rbanigor\u00ed, taalimi morkos \u00f3kkol ore, tar\u00e1r f\u00eds ar fol\u00f3si \u00f3kkol kiki as\u00e9 \u00ediyan zanib\u00f3ll\u00e1, dha\u00e1rik taalukat gor\u00f3o. F\u00e1n hom as\u00e9 d\u00e9 \u00ediyan \u00f3lla, UNHCR r\u00e9 \u00e9skul or f\u00edis \u00f3lla maali modot dinofar\u00e9. Nisor taalimi sentar g\u00edn\u00e9 ref\u00faji arde s\u00e1ara-tuwouya \u00f3kkol or\u00e9 maz\u00e1ri el\u00f3m pe\u00e9cgor\u00e9.<\/p>\n<p>[\/et_pb_text][et_pb_button button_url=&#8221;https:\/\/refugeemalaysia.org\/support\/education\/secondary-learning-centres\/&#8221; button_text=&#8221;Taalimi sentar \u00f3kkol or Li\u00eds.&#8221; _builder_version=&#8221;4.16&#8243; _module_preset=&#8221;318064b3-81f5-4a7b-8b3a-cd2856a62658&#8243; global_colors_info=&#8221;{}&#8221;][\/et_pb_button][\/et_pb_column][et_pb_column type=&#8221;1_2&#8243; _builder_version=&#8221;4.16&#8243; _module_preset=&#8221;default&#8221; custom_css_main_element=&#8221;margin: auto;&#8221; global_colors_info=&#8221;{}&#8221;][et_pb_image src=&#8221;https:\/\/refugeemalaysia.org\/wp-content\/uploads\/2022\/04\/secondary-education.jpg&#8221; title_text=&#8221;maz\u00e1ri-el\u00f3m y\u00e1 dus\u00e1ra tobkar el\u00f3m&#8221; _builder_version=&#8221;4.16&#8243; _module_preset=&#8221;default&#8221; border_radii=&#8221;on|10px|10px|10px|10px&#8221; box_shadow_style=&#8221;preset1&#8243; global_colors_info=&#8221;{}&#8221;][\/et_pb_image][\/et_pb_column][\/et_pb_row][\/et_pb_section][et_pb_section fb_built=&#8221;1&#8243; _builder_version=&#8221;4.16&#8243; _module_preset=&#8221;default&#8221; background_color=&#8221;#FFFFFF&#8221; global_colors_info=&#8221;{}&#8221;][et_pb_row _builder_version=&#8221;4.16&#8243; _module_preset=&#8221;default&#8221; global_colors_info=&#8221;{}&#8221;][et_pb_column type=&#8221;4_4&#8243; _builder_version=&#8221;4.16&#8243; _module_preset=&#8221;default&#8221; global_colors_info=&#8221;{}&#8221;][et_pb_text _builder_version=&#8221;4.16&#8243; _module_preset=&#8221;default&#8221; header_2_font=&#8221;Poppins|700|||||||&#8221; header_2_text_align=&#8221;center&#8221; header_2_text_color=&#8221;#000000&#8243; global_colors_info=&#8221;{}&#8221;]<\/p>\n<h2>Uoror\/ Ba\u00e1t-Dus\u00f3ra Tobkar\/ Ah\u00e9ri El\u00f3m<\/h2>\n<p>[\/et_pb_text][\/et_pb_column][\/et_pb_row][et_pb_row _builder_version=&#8221;4.24.2&#8243; _module_preset=&#8221;default&#8221; custom_padding=&#8221;||||false|false&#8221; global_colors_info=&#8221;{}&#8221;][et_pb_column type=&#8221;4_4&#8243; _builder_version=&#8221;4.16&#8243; _module_preset=&#8221;default&#8221; global_colors_info=&#8221;{}&#8221;][et_pb_text _builder_version=&#8221;4.16&#8243; _module_preset=&#8221;default&#8221; text_text_color=&#8221;#000000&#8243; custom_padding=&#8221;||||false|false&#8221; custom_padding_tablet=&#8221;||30px||false|false&#8221; custom_padding_phone=&#8221;&#8221; custom_padding_last_edited=&#8221;on|phone&#8221; global_colors_info=&#8221;{}&#8221;]<\/p>\n<p>Uoror el\u00f3m, ar\u00f3 ho\u00f3 ba\u00e1t-dus\u00f3ra tobkar\/ tes\u00e1ra tobkar y\u00e1 ah\u00e9ri el\u00f3m, \u00f3ild\u00e9 dus\u00e1ra tobkar el\u00f3m h\u00f3tom gor\u00f3nor baade aiy\u00e9 d\u00e9 tobka. Iiyan ros\u00f3mi taalim or ekk\u00e1n \u00e9ktiyari ah\u00e9ri tobka ze\u00e7\u00e9 f\u00f3nnafor\u00f3ya \u00f3kkole mah\u00e9r\u00ed maath \u00f3kkol bas\u00e9 ziyan\u00e9 for\u00f3ttu zai or\u00e9 tar\u00e1 r\u00e9 akedem\u00edk digiri h\u00e1s\u00e9l gor\u00e1ba ar fec\u00e1dari h\u00edsaf\u00e9 fos\u00f3n g\u00f3ijja maath \u00f3t keriar \u00f3kkol gor\u00e9.<\/p>\n<p>Malaysiat, ref\u00edji arde s\u00e1ara-towouya \u00f3kkol or\u00e9 pabil\u00edk kolej ar ah\u00e9ri f\u00f3nnar edara \u00f3kkol \u00f3t zaib\u00f3lla ejazot nod\u00e9e. Olfo refujir juwan e praive\u00edt koleg arde yunivasiti \u00f3kkol \u00f3t ba\u00e1t-maz\u00e1ri taalim arde uoror taalimi program \u00f3t dah\u00e9l \u00f3itf\u00e1re. praiv\u00e9it koleg arde yunivasitit \u00f3kkole bec\u00ed f\u00eds adaigor\u00e9 d\u00e9 \u00f3iley\u00f3 tar\u00e1 maz\u00e9-maz\u00e9 ref\u00faji \u00f3kkol \u00f3lla esk\u00f3olarc\u00edp \u00f3kkol arde h\u00f3m f\u00eds or mouka de\u00e9. UNHCR r\u00e9 &#8220;Brickfields Asia College (BAC) Education Group Make It Right Movement&#8221; or d\u00f3illa praiv\u00e9it ah\u00e9ri taalimi edara \u00f3kkol loi patnar g\u00f3ijje. BAC&#8217;r maz\u00e9 fa\u00e1za d\u00e9 mouka arde ku\u00fas \u00f3kkol or baabote ar\u00f3 maalumat faite, me\u00e9rbanigor\u00ed &#8220;<a href=\"https:\/\/makeitrightmovement.com\/\" target=\"_blank\" rel=\"noopener\">Make It Right Movement&#8221;<\/a> \u00f3t zai so\u00f3.<\/p>\n<p>[\/et_pb_text][\/et_pb_column][\/et_pb_row][et_pb_row column_structure=&#8221;1_2,1_2&#8243; make_equal=&#8221;on&#8221; _builder_version=&#8221;4.16&#8243; _module_preset=&#8221;default&#8221; custom_padding=&#8221;||||false|false&#8221; global_colors_info=&#8221;{}&#8221;][et_pb_column type=&#8221;1_2&#8243; _builder_version=&#8221;4.16&#8243; _module_preset=&#8221;default&#8221; custom_css_main_element=&#8221;margin: auto;&#8221; global_colors_info=&#8221;{}&#8221;][et_pb_image src=&#8221;https:\/\/refugeemalaysia.org\/wp-content\/uploads\/2022\/04\/tertiary-education.jpg&#8221; title_text=&#8221;Ah\u00e9ri-talim y\u00e1 el\u00f3m&#8221; _builder_version=&#8221;4.16&#8243; _module_preset=&#8221;default&#8221; border_radii=&#8221;on|10px|10px|10px|10px&#8221; box_shadow_style=&#8221;preset1&#8243; global_colors_info=&#8221;{}&#8221;][\/et_pb_image][\/et_pb_column][et_pb_column type=&#8221;1_2&#8243; _builder_version=&#8221;4.16&#8243; _module_preset=&#8221;default&#8221; custom_css_main_element=&#8221;margin: auto;&#8221; global_colors_info=&#8221;{}&#8221;][et_pb_text _builder_version=&#8221;4.16&#8243; _module_preset=&#8221;default&#8221; text_text_color=&#8221;#000000&#8243; custom_padding=&#8221;||0px||false|false&#8221; custom_padding_tablet=&#8221;||30px||false|false&#8221; custom_padding_phone=&#8221;&#8221; custom_padding_last_edited=&#8221;on|phone&#8221; global_colors_info=&#8221;{}&#8221;]<\/p>\n<p>Malaysiar bair\u00e9 k\u00e9ss\u00fa taalimi edara \u00f3kkole y\u00f3 duniar zehon\u00f3 zagat as\u00e9 d\u00e9 ref\u00faji \u00f3kkol \u00f3lla esk\u00f3olarc\u00edp de\u00e9 ar maz\u00e9-maz\u00e9 esk\u00f3olarc\u00edp foiya \u00f3kkol or\u00e9 taalimi edara as\u00e9 d\u00e9 dec \u00f3t s\u00f3forgor\u00ed f\u00f3nna for\u00edb\u00f3lla modot d\u00edtfare. Esk\u00f3olarc\u00edp \u00f3kkol or ar\u00f3 maalumat \u00f3lla me\u00e9rbanigori &#8220;<a href=\"https:\/\/services.unhcr.org\/opportunities\/\" target=\"_blank\" rel=\"noopener\">Scholarship Opportunities for Refugees&#8221;<\/a> \u00f3t zai so\u00f3, ar Malaysiar ref\u00faji \u00f3kkol \u00f3lla fa\u00e1 zad\u00e9 esk\u00f3olarc\u00edp \u00f3lla <a href=\"https:\/\/services.unhcr.org\/opportunities\/search?field_scholarship_programme_prov_value=&amp;you_are_from%255B%255D=All&amp;country_of_asylum%255B%255D=Malaysia\" target=\"_blank\" rel=\"noopener\">e\u00e7\u00e9<\/a> tuwoo.<\/p>\n<p>[\/et_pb_text][\/et_pb_column][\/et_pb_row][et_pb_row _builder_version=&#8221;4.24.2&#8243; _module_preset=&#8221;default&#8221; custom_padding=&#8221;||||false|false&#8221; global_colors_info=&#8221;{}&#8221;][et_pb_column type=&#8221;4_4&#8243; _builder_version=&#8221;4.16&#8243; _module_preset=&#8221;default&#8221; global_colors_info=&#8221;{}&#8221;][et_pb_text _builder_version=&#8221;4.16&#8243; _module_preset=&#8221;default&#8221; text_text_color=&#8221;#000000&#8243; custom_padding=&#8221;||||false|false&#8221; custom_padding_tablet=&#8221;||30px||false|false&#8221; custom_padding_phone=&#8221;&#8221; custom_padding_last_edited=&#8221;on|phone&#8221; global_colors_info=&#8221;{}&#8221;]<\/p>\n<p>UNHCR r\u00e9 taaluki taalim or zoriya mouka \u00f3kkol bar\u00e1i b\u00f3lla kuc\u00edc gor\u00e1t as\u00e9 za\u00e1 a\u00e1la taalim or ekk\u00e1n nuwa s\u00farot ziyan t\u00e9knologi estemal gor\u00edy\u00f3 r\u00e9 mu\u00e1\u00f1m\u00faikka arde onlain taalim or ju\u00e7\u00e1i de\u00e9. Iiyan\u00e9 dur\u00f3r elakat t\u00e1ker d\u00e9 for\u00f3iya \u00f3kkol or\u00e9 y\u00e1 zar\u00e1 a\u00e1la taalim h\u00e1sel gor\u00ednofar\u00e9 tar\u00e1 r\u00e9 a\u00e1la yunivasiti \u00f3kkol loi taalukat gor\u00e1idifar\u00e9 2010 c\u00f3n \u00f3ttu l\u00f3ti, 23 c\u00e1n dec\u00f3r 25,000 zon or uore ref\u00fajir for\u00f3inna \u00f3kkol &#8220;Coursera&#8221;d\u00f3illa platfom \u00f3kkol \u00f3t taalukgor\u00e1 as\u00e9 d\u00e9 taalimi program \u00f3t c\u00f3rik \u00f3iye. Duniar zehon\u00f3 zagat as\u00e9 d\u00e9 ref\u00faji \u00f3kkol ke\u00e9ng\u00f3ri &#8220;Cousera&#8221; r\u00e9 faibo \u00ediyan or ar\u00f3 maalumat faite &#8220;<a href=\"https:\/\/www.coursera.org\/refugees\" target=\"_blank\" rel=\"noopener\">Coursera&#8221;<\/a> g\u00e1n \u00f3t zai so\u00f3.<\/p>\n<p>[\/et_pb_text][\/et_pb_column][\/et_pb_row][\/et_pb_section][et_pb_section fb_built=&#8221;1&#8243; _builder_version=&#8221;4.17.4&#8243; _module_preset=&#8221;default&#8221; background_color=&#8221;#efefef&#8221; top_divider_color=&#8221;#0072BC&#8221; top_divider_height=&#8221;50px&#8221; animation_direction=&#8221;top&#8221; locked=&#8221;off&#8221; global_colors_info=&#8221;{}&#8221;][et_pb_row _builder_version=&#8221;4.16&#8243; _module_preset=&#8221;default&#8221; animation_style=&#8221;zoom&#8221; animation_intensity_zoom=&#8221;3%&#8221; global_colors_info=&#8221;{}&#8221;][et_pb_column type=&#8221;4_4&#8243; _builder_version=&#8221;4.16&#8243; _module_preset=&#8221;default&#8221; global_colors_info=&#8221;{}&#8221;][et_pb_text _builder_version=&#8221;4.27.0&#8243; _module_preset=&#8221;default&#8221; header_2_font=&#8221;Poppins|700|||||||&#8221; header_2_text_align=&#8221;center&#8221; header_2_text_color=&#8221;#000000&#8243; global_colors_info=&#8221;{}&#8221;]<\/p>\n<h2><span>El\u00f3m or Mutaallek Jin\u00edc \u00d3kkol<\/span><\/h2>\n<p>[\/et_pb_text][\/et_pb_column][\/et_pb_row][et_pb_row _builder_version=&#8221;4.27.0&#8243; _module_preset=&#8221;default&#8221; global_colors_info=&#8221;{}&#8221;][et_pb_column type=&#8221;4_4&#8243; _builder_version=&#8221;4.27.0&#8243; _module_preset=&#8221;default&#8221; global_colors_info=&#8221;{}&#8221;][et_pb_video src=&#8221;https:\/\/youtu.be\/cZhG20O9ZWk&#8221; _builder_version=&#8221;4.27.0&#8243; _module_preset=&#8221;default&#8221; global_colors_info=&#8221;{}&#8221;][\/et_pb_video][et_pb_text _builder_version=&#8221;4.27.0&#8243; _module_preset=&#8221;default&#8221; text_font=&#8221;Poppins|600||on|||||&#8221; text_text_color=&#8221;#0072BC&#8221; text_font_size=&#8221;20px&#8221; text_orientation=&#8221;center&#8221; link_option_url=&#8221;https:\/\/www.youtube.com\/watch?v=9G5v1YEEKT8&#8243; link_option_url_new_window=&#8221;on&#8221; locked=&#8221;off&#8221; global_colors_info=&#8221;{}&#8221;]<\/p>\n<p>El\u00f3m or W\u00e9binar<\/p>\n<p>[\/et_pb_text][\/et_pb_column][\/et_pb_row][\/et_pb_section]<\/p>\n","protected":false},"excerpt":{"rendered":"<p>El\u00f3mMalaysiat, ref\u00faji arde s\u00e1ara-toword\u00e9 fuain arde nojuwan \u00f3kkol or\u00e9 zehon\u00f3 tobkar h\u00f3kumot or \u00e9skul \u00f3t f\u00f3nna for\u00e1r ejazot node. Tar\u00e1 sir\u00edf UNHCR arde tar patnar \u00f3kkole s\u00e1\u00f1t ded\u00e9 gair ros\u00f3mi kounor taalimi sentar \u00f3kkol or zoriya el\u00f3m h\u00e1sel g\u00f3ritf\u00e1re. Fura Penninsula Malaysia&#8217;t UNHCR r\u00e9 mani loiy\u00e9 d\u00e9 \u00edndilla 150 c\u00e1n taalimi sentar as\u00e9, l\u00e9kin \u00ediyan [&hellip;]<\/p>\n","protected":false},"author":1,"featured_media":0,"parent":16950,"menu_order":0,"comment_status":"closed","ping_status":"closed","template":"","meta":{"_et_pb_use_builder":"on","_et_pb_old_content":"","_et_gb_content_width":"","_exactmetrics_skip_tracking":false,"_exactmetrics_sitenote_active":false,"_exactmetrics_sitenote_note":"","_exactmetrics_sitenote_category":0,"footnotes":""},"class_list":["post-49491","page","type-page","status-publish","hentry"],"_links":{"self":[{"href":"https:\/\/refugeemalaysia.org\/rh\/wp-json\/wp\/v2\/pages\/49491","targetHints":{"allow":["GET"]}}],"collection":[{"href":"https:\/\/refugeemalaysia.org\/rh\/wp-json\/wp\/v2\/pages"}],"about":[{"href":"https:\/\/refugeemalaysia.org\/rh\/wp-json\/wp\/v2\/types\/page"}],"author":[{"embeddable":true,"href":"https:\/\/refugeemalaysia.org\/rh\/wp-json\/wp\/v2\/users\/1"}],"replies":[{"embeddable":true,"href":"https:\/\/refugeemalaysia.org\/rh\/wp-json\/wp\/v2\/comments?post=49491"}],"version-history":[{"count":14,"href":"https:\/\/refugeemalaysia.org\/rh\/wp-json\/wp\/v2\/pages\/49491\/revisions"}],"predecessor-version":[{"id":60030,"href":"https:\/\/refugeemalaysia.org\/rh\/wp-json\/wp\/v2\/pages\/49491\/revisions\/60030"}],"up":[{"embeddable":true,"href":"https:\/\/refugeemalaysia.org\/rh\/wp-json\/wp\/v2\/pages\/16950"}],"wp:attachment":[{"href":"https:\/\/refugeemalaysia.org\/rh\/wp-json\/wp\/v2\/media?parent=49491"}],"curies":[{"name":"wp","href":"https:\/\/api.w.org\/{rel}","templated":true}]}}