{"id":49724,"date":"2022-05-09T11:28:25","date_gmt":"2022-05-09T03:28:25","guid":{"rendered":"https:\/\/refugeemalaysia.org\/support\/taalukgorar-jinic-okkol-or-gudam\/"},"modified":"2024-09-17T11:13:48","modified_gmt":"2024-09-17T03:13:48","slug":"taalukgorar-jinic-okkol-or-gudam","status":"publish","type":"page","link":"https:\/\/refugeemalaysia.org\/rh\/modot\/taalukgorar-jinic-okkol-or-gudam\/","title":{"rendered":"Taalukgor\u00e1r Jin\u00edc \u00d3kkol or Gudam"},"content":{"rendered":"<p>[et_pb_section fb_built=&#8221;1&#8243; admin_label=&#8221;Hero&#8221; _builder_version=&#8221;4.17.3&#8243; use_background_color_gradient=&#8221;on&#8221; background_color_gradient_stops=&#8221;rgba(0,0,0,0.4) 0%|rgba(0,0,0,0.4) 100%&#8221; background_color_gradient_overlays_image=&#8221;on&#8221; background_color_gradient_start=&#8221;rgba(0,0,0,0.4)&#8221; background_color_gradient_end=&#8221;rgba(0,0,0,0.4)&#8221; background_image=&#8221;https:\/\/refugeemalaysia.org\/wp-content\/uploads\/2022\/05\/communication-materials-repository-1.jpg&#8221; custom_padding=&#8221;110px|0px|110px|0px|false|false&#8221; animation_style=&#8221;zoom&#8221; animation_intensity_zoom=&#8221;3%&#8221; global_colors_info=&#8221;{}&#8221;][et_pb_row use_custom_gutter=&#8221;on&#8221; gutter_width=&#8221;1&#8243; make_equal=&#8221;on&#8221; _builder_version=&#8221;4.16&#8243; _module_preset=&#8221;default&#8221; custom_padding=&#8221;0px||0px||true|false&#8221; global_colors_info=&#8221;{}&#8221;][et_pb_column type=&#8221;4_4&#8243; _builder_version=&#8221;4.16&#8243; _module_preset=&#8221;default&#8221; global_colors_info=&#8221;{}&#8221;][et_pb_text _builder_version=&#8221;4.17.4&#8243; _module_preset=&#8221;default&#8221; header_font=&#8221;Poppins|600||on|||||&#8221; header_text_align=&#8221;center&#8221; header_text_color=&#8221;#FFFFFF&#8221; header_font_size=&#8221;48px&#8221; header_font_tablet=&#8221;Poppins|600||on|||||&#8221; header_font_phone=&#8221;Poppins|600||on|||||&#8221; header_font_last_edited=&#8221;on|phone&#8221; header_font_size_tablet=&#8221;&#8221; header_font_size_phone=&#8221;33px&#8221; header_font_size_last_edited=&#8221;on|phone&#8221; header_text_shadow_style=&#8221;preset3&#8243; global_colors_info=&#8221;{}&#8221;]<\/p>\n<h1>Taalukgor\u00e1r Jin\u00edc \u00d3kkol or Gudam<\/h1>\n<p>[\/et_pb_text][\/et_pb_column][\/et_pb_row][\/et_pb_section][et_pb_section fb_built=&#8221;1&#8243; _builder_version=&#8221;4.17.3&#8243; _module_preset=&#8221;default&#8221; global_colors_info=&#8221;{}&#8221;][et_pb_row _builder_version=&#8221;4.17.3&#8243; _module_preset=&#8221;default&#8221; global_colors_info=&#8221;{}&#8221;][et_pb_column type=&#8221;4_4&#8243; _builder_version=&#8221;4.17.3&#8243; _module_preset=&#8221;default&#8221; global_colors_info=&#8221;{}&#8221;][et_pb_text _builder_version=&#8221;4.17.3&#8243; _module_preset=&#8221;default&#8221; custom_padding=&#8221;||0px|||&#8221; global_colors_info=&#8221;{}&#8221;]<\/p>\n<p>UNHCR arde tar patnar \u00f3kkole nelaiy\u00e9 d\u00e9 taalukgor\u00e1r jin\u00edc or\u00e9 me\u00e9rbanigori e\u00e7\u00e9 tuwoo. Tu\u00f1\u00ed zin\u00edc gin or\u00e9 donl\u00fad gor\u00ed y\u00e1ni lamai loi or\u00e9 UNHCR loi taaluk as\u00e9 d\u00e9 zehon\u00f3 man\u00faic \u00f3kkol or c\u00edar gor\u00edtf\u00e1ro. Kis\u00edmma-kis\u00edmma zubanot jin\u00edc c\u00e1n or\u00e9 tua\u00e1i loib\u00f3lla nisor lin \u00f3kkol \u00f3t kil\u00edk g\u00f3ro y\u00e1ni thip mar\u00f3o.<\/p>\n<p>UNHCR or taalukgor\u00e1r jin\u00edc or\u00e9 &#8220;Refugee Malaysia YouTube Channel&#8221; \u00f3t pubil\u00edc gor\u00e1g\u00edye. Doilla-bodoilla zuban \u00f3t v\u00eddiyu \u00f3kkol bas\u00ed l\u00f3it\u00e9 <a href=\"https:\/\/www.youtube.com\/c\/refugeemsia\" target=\"_blank\" rel=\"noopener\">e\u00e7\u00e9<\/a> kil\u00edk g\u00f3ro.<\/p>\n<p>[\/et_pb_text][\/et_pb_column][\/et_pb_row][et_pb_row _builder_version=&#8221;4.17.3&#8243; _module_preset=&#8221;default&#8221; global_colors_info=&#8221;{}&#8221;][et_pb_column type=&#8221;4_4&#8243; _builder_version=&#8221;4.17.3&#8243; _module_preset=&#8221;default&#8221; global_colors_info=&#8221;{}&#8221;][et_pb_text _builder_version=&#8221;4.17.3&#8243; _module_preset=&#8221;default&#8221; header_2_font=&#8221;Poppins|700|||||||&#8221; global_colors_info=&#8221;{}&#8221;]<\/p>\n<h2>A\u00e1m<\/h2>\n<p>[\/et_pb_text][et_pb_text _builder_version=&#8221;4.17.3&#8243; _module_preset=&#8221;default&#8221; ul_font=&#8221;Poppins||||||||&#8221; ul_line_height=&#8221;1.5em&#8221; global_colors_info=&#8221;{}&#8221;]<\/p>\n<ul>\n<li><a href=\"https:\/\/drive.google.com\/drive\/folders\/11Bh_KE_Je5FVf7AVBO93V8kQkkLbiIz6?usp=sharing\" target=\"_blank\" rel=\"noopener\">UNHCR or torf\u00f3ttu epo\u00e1inm\u00e9n<\/a><\/li>\n<li><a href=\"https:\/\/drive.google.com\/drive\/folders\/1TfYOelCsCLHOhoLX2cdsKkENVwI322pp?usp=sharing\" target=\"_blank\" rel=\"noopener\"> Hondilla gor\u00ed &#8220;UNHCR Malaysia\u2019s Telegram Channel&#8221; \u00f3kkol juw\u00e1in \u00f3iba <\/a><\/li>\n<\/ul>\n<p>[\/et_pb_text][\/et_pb_column][\/et_pb_row][\/et_pb_section][et_pb_section fb_built=&#8221;1&#8243; _builder_version=&#8221;4.24.2&#8243; _module_preset=&#8221;default&#8221; background_color=&#8221;#efefef&#8221; global_colors_info=&#8221;{}&#8221;][et_pb_row _builder_version=&#8221;4.24.2&#8243; _module_preset=&#8221;default&#8221; global_colors_info=&#8221;{}&#8221;][et_pb_column type=&#8221;4_4&#8243; _builder_version=&#8221;4.24.2&#8243; _module_preset=&#8221;default&#8221; global_colors_info=&#8221;{}&#8221;][et_pb_text _builder_version=&#8221;4.17.3&#8243; _module_preset=&#8221;default&#8221; header_2_font=&#8221;Poppins|700|||||||&#8221; global_colors_info=&#8221;{}&#8221;]<\/p>\n<h2>KOV\u00cdD-19<\/h2>\n<p>[\/et_pb_text][et_pb_text _builder_version=&#8221;4.17.3&#8243; _module_preset=&#8221;default&#8221; ul_font=&#8221;Poppins||||||||&#8221; ul_line_height=&#8221;1.5em&#8221; global_colors_info=&#8221;{}&#8221;]<\/p>\n<ul>\n<li><a href=\"https:\/\/drive.google.com\/drive\/folders\/19RsQ4YaWdx1hE3EITu6VrQMtbfVaOfbn?usp=sharing\" target=\"_blank\" rel=\"noopener\"> V\u00e9ks\u00ednm\u00e1ra: Rezamindi F\u00f3rom or H\u00e9dayot \u00d3kkol <\/a><\/li>\n<li>PICKid \u00f3kkol\n<ol>\n<li><a href=\"https:\/\/drive.google.com\/drive\/folders\/1M6I4Kfe5-r4ItMArSzhGavcGLrvTQvtD?usp=sharing\" target=\"_blank\" rel=\"noopener\">PICKids Postar<\/a><\/li>\n<li><a href=\"https:\/\/drive.google.com\/drive\/folders\/1NBg7r6HuTHhr3J273gHIBG46TAjyPjbn?usp=sharing\" target=\"_blank\" rel=\"noopener\">Rejistargor\u00e1r Tobka \u00f3kkol<\/a><\/li>\n<\/ol>\n<\/li>\n<li><a href=\"https:\/\/drive.google.com\/drive\/folders\/1faKHz2zJRDSO1DDVNSGUfr955RXKhCW7?usp=sharing\" target=\"_blank\" rel=\"noopener\"> COVID-19: G\u00f3rot pos\u00edt\u00edv \u00f3ile <\/a><\/li>\n<li><a href=\"https:\/\/drive.google.com\/drive\/folders\/1sEemY9OD9Q_m7GTM-neOeQqUj21EH6aS?usp=sharing\" target=\"_blank\" rel=\"noopener\">V\u00e9ks\u00ednm\u00e1rar h\u00e1lot nez\u00e9-niz\u00e9 apd\u00e9ith g\u00f3ra<\/a><\/li>\n<li><a href=\"https:\/\/drive.google.com\/drive\/folders\/1j_e1YnsvsyZikwZ_7pvMMrc7XHBoubM6?usp=sharing\" target=\"_blank\" rel=\"noopener\">V\u00e9ks\u00ednm\u00e1ra: Tu\u00e1\u00f1rt\u00fa Ki zana zoruri<\/a><\/li>\n<\/ul>\n<p>[\/et_pb_text][\/et_pb_column][\/et_pb_row][\/et_pb_section][et_pb_section fb_built=&#8221;1&#8243; _builder_version=&#8221;4.24.2&#8243; _module_preset=&#8221;default&#8221; global_colors_info=&#8221;{}&#8221;][et_pb_row _builder_version=&#8221;4.24.2&#8243; _module_preset=&#8221;default&#8221; global_colors_info=&#8221;{}&#8221;][et_pb_column type=&#8221;4_4&#8243; _builder_version=&#8221;4.24.2&#8243; _module_preset=&#8221;default&#8221; global_colors_info=&#8221;{}&#8221;][et_pb_text _builder_version=&#8221;4.17.3&#8243; _module_preset=&#8221;default&#8221; header_2_font=&#8221;Poppins|700|||||||&#8221; global_colors_info=&#8221;{}&#8221;]<\/p>\n<h2>F\u00f3kkorai ar Marih\u00f3on<\/h2>\n<p>[\/et_pb_text][et_pb_text _builder_version=&#8221;4.25.1&#8243; _module_preset=&#8221;default&#8221; ul_font=&#8221;Poppins||||||||&#8221; ul_line_height=&#8221;1.5em&#8221; hover_enabled=&#8221;0&#8243; global_colors_info=&#8221;{}&#8221; sticky_enabled=&#8221;0&#8243;]<\/p>\n<ul>\n<li><a href=\"https:\/\/drive.google.com\/drive\/folders\/1NzMSyP9bRxDAdKTvzSpFX3ChVXTOD9Tn?usp=sharing\" target=\"_blank\" rel=\"noopener\">F\u00f3kkorair h\u00e9laf nizore h\u00e9fazot g\u00f3ro<\/a><\/li>\n<li><a href=\"https:\/\/drive.google.com\/drive\/folders\/1oYJ72_-K0N0WFImp1js95Vqa4_p-Fb2M?usp=sharing\" target=\"_blank\" rel=\"noopener\">F\u00f3kkorai ar d\u00fakab\u00e1zi nogos\u00edbouli Ho\u00f3<\/a><\/li>\n<li><a href=\"https:\/\/drive.google.com\/drive\/folders\/16yjgMXyoGPb9qY1EpzqSogtlRBPzvk-q?usp=sharing\" target=\"_blank\" rel=\"noopener\">UNHCR \u00f3r khedmot \u00f3kkol begg\u00fan maana<\/a><\/li>\n<li><a href=\"https:\/\/drive.google.com\/drive\/folders\/1unWDrEI4fqH4PJKR1gXDcjcLguHeZfex\" target=\"_blank\" rel=\"noopener\">UNHCR or habosfonna \u00f3kkol zali estemal gor\u00f3n<\/a><\/li>\n<li>D\u00fakatt\u00fa H\u00fa\u00f1c\u00edar\n<ol>\n<li><a href=\"https:\/\/drive.google.com\/drive\/folders\/1ijK4CBrfoVX9_C3MIc9gmEeieT1BBuMq?usp=share_link\" target=\"_blank\" rel=\"noopener\">Koum or Li\u00eddar<\/a><\/li>\n<li><a href=\"https:\/\/drive.google.com\/drive\/folders\/1v0wtueINRNe-leVYoM_PQin-UCRZv7dY?usp=share_link\" target=\"_blank\" rel=\"noopener\">Fust\u00e1r \u00d3kkol<\/a><\/li>\n<li><a href=\"https:\/\/drive.google.com\/drive\/folders\/1q6ZXK4NqldXUbhspCaRwyP9ycKD_ni5q?usp=share_link\" target=\"_blank\" rel=\"noopener\">UNHCR or estaf or d\u00f3illa s\u00f3nna d\u00f3ra<\/a><\/li>\n<li><a href=\"https:\/\/drive.google.com\/drive\/folders\/1Hp1dGF9vTK-6hOGQbZzAdpUkZtYRNw21?usp=share_link\" target=\"_blank\" rel=\"noopener\">Mayafua Zib\u00e1 UNHCR \u00f3t Ham gor\u00e9 H\u00f3i Dabigor\u00e9<\/a><\/li>\n<\/ol>\n<\/li>\n<li><a href=\"https:\/\/drive.google.com\/drive\/folders\/1O1x8rI5cmoDyEgBzmOJOTYfbHl04UOlR?usp=share_link\" target=\"_blank\" rel=\"noopener\">D\u00fak\u00e1ttu Basonor S\u00farot \u00d3kkol<\/a><\/li>\n<li><a href=\"https:\/\/drive.google.com\/drive\/folders\/1J0bto6YIvbTxaF54T2fUkcVf3ij9Pdu6?usp=share_link\" target=\"_blank\" rel=\"noopener\">Me\u00e9rbanigor\u00ed Tu\u00e1\u00f1r Zaat\u00ed Maalumat C\u00edar Nog\u00f3ijjo<\/a><\/li>\n<li><a href=\"https:\/\/drive.google.com\/drive\/folders\/16yjgMXyoGPb9qY1EpzqSogtlRBPzvk-q?usp=share_link\" target=\"_blank\" rel=\"noopener\">Monot R\u00e1ikk\u00f3: UNHCR or \u00d3kkol H\u00e9dmot Maana<\/a><\/li>\n<\/ul>\n<p>[\/et_pb_text][\/et_pb_column][\/et_pb_row][\/et_pb_section][et_pb_section fb_built=&#8221;1&#8243; _builder_version=&#8221;4.24.2&#8243; _module_preset=&#8221;default&#8221; background_color=&#8221;#efefef&#8221; global_colors_info=&#8221;{}&#8221;][et_pb_row _builder_version=&#8221;4.24.2&#8243; _module_preset=&#8221;default&#8221; global_colors_info=&#8221;{}&#8221;][et_pb_column type=&#8221;4_4&#8243; _builder_version=&#8221;4.24.2&#8243; _module_preset=&#8221;default&#8221; global_colors_info=&#8221;{}&#8221;][et_pb_text _builder_version=&#8221;4.17.3&#8243; _module_preset=&#8221;default&#8221; header_2_font=&#8221;Poppins|700|||||||&#8221; global_colors_info=&#8221;{}&#8221;]<\/p>\n<h2>Morotmaiyar-b\u00e9dabetor F\u00f3sat<\/h2>\n<p>[\/et_pb_text][et_pb_text _builder_version=&#8221;4.21.0&#8243; _module_preset=&#8221;default&#8221; ul_font=&#8221;Poppins||||||||&#8221; ul_line_height=&#8221;1.5em&#8221; global_colors_info=&#8221;{}&#8221;]<\/p>\n<ul>\n<li><a href=\"https:\/\/drive.google.com\/drive\/folders\/1Of3g-NhFYQk7Ntj0u_Bl9LcTAPkTnaJO?usp=sharing\" target=\"_blank\" rel=\"noopener\">C\u00e1haw\u00f3ti F\u00e1ida \u00dath\u00f3n arde Bots\u00f3lluk or Repouth Gor\u00f3<\/a><\/li>\n<li><a href=\"https:\/\/drive.google.com\/drive\/folders\/1U_iZCM-b_WmhpAmN1peLOoNF3BkyMSiT\" target=\"_blank\" rel=\"noopener\">Morotmaiyar-b\u00e9dabetor F\u00f3sat arde C\u00e1haw\u00f3ti F\u00e1ida \u00dath\u00f3n ar Bots\u00f3lluk<\/a><\/li>\n<\/ul>\n<p>[\/et_pb_text][\/et_pb_column][\/et_pb_row][\/et_pb_section][et_pb_section fb_built=&#8221;1&#8243; _builder_version=&#8221;4.24.2&#8243; _module_preset=&#8221;default&#8221; global_colors_info=&#8221;{}&#8221;][et_pb_row _builder_version=&#8221;4.24.2&#8243; _module_preset=&#8221;default&#8221; global_colors_info=&#8221;{}&#8221;][et_pb_column type=&#8221;4_4&#8243; _builder_version=&#8221;4.24.2&#8243; _module_preset=&#8221;default&#8221; global_colors_info=&#8221;{}&#8221;][et_pb_text _builder_version=&#8221;4.17.3&#8243; _module_preset=&#8221;default&#8221; header_2_font=&#8221;Poppins|700|||||||&#8221; global_colors_info=&#8221;{}&#8221;]<\/p>\n<h2>Kaanuni H\u00e9fazot<\/h2>\n<p>[\/et_pb_text][et_pb_text _builder_version=&#8221;4.24.3&#8243; _module_preset=&#8221;default&#8221; ul_font=&#8221;Poppins||||||||&#8221; ul_line_height=&#8221;1.5em&#8221; global_colors_info=&#8221;{}&#8221;]<\/p>\n<ul>\n<li><a href=\"https:\/\/drive.google.com\/drive\/folders\/1-7x7E8A6UXWc6Py1flgGa6LGSr_5f-Di?usp=share_link\" target=\"_blank\" rel=\"noopener\"><a href=\"https:\/\/drive.google.com\/drive\/folders\/1-7x7E8A6UXWc6Py1flgGa6LGSr_5f-Di?usp=share_link\">Graftar arde Bon \u00d3on or H\u00fa\u00f1ciari \u00d3kkol<\/a><\/a><\/li>\n<li><a href=\"https:\/\/drive.google.com\/drive\/folders\/1rm13ji-4lAdPK9GpeBJh9akndvGWNIBI?usp=share_link\" target=\"_blank\" rel=\"noopener\">Ekk\u00e1n Ful\u00edc Repouth Gor\u00e1<\/a><\/li>\n<li><a href=\"https:\/\/drive.google.com\/drive\/folders\/1QqwZv7xUD3tSQDxBHMMOdKBuBhdMhxKT?usp=share_link\" target=\"_blank\" rel=\"noopener\"><a href=\"https:\/\/drive.google.com\/drive\/folders\/1QqwZv7xUD3tSQDxBHMMOdKBuBhdMhxKT?usp=share_link\">Graftar arde Bon \u00d3on or Repouthgor\u00e1<\/a><\/a><\/li>\n<li><a href=\"https:\/\/drive.google.com\/drive\/folders\/1bqth0hCbkUnXDsTspOuaGOzKvPRh0-Ad?usp=share_link\" target=\"_blank\" rel=\"noopener\"><a href=\"https:\/\/drive.google.com\/drive\/folders\/1bqth0hCbkUnXDsTspOuaGOzKvPRh0-Ad?usp=share_link\">A\u00f1\u00e1rt\u00fa Kigor\u00f3nsa zodi A\u00f1\u00e1r\u00e9 T\u00edyagor\u00e1 de \u00d3ile y\u00e1 Graftargor\u00e9 de \u00d3ile<\/a><\/a><a href=\"https:\/\/drive.google.com\/drive\/folders\/1jcK45k-Lhrjf1hp7wXVSrXc7YXipeDy8?usp=share_link\" target=\"_blank\" rel=\"noopener\"><\/a><\/li>\n<\/ul>\n<p>[\/et_pb_text][\/et_pb_column][\/et_pb_row][\/et_pb_section][et_pb_section fb_built=&#8221;1&#8243; _builder_version=&#8221;4.24.2&#8243; _module_preset=&#8221;default&#8221; background_color=&#8221;#efefef&#8221; global_colors_info=&#8221;{}&#8221;][et_pb_row _builder_version=&#8221;4.24.2&#8243; _module_preset=&#8221;default&#8221; global_colors_info=&#8221;{}&#8221;][et_pb_column type=&#8221;4_4&#8243; _builder_version=&#8221;4.24.2&#8243; _module_preset=&#8221;default&#8221; global_colors_info=&#8221;{}&#8221;][et_pb_text _builder_version=&#8221;4.17.4&#8243; _module_preset=&#8221;default&#8221; header_2_font=&#8221;Poppins|700|||||||&#8221; global_colors_info=&#8221;{}&#8221;]<\/p>\n<h2>Seh\u00e9t<\/h2>\n<p>[\/et_pb_text][et_pb_text _builder_version=&#8221;4.22.1&#8243; _module_preset=&#8221;default&#8221; ul_font=&#8221;Poppins||||||||&#8221; ul_line_height=&#8221;1.5em&#8221; global_colors_info=&#8221;{}&#8221;]<\/p>\n<ul>\n<li>H\u00e1t T\u00e9ng ar Muk\u00f3r Biaram \u00d3kkol (HTMB)\n<ol>\n<li><a href=\"https:\/\/drive.google.com\/drive\/folders\/1dh2XBQBi-vS0y_X2pBOqGdoKcgeXJ1RD\" target=\"_blank\" rel=\"noopener\">Maabaf ar Waali-Murobbi \u00d3kkol \u00d3lla (MTMB) or Mocuwara<\/a><\/li>\n<li><a href=\"https:\/\/drive.google.com\/drive\/folders\/1999G2_Q_EYF1ORXbKH8jlpv1-gya2ZGw\" target=\"_blank\" rel=\"noopener\">HTMB&#8217;r Alaamot okkol<\/a><\/li>\n<li><a href=\"https:\/\/drive.google.com\/drive\/folders\/19xxIFOk96s-UZ1jYAQpyR39e1rtr5teJ\" target=\"_blank\" rel=\"noopener\">HTMB Ruk\u00f3on.<\/a><\/li>\n<\/ol>\n<\/li>\n<li><a href=\"https:\/\/drive.google.com\/drive\/folders\/1vb9ixHw9Sp8mNPrN7-HUcuC7MYITTzEX\" target=\"_blank\" rel=\"noopener\">Malaria<\/a><\/li>\n<li>Monk\u00edpox y\u00e1 Ba\u00f1d\u00f3ijja \u00c1\u00f1ra\n<ol>\n<li><a href=\"https:\/\/drive.google.com\/drive\/folders\/1ZtMYoVwA4AUJ9LvGbVX2nYma9D4y46Ub\" target=\"_blank\" rel=\"noopener\">Ba\u00f1d\u00f3ijja \u00c1\u00f1ra Ke\u00e9ng\u00f3ri Far\u00e1<\/a><\/li>\n<li><a href=\"https:\/\/drive.google.com\/drive\/folders\/1dVEilvKalMUWKTaGQO0JUnorP_ZUabsZ\" target=\"_blank\" rel=\"noopener\">Ba\u00f1j\u00f3ijja \u00c1\u00f1rar sinno ar alamot<\/a><\/li>\n<\/ol>\n<\/li>\n<li><a href=\"https:\/\/drive.google.com\/drive\/folders\/1VWa-mI144wtNd5bXl7t_F4a2F8xURkqs\" target=\"_blank\" rel=\"noopener\">Dengu: Maah\u00f3uli Seh\u00e9t or H\u00e1lot arde S\u00e1fsut\u00e1ra<\/a><\/li>\n<li>Tibibiaram\n<ol>\n<li><a href=\"https:\/\/drive.google.com\/drive\/folders\/1h7MGijpia5a-CP3vEsAGhAdDl2ro5Ff_\" target=\"_blank\" rel=\"noopener\">Tib\u00edbiaram(TB)<\/a><\/li>\n<li><a href=\"https:\/\/drive.google.com\/drive\/folders\/1DxIHuJv-6ajzEiU8M17KmsOkBfZpdabT\" target=\"_blank\" rel=\"noopener\">Tib\u00edbiaram &#8211; Tuw\u00f3on<\/a><\/li>\n<\/ol>\n<\/li>\n<\/ul>\n<p>[\/et_pb_text][\/et_pb_column][\/et_pb_row][\/et_pb_section][et_pb_section fb_built=&#8221;1&#8243; _builder_version=&#8221;4.24.2&#8243; _module_preset=&#8221;default&#8221; global_colors_info=&#8221;{}&#8221;][et_pb_row _builder_version=&#8221;4.24.2&#8243; _module_preset=&#8221;default&#8221; global_colors_info=&#8221;{}&#8221;][et_pb_column type=&#8221;4_4&#8243; _builder_version=&#8221;4.24.2&#8243; _module_preset=&#8221;default&#8221; global_colors_info=&#8221;{}&#8221;][et_pb_text _builder_version=&#8221;4.25.0&#8243; _module_preset=&#8221;default&#8221; header_2_font=&#8221;Poppins|700|||||||&#8221; global_colors_info=&#8221;{}&#8221;]<\/p>\n<h2>Nizor-icca F\u00e9rok\u00f3on<\/h2>\n<p>[\/et_pb_text][et_pb_text _builder_version=&#8221;4.25.0&#8243; _module_preset=&#8221;default&#8221; ul_font=&#8221;Poppins||||||||&#8221; ul_line_height=&#8221;1.5em&#8221; global_colors_info=&#8221;{}&#8221;]<\/p>\n<ul>\n<li><a href=\"https:\/\/drive.google.com\/drive\/folders\/1gg6w6Zkz_E0g-5GSAMSWugWOMWDj1BSU\" target=\"_blank\" rel=\"noopener\"><a href=\"https:\/\/drive.google.com\/drive\/folders\/1gg6w6Zkz_E0g-5GSAMSWugWOMWDj1BSU\">Nizor Eradai Wapeszon or po\u00fastar<\/a><\/a><\/li>\n<\/ul>\n<p>[\/et_pb_text][\/et_pb_column][\/et_pb_row][\/et_pb_section]<\/p>\n","protected":false},"excerpt":{"rendered":"<p>Taalukgor\u00e1r Jin\u00edc \u00d3kkol or GudamUNHCR arde tar patnar \u00f3kkole nelaiy\u00e9 d\u00e9 taalukgor\u00e1r jin\u00edc or\u00e9 me\u00e9rbanigori e\u00e7\u00e9 tuwoo. Tu\u00f1\u00ed zin\u00edc gin or\u00e9 donl\u00fad gor\u00ed y\u00e1ni lamai loi or\u00e9 UNHCR loi taaluk as\u00e9 d\u00e9 zehon\u00f3 man\u00faic \u00f3kkol or c\u00edar gor\u00edtf\u00e1ro. Kis\u00edmma-kis\u00edmma zubanot jin\u00edc c\u00e1n or\u00e9 tua\u00e1i loib\u00f3lla nisor lin \u00f3kkol \u00f3t kil\u00edk g\u00f3ro y\u00e1ni thip mar\u00f3o. UNHCR [&hellip;]<\/p>\n","protected":false},"author":1,"featured_media":0,"parent":16950,"menu_order":0,"comment_status":"closed","ping_status":"closed","template":"","meta":{"_et_pb_use_builder":"on","_et_pb_old_content":"","_et_gb_content_width":"","_exactmetrics_skip_tracking":false,"_exactmetrics_sitenote_active":false,"_exactmetrics_sitenote_note":"","_exactmetrics_sitenote_category":0,"footnotes":""},"class_list":["post-49724","page","type-page","status-publish","hentry"],"_links":{"self":[{"href":"https:\/\/refugeemalaysia.org\/rh\/wp-json\/wp\/v2\/pages\/49724","targetHints":{"allow":["GET"]}}],"collection":[{"href":"https:\/\/refugeemalaysia.org\/rh\/wp-json\/wp\/v2\/pages"}],"about":[{"href":"https:\/\/refugeemalaysia.org\/rh\/wp-json\/wp\/v2\/types\/page"}],"author":[{"embeddable":true,"href":"https:\/\/refugeemalaysia.org\/rh\/wp-json\/wp\/v2\/users\/1"}],"replies":[{"embeddable":true,"href":"https:\/\/refugeemalaysia.org\/rh\/wp-json\/wp\/v2\/comments?post=49724"}],"version-history":[{"count":7,"href":"https:\/\/refugeemalaysia.org\/rh\/wp-json\/wp\/v2\/pages\/49724\/revisions"}],"predecessor-version":[{"id":55290,"href":"https:\/\/refugeemalaysia.org\/rh\/wp-json\/wp\/v2\/pages\/49724\/revisions\/55290"}],"up":[{"embeddable":true,"href":"https:\/\/refugeemalaysia.org\/rh\/wp-json\/wp\/v2\/pages\/16950"}],"wp:attachment":[{"href":"https:\/\/refugeemalaysia.org\/rh\/wp-json\/wp\/v2\/media?parent=49724"}],"curies":[{"name":"wp","href":"https:\/\/api.w.org\/{rel}","templated":true}]}}