{"id":50503,"date":"2023-12-07T15:29:17","date_gmt":"2023-12-07T07:29:17","guid":{"rendered":"https:\/\/refugeemalaysia.org\/support\/kaanuni-hefazot\/kaanuni-hefazot-or-bfs\/"},"modified":"2024-09-14T09:08:27","modified_gmt":"2024-09-14T01:08:27","slug":"legal-protection-faq","status":"publish","type":"page","link":"https:\/\/refugeemalaysia.org\/rh\/modot\/kaanuni-hefazot\/legal-protection-faq\/","title":{"rendered":"Kaanuni H\u00e9fazot or BFS"},"content":{"rendered":"<p>[et_pb_section fb_built=&#8221;1&#8243; admin_label=&#8221;Hero&#8221; _builder_version=&#8221;4.23.1&#8243; use_background_color_gradient=&#8221;on&#8221; background_color_gradient_stops=&#8221;rgba(0,0,0,0.4) 0%|rgba(0,0,0,0.4) 100%&#8221; background_color_gradient_overlays_image=&#8221;on&#8221; background_color_gradient_start=&#8221;rgba(0,0,0,0.4)&#8221; background_color_gradient_end=&#8221;rgba(0,0,0,0.4)&#8221; background_image=&#8221;https:\/\/refugeemalaysia.org\/wp-content\/uploads\/2022\/11\/legal-protection.jpeg&#8221; custom_padding=&#8221;110px|0px|110px|0px|false|false&#8221; animation_style=&#8221;zoom&#8221; animation_intensity_zoom=&#8221;3%&#8221; global_colors_info=&#8221;{}&#8221;][et_pb_row use_custom_gutter=&#8221;on&#8221; gutter_width=&#8221;1&#8243; make_equal=&#8221;on&#8221; _builder_version=&#8221;4.16&#8243; _module_preset=&#8221;default&#8221; custom_padding=&#8221;0px||0px||true|false&#8221; global_colors_info=&#8221;{}&#8221;][et_pb_column type=&#8221;4_4&#8243; _builder_version=&#8221;4.16&#8243; _module_preset=&#8221;default&#8221; global_colors_info=&#8221;{}&#8221;][et_pb_text _builder_version=&#8221;4.23.1&#8243; _module_preset=&#8221;default&#8221; header_font=&#8221;Poppins|600||on|||||&#8221; header_text_align=&#8221;center&#8221; header_text_color=&#8221;#FFFFFF&#8221; header_font_size=&#8221;50px&#8221; header_text_shadow_style=&#8221;preset3&#8243; global_colors_info=&#8221;{}&#8221;]<\/p>\n<h1>Kaanuni H\u00e9fazot or BFS<\/h1>\n<p>[\/et_pb_text][\/et_pb_column][\/et_pb_row][\/et_pb_section][et_pb_section fb_built=&#8221;1&#8243; _builder_version=&#8221;4.16&#8243; _module_preset=&#8221;default&#8221; global_colors_info=&#8221;{}&#8221;][et_pb_row _builder_version=&#8221;4.24.0&#8243; _module_preset=&#8221;default&#8221; global_colors_info=&#8221;{}&#8221;][et_pb_column type=&#8221;4_4&#8243; _builder_version=&#8221;4.24.0&#8243; _module_preset=&#8221;default&#8221; global_colors_info=&#8221;{}&#8221;][et_pb_text _builder_version=&#8221;4.24.0&#8243; _module_preset=&#8221;default&#8221; text_font=&#8221;Poppins|700|||||||&#8221; locked=&#8221;off&#8221; global_colors_info=&#8221;{}&#8221;]Graftar ar Bon \u00d3on[\/et_pb_text][dsm_faq dsm_accordion_gap=&#8221;20px&#8221; dsm_make_accordion_toggle=&#8221;on&#8221; dsm_open_faq_item=&#8221;on&#8221; dsm_enable_schema_markup=&#8221;on&#8221; dsm_open_toggle_margin=&#8221;||||false|false&#8221; dsm_open_toggle_padding=&#8221;||||false|false&#8221; dsm_close_bg_color=&#8221;#0072BC&#8221; dsm_open_font_icon=&#8221;&#x4b;||divi||400&#8243; dsm_close_font_icon=&#8221;&#x43;||divi||400&#8243; dsm_close_icon_color=&#8221;#FFFFFF&#8221; dsm_animate_icon=&#8221;on&#8221; dsm_icon_placement=&#8221;right&#8221; dsm_content_margin=&#8221;||||false|false&#8221; dsm_content_padding=&#8221;30px||||false|false&#8221; _builder_version=&#8221;4.24.3&#8243; _module_preset=&#8221;default&#8221; header_level=&#8221;h4&#8243; header_font=&#8221;Poppins|700|||||||&#8221; closed_header_font=&#8221;Poppins|700|||||||&#8221; closed_header_text_color=&#8221;#FFFFFF&#8221; content_font=&#8221;Poppins||||||||&#8221; content_font_size=&#8221;16px&#8221; custom_margin=&#8221;||||false|false&#8221; custom_padding=&#8221;||||false|false&#8221; hover_enabled=&#8221;0&#8243; border_radii_dsm_toggle_open_border=&#8221;on|10px|10px|10px|10px&#8221; border_width_all_dsm_toggle_open_border=&#8221;1px&#8221; border_color_all_dsm_toggle_open_border=&#8221;#0072BC&#8221; border_radii_dsm_toggle_closed_border=&#8221;on|10px|10px|10px|10px&#8221; global_colors_info=&#8221;{}&#8221; sticky_enabled=&#8221;0&#8243;][dsm_faq_child dsm_title=&#8221;A\u00f1\u00e1r fu\u00f1\u00e1ijja \u00f3kkol\/ koum or memb\u00f3r \u00f3kkol d\u00e1ra haiye. A\u00f1\u00ed Kengor\u00ed UNHCR \u00f3t repouth g\u00f3ijjoum? &#8221; dsm_content=&#8221;<\/p>\n<p>Tu\u00f1\u00ed nisor cenel \u00f3kkol estemalgor\u00ed repouth gor\u00ed faro\u00f3:<\/p>\n<ul>\n<li><a href=%22https:\/\/refugeemalaysia.org\/rh\/taalukat\/%22>Graftar ar Bon \u00d3on or Repouth<\/a> f\u00f3rom<\/li>\n<li>Graftar ar Bon \u00d3on or H\u00f3tlain ( Eh\u00f3tlain \u00f3t sir\u00edf ingil\u00edc arde molai hot\u00e1t ho\u00f3 d\u00e9 ko\u00f3l \u00f3kkol d\u00f3re)<\/li>\n<\/ul>\n<p>Me\u00e9rbanigori ek doilla man\u00faic or graftar or baabote bo\u00fat cenel loi repouth nog\u00f3ijjo kiy\u00f3lla hoil\u00e9 iiyan\u00e9 UNHCR or juwab diya r\u00e9 deri gor\u00edtf\u00e1re. Ze\u00f1\u00e9tte graftar arde bon \u00f3on or repouth furagor\u00edb\u00e1, \u00e9\u00f1tte me\u00e9rbanigori c\u00e1mil gor\u00edy\u00f3:<\/p>\n<ul>\n<li>Tu\u00e1\u00f1r nam, UNHCR or fail nomb\u00f3r arde taalukgor\u00e1r tofsil \u00f3kkol.<\/li>\n<li>garftar \u00f3iye d\u00e9 y\u00e1 d\u00f3ra h\u00e1iye d\u00e9 \u00edbar nam, boc, j\u00edns y\u00e1ni maya-morot arde UNHCR or f\u00e1il nomb\u00f3r(Zodi doft\u00f3r \u00f3iye d\u00e9 \u00f3il\u00e9)<\/li>\n<li>Fo\u00f3 d\u00e9 \u00f3ile: bon \u00f3oye d\u00e9 \u00edbar nomb\u00f3r, bondih\u00e1na as\u00e9 d\u00e9 zaga, d\u00f3ra h\u00e1iye d\u00e9 tar\u00edk, d\u00f3ra h\u00e1iye d\u00e9 waj\u00e1, d\u00f3ijje d\u00e9 adikar( immigrac\u00e9n, ful\u00edc y\u00e1 oinno kiya), ku\u00fat or tar\u00edk, elzam or s\u00farot arde (zodi man\u00faiccwa r\u00e9 elzam lagar d\u00e9 \u00f3ile) ku\u00fat as\u00e9 d\u00e9 zaga.<\/li>\n<\/ul>\n<p>&#8221; _builder_version=&#8221;4.24.3&#8243; _module_preset=&#8221;default&#8221; hover_enabled=&#8221;0&#8243; global_colors_info=&#8221;{}&#8221; parentOrderClass=&#8221;dsm_faq_0&#8243; sticky_enabled=&#8221;0&#8243;][\/dsm_faq_child][dsm_faq_child dsm_title=&#8221;Bodi h\u00e1natt\u00fa nelaib\u00f3r modot gor\u00edb\u00f3lla UNHCR \u00f3ttu hoto din lage?&#8221; dsm_content=&#8221;<\/p>\n<p>UNHCR r\u00e9 graftar y\u00e1 bon \u00f3on or repouth faiy\u00e9 d\u00e9 \u00f3ile, adikar \u00f3kkol l\u00f3i s\u00e1ara-tuwouya arde ref\u00faji \u00f3kkol d\u00f3ra y\u00e1 bongor\u00e1r h\u00e9laf ukilai gor\u00e1r f\u00fa\u00e1\u00f1ti f\u00f3uran karwaiyi gor\u00e9. Komzur man\u00faic \u00f3kkol reh\u00e1ifoon or\u00e9 UNHCR r\u00e9 torji ded\u00e9 \u00f3iley\u00f3, hodi \u00f3ol or\u00e9 eridon or f\u00e1isala gan kulehale Malaysia&apos;r adikar \u00f3kkol \u00f3ttu t\u00e1ke.<\/p>\n<p>&#8221; _builder_version=&#8221;4.24.0&#8243; _module_preset=&#8221;default&#8221; global_colors_info=&#8221;{}&#8221; parentOrderClass=&#8221;dsm_faq_0&#8243;][\/dsm_faq_child][\/dsm_faq][\/et_pb_column][\/et_pb_row][et_pb_row _builder_version=&#8221;4.24.0&#8243; _module_preset=&#8221;default&#8221; global_colors_info=&#8221;{}&#8221;][et_pb_column type=&#8221;4_4&#8243; _builder_version=&#8221;4.24.0&#8243; _module_preset=&#8221;default&#8221; global_colors_info=&#8221;{}&#8221;][et_pb_text _builder_version=&#8221;4.24.0&#8243; _module_preset=&#8221;default&#8221; text_font=&#8221;Poppins|700|||||||&#8221; locked=&#8221;off&#8221; global_colors_info=&#8221;{}&#8221;]Zurgor\u00ed Wapesdon\/ Dec\u00f3ttu Nelaidon[\/et_pb_text][dsm_faq dsm_accordion_gap=&#8221;20px&#8221; dsm_make_accordion_toggle=&#8221;on&#8221; dsm_open_faq_item=&#8221;on&#8221; dsm_enable_schema_markup=&#8221;on&#8221; dsm_open_toggle_margin=&#8221;||||false|false&#8221; dsm_open_toggle_padding=&#8221;||||false|false&#8221; dsm_close_bg_color=&#8221;#0072BC&#8221; dsm_open_font_icon=&#8221;&#x4b;||divi||400&#8243; dsm_close_font_icon=&#8221;&#x43;||divi||400&#8243; dsm_close_icon_color=&#8221;#FFFFFF&#8221; dsm_animate_icon=&#8221;on&#8221; dsm_icon_placement=&#8221;right&#8221; dsm_content_margin=&#8221;||||false|false&#8221; dsm_content_padding=&#8221;30px||||false|false&#8221; _builder_version=&#8221;4.24.0&#8243; _module_preset=&#8221;default&#8221; header_level=&#8221;h4&#8243; header_font=&#8221;Poppins|700|||||||&#8221; closed_header_font=&#8221;Poppins|700|||||||&#8221; closed_header_text_color=&#8221;#FFFFFF&#8221; content_font=&#8221;Poppins||||||||&#8221; content_font_size=&#8221;16px&#8221; custom_margin=&#8221;||||false|false&#8221; custom_padding=&#8221;||||false|false&#8221; border_radii_dsm_toggle_open_border=&#8221;on|10px|10px|10px|10px&#8221; border_width_all_dsm_toggle_open_border=&#8221;1px&#8221; border_color_all_dsm_toggle_open_border=&#8221;#0072BC&#8221; border_radii_dsm_toggle_closed_border=&#8221;on|10px|10px|10px|10px&#8221; global_colors_info=&#8221;{}&#8221;][dsm_faq_child dsm_title=&#8221;A\u00f1\u00e1r f\u00fa\u00f1\u00e1ijja\/ f\u00e9mil\u00edr memb\u00f3r or\u00e9 dec\u00f3t wapes der, a\u00f1\u00e1rt\u00fa ki gor\u00f3nsa?&#8221; dsm_content=&#8221;<\/p>\n<p><a href=%22https:\/\/refugeemalaysia.org\/rh\/taalukat\/%22>Graftar ar Bon \u00d3on or Repout<\/a> or f\u00f3rom estemal gor\u00ed me\u00e9rbanigori UNHCR or\u00e9 f\u00f3uran h\u00f3bor zan\u00f3 y\u00e1 Graftyar arde Bon \u00d3n or H\u00f3tlain \u00f3t ko\u00f3l gor\u00f3.<\/p>\n<p>Zoto bec\u00ed maalumat difar\u00f3o do\u00f3, zendilla nek\u00ed nam, man\u00faiccw\u00e1 UNHCR f\u00e1il nomb\u00f3r, dec\u00f3tt\u00fa neali dibor hot\u00e1 as\u00e9 d\u00e9 tar\u00edk, eh\u00f3n as\u00e9 d\u00e9 bondih\u00e1nar t\u00edkana, eh\u00f3nor bodi nomb\u00f3r, plein or tiket kinn\u00e9 k\u00ed n\u00f3ken\u00e9, ar man\u00faiccw\u00e1 dec\u00f3ttu neli zaib\u00f3lla razi \u00f3iye k\u00ed n\u00f3o.<\/p>\n<p>&#8221; _builder_version=&#8221;4.24.0&#8243; _module_preset=&#8221;default&#8221; global_colors_info=&#8221;{}&#8221; parentOrderClass=&#8221;dsm_faq_1&#8243;][\/dsm_faq_child][\/dsm_faq][\/et_pb_column][\/et_pb_row][\/et_pb_section]<\/p>\n","protected":false},"excerpt":{"rendered":"<p>Kaanuni H\u00e9fazot or BFSGraftar ar Bon \u00d3on<div class=\"et_pb_with_border et_pb_module dsm_faq dsm_faq_0\">\n\t\t\t\t\n\t\t\t\t\n\t\t\t\t\n\t\t\t\t\n\t\t\t\t\n\t\t\t\t\n\t\t\t\t<div class=\"et_pb_module_inner\">\n\t\t\t\t\t<div class=\"dsm-faq-container dsm-front\" data-accordion=\"on\" data-open_first_item=\"on\">\n\t\t\t\t\n\t\t\t <\/div>\n\t\t\t \n\t\t\t\n\t\t\t\t<\/div>\n\t\t\t<\/div><div class=\"dsm_faq_child_0 dsm-faq-item-wrapper\">\n\t\t\t\t<div class=\"dsm-title-wrapper\">\n\t\t\t\t <div class=\"dsm-title-inner-wrapper\">\n\t\t\t\t   \n\t\t\t\t   \n\t\t\t\t   \n\t\t\t\t   \n\t\t\t\t   <h4 class=\"dsm-faq-title\">&#8221;A\u00f1\u00e1r<\/h4>\n\t\t\t\t <\/div> \n\t\t\t\t <div class=\"dsm-faq-item-inner-wrapper\">\n\t\t\t\t   <div class=\"dsm_open_icon\"><span>K<\/span><\/div>\n\t\t\t\t   <div class=\"dsm_close_icon\"><span>C<\/span><\/div>\n\t\t\t\t   \n\t\t\t\t   \n\t\t\t\t <\/div>\n\t\t\t\t<\/div>\n\t\t\t\t<div class=\"dsm-faq-content\">&#8221;Tu\u00f1\u00ed<\/div>\n\t\t\t <\/div>\n\t\t\t<\/p>\n","protected":false},"author":149,"featured_media":0,"parent":48650,"menu_order":0,"comment_status":"closed","ping_status":"closed","template":"","meta":{"_et_pb_use_builder":"on","_et_pb_old_content":"","_et_gb_content_width":"","_exactmetrics_skip_tracking":false,"_exactmetrics_sitenote_active":false,"_exactmetrics_sitenote_note":"","_exactmetrics_sitenote_category":0,"footnotes":""},"class_list":["post-50503","page","type-page","status-publish","hentry"],"_links":{"self":[{"href":"https:\/\/refugeemalaysia.org\/rh\/wp-json\/wp\/v2\/pages\/50503","targetHints":{"allow":["GET"]}}],"collection":[{"href":"https:\/\/refugeemalaysia.org\/rh\/wp-json\/wp\/v2\/pages"}],"about":[{"href":"https:\/\/refugeemalaysia.org\/rh\/wp-json\/wp\/v2\/types\/page"}],"author":[{"embeddable":true,"href":"https:\/\/refugeemalaysia.org\/rh\/wp-json\/wp\/v2\/users\/149"}],"replies":[{"embeddable":true,"href":"https:\/\/refugeemalaysia.org\/rh\/wp-json\/wp\/v2\/comments?post=50503"}],"version-history":[{"count":7,"href":"https:\/\/refugeemalaysia.org\/rh\/wp-json\/wp\/v2\/pages\/50503\/revisions"}],"predecessor-version":[{"id":55155,"href":"https:\/\/refugeemalaysia.org\/rh\/wp-json\/wp\/v2\/pages\/50503\/revisions\/55155"}],"up":[{"embeddable":true,"href":"https:\/\/refugeemalaysia.org\/rh\/wp-json\/wp\/v2\/pages\/48650"}],"wp:attachment":[{"href":"https:\/\/refugeemalaysia.org\/rh\/wp-json\/wp\/v2\/media?parent=50503"}],"curies":[{"name":"wp","href":"https:\/\/api.w.org\/{rel}","templated":true}]}}