{"id":53573,"date":"2021-12-27T11:26:59","date_gmt":"2021-12-27T03:26:59","guid":{"rendered":"https:\/\/refugeemalaysia.org\/support\/resources-for-organisations\/refujii-lofzo-okkol\/"},"modified":"2024-06-09T00:42:11","modified_gmt":"2024-06-08T16:42:11","slug":"refujii-lofzo-okkol","status":"publish","type":"page","link":"https:\/\/refugeemalaysia.org\/rh\/modot\/tonzim-okkol-olla-modot-or-zoriya-okkol\/refujii-lofzo-okkol\/","title":{"rendered":"Refujir Lofz\u00f3 \u00f3kkol"},"content":{"rendered":"<p>[et_pb_section fb_built=&#8221;1&#8243; admin_label=&#8221;Hero&#8221; module_id=&#8221;top&#8221; _builder_version=&#8221;4.14.3&#8243; use_background_color_gradient=&#8221;on&#8221; background_color_gradient_start=&#8221;rgba(0,0,0,0.4)&#8221; background_color_gradient_end=&#8221;rgba(0,0,0,0.4)&#8221; background_color_gradient_overlays_image=&#8221;on&#8221; background_image=&#8221;https:\/\/refugeemalaysia.org\/wp-content\/uploads\/2021\/12\/refugee-lexicon.jpg&#8221; custom_padding=&#8221;110px|0px|110px|0px|false|false&#8221; animation_style=&#8221;zoom&#8221; animation_intensity_zoom=&#8221;3%&#8221; global_colors_info=&#8221;{}&#8221;][et_pb_row use_custom_gutter=&#8221;on&#8221; gutter_width=&#8221;1&#8243; make_equal=&#8221;on&#8221; _builder_version=&#8221;4.9.4&#8243; _module_preset=&#8221;default&#8221; custom_padding=&#8221;0px||0px||true|false&#8221; global_colors_info=&#8221;{}&#8221;][et_pb_column type=&#8221;4_4&#8243; _builder_version=&#8221;4.9.4&#8243; _module_preset=&#8221;default&#8221; global_colors_info=&#8221;{}&#8221;][et_pb_text _builder_version=&#8221;4.14.3&#8243; _module_preset=&#8221;default&#8221; header_font=&#8221;Poppins|600||on|||||&#8221; header_text_align=&#8221;center&#8221; header_text_color=&#8221;#FFFFFF&#8221; header_font_size=&#8221;50px&#8221; custom_margin=&#8221;||||false|false&#8221; custom_padding=&#8221;||||false|false&#8221; header_text_shadow_style=&#8221;preset3&#8243; global_colors_info=&#8221;{}&#8221;]<\/p>\n<h1>Refujir Lofz\u00f3 \u00f3kkol<\/h1>\n<p>[\/et_pb_text][et_pb_text _builder_version=&#8221;4.14.3&#8243; _module_preset=&#8221;default&#8221; text_text_color=&#8221;#FFFFFF&#8221; text_font_size=&#8221;18px&#8221; header_font=&#8221;Poppins|600||on|||||&#8221; header_text_align=&#8221;center&#8221; header_text_color=&#8221;#FFFFFF&#8221; header_font_size=&#8221;50px&#8221; text_orientation=&#8221;center&#8221; header_text_shadow_style=&#8221;preset3&#8243; global_colors_info=&#8221;{}&#8221;]<\/p>\n<p>Noyagoijje: 27 tar\u00edk, Ipril 2021<\/p>\n<p>[\/et_pb_text][\/et_pb_column][\/et_pb_row][\/et_pb_section][et_pb_section fb_built=&#8221;1&#8243; _builder_version=&#8221;4.10.8&#8243; _module_preset=&#8221;default&#8221; global_colors_info=&#8221;{}&#8221;][et_pb_row _builder_version=&#8221;4.10.8&#8243; _module_preset=&#8221;default&#8221; global_colors_info=&#8221;{}&#8221;][et_pb_column type=&#8221;4_4&#8243; _builder_version=&#8221;4.10.8&#8243; _module_preset=&#8221;default&#8221; global_colors_info=&#8221;{}&#8221;][et_pb_text _builder_version=&#8221;4.14.3&#8243; _module_preset=&#8221;default&#8221; locked=&#8221;off&#8221; global_colors_info=&#8221;{}&#8221;]Refuji \u00f3kkol \u00f3r tobkar baabote 1951 \u00f3r boi\u00e7\u00f3k \u00f3r dhr\u00e1f toiyari gorar for ott\u00fa lota, zozuri fol\u00f3si ar rastadah\u00e1nir habosfonna \u00f3kkol c\u00farut ott\u00fa ingirazi zuban \u00f3t toiyari gora gora g\u00edye. \u00c9ndilla gor\u00ed, Malaysia at UNHCR \u00f3r ah\u00e9ri foijjonto cam\u00edl, h\u00f3kumot, a\u00e1m man\u00faic ,ar refuji s\u00f3maj \u00f3kkol l\u00f3i b\u00e1lag\u00f3ri taaluk gori bella b\u00faoli ofis \u00e9 Ing\u00edrazi zuban ar Molai zuban \u00f3r dui dormian \u00f3re est\u00e9mal goijje.<\/p>\n<p>Molai zuban \u00f3t maz\u00e9 refujir baabote teknikel wa\u00e1dh \u00f3kkol \u00f3r h\u00e1li re sin\u00edl\u00f3i bella est\u00e9ndad goijje, UNHCR re refuji disnary toiyar goijje. Molai zuban \u00f3t maz\u00e9 wa\u00e1dh \u00f3kkol \u00f3r torjuma. UNHCR re ing\u00edrazi maz\u00e9 c\u00f3daran wa\u00e1dh \u00f3kkol s\u00ednno goijje ar c\u00f3daran dec\u00f3r zuban est\u00e9mal g\u00f3ra zait fare \u00e9ndilla est\u00e9mal \u00f3r torjuma c\u00fandor g\u00f3ri bella b\u00fathor \u00f3r theknikel exp\u00e1th yani t\u00f3joruba ola \u00f3kkol l\u00f3i cam\u00edl zara dec\u00f3r molai zuban l\u00f3i h\u00f3tahoo. E\u00e9nte ,refujir mocuwara maz\u00e9 est\u00e9mal g\u00f3ra zadde \u00e9ndilla tokoriban 3,000 tin h\u00e1zar wa\u00e1dh dola g\u00f3ri torjuma g\u00f3ra giy\u00e9.<\/p>\n<p>UNHCR re tojuma gi\u00edn dubara cek goijje ar Molai zuban \u00f3r h\u00f3kumot,Dewan Bahasa dan Pustaka zoriya torjuma gi\u00edn h\u00e1wala goijje. Refuji dicnari gw\u00e1 \u00e9kkan zinda habosfonna z\u00edyan c\u00f3mec\u00f3me dubara cek and noya gora zaa.[\/et_pb_text][\/et_pb_column][\/et_pb_row][\/et_pb_section][et_pb_section fb_built=&#8221;1&#8243; module_id=&#8221;a-to-z-ic\u00e1ra&#8221; _builder_version=&#8221;4.14.3&#8243; _module_preset=&#8221;default&#8221; background_color=&#8221;#0072BC&#8221; custom_padding=&#8221;0px||0px||true|false&#8221; global_colors_info=&#8221;{}&#8221;][et_pb_row _builder_version=&#8221;4.14.3&#8243; _module_preset=&#8221;default&#8221; global_colors_info=&#8221;{}&#8221;][et_pb_column type=&#8221;4_4&#8243; _builder_version=&#8221;4.14.3&#8243; _module_preset=&#8221;default&#8221; global_colors_info=&#8221;{}&#8221;][et_pb_text _builder_version=&#8221;4.14.3&#8243; _module_preset=&#8221;default&#8221; text_text_color=&#8221;#FFFFFF&#8221; text_font_size=&#8221;24px&#8221; text_line_height=&#8221;1.5em&#8221; link_font=&#8221;Poppins||||on||||&#8221; link_text_color=&#8221;#FFFFFF&#8221; link_font_size=&#8221;24px&#8221; link_line_height=&#8221;1.5em&#8221; header_2_font=&#8221;Poppins|700|||||||&#8221; header_2_text_align=&#8221;center&#8221; header_2_text_color=&#8221;#000000&#8243; text_orientation=&#8221;center&#8221; locked=&#8221;off&#8221; global_colors_info=&#8221;{}&#8221;]# \u2022 <a href=\"a\/#atozindex\">A<\/a> \u2022 <a href=\"b\/#atozindex\">B<\/a> \u2022 <a href=\"c\/#atozindex\">C<\/a> \u2022 <a href=\"d\/#atozindex\">D<\/a> \u2022 <a href=\"e\/#atozindex\">E<\/a> \u2022 <a href=\"f\/#atozindex\">F<\/a> \u2022 <a href=\"g\/#atozindex\">G<\/a> \u2022 <a href=\"h\/#atozindex\">H<\/a> \u2022 <a href=\"i\/#atozindex\">I<\/a> \u2022 <a href=\"j\/#atozindex\">J<\/a> \u2022 <a href=\"k\/#atozindex\">K<\/a> \u2022 <a href=\"l\/#atozindex\">L<\/a> \u2022 <a href=\"m\/#atozindex\">M<\/a> \u2022 <a href=\"n\/#atozindex\">N<\/a> \u2022 <a href=\"o\/#atozindex\">O<\/a> \u2022 <a href=\"p\/#atozindex\">P<\/a> \u2022 <a href=\"q\/#atozindex\">Q<\/a> \u2022 <a href=\"r\/#atozindex\">R<\/a> \u2022 <a href=\"s\/#atozindex\">S<\/a> \u2022 <a href=\"t\/#atozindex\">T<\/a> \u2022 <a href=\"u\/#atozindex\">U<\/a> \u2022 <a href=\"v\/#atozindex\">V<\/a> \u2022 <a href=\"w\/#atozindex\">W<\/a> \u2022 <a href=\"x\/#atozindex\">X<\/a> \u2022 <a href=\"y\/#atozindex\">Y<\/a> \u2022 <a href=\"z\/#atozindex\">Z<\/a>[\/et_pb_text][\/et_pb_column][\/et_pb_row][\/et_pb_section][et_pb_section fb_built=&#8221;1&#8243; _builder_version=&#8221;4.14.3&#8243; _module_preset=&#8221;default&#8221; background_color=&#8221;#FFFFFF&#8221; global_colors_info=&#8221;{}&#8221;][et_pb_row _builder_version=&#8221;4.10.8&#8243; _module_preset=&#8221;default&#8221; global_colors_info=&#8221;{}&#8221;][et_pb_column type=&#8221;4_4&#8243; _builder_version=&#8221;4.10.8&#8243; _module_preset=&#8221;default&#8221; global_colors_info=&#8221;{}&#8221;][et_pb_text _builder_version=&#8221;4.14.3&#8243; _module_preset=&#8221;default&#8221; header_2_font=&#8221;Poppins|700|||||||&#8221; header_2_text_align=&#8221;center&#8221; header_2_text_color=&#8221;#000000&#8243; global_colors_info=&#8221;{}&#8221;]<\/p>\n<h2>#<\/h2>\n<p>[\/et_pb_text][\/et_pb_column][\/et_pb_row][et_pb_row _builder_version=&#8221;4.14.3&#8243; _module_preset=&#8221;default&#8221; global_colors_info=&#8221;{}&#8221;][et_pb_column type=&#8221;4_4&#8243; _builder_version=&#8221;4.14.3&#8243; _module_preset=&#8221;default&#8221; global_colors_info=&#8221;{}&#8221;][dvmd_table_maker tbl_responsive_break_by=&#8221;row&#8221; tbl_responsive_display_as=&#8221;accordion&#8221; tbl_frame_gap_col=&#8221;5px&#8221; tbl_frame_gap_row=&#8221;5px&#8221; tbl_stripes_active=&#8221;on&#8221; tbl_stripes_apply=&#8221;on|off|off|off|off&#8221; tbl_stripes_order=&#8221;odd&#8221; tbl_tcell_cell_align_horz=&#8221;center&#8221; tbl_tcell_cell_align_vert=&#8221;center&#8221; tbl_chead_cell_color=&#8221;#6c757d&#8221; tbl_rhead_cell_color=&#8221;#FAEB00&#8243; tbl_rhead_cell_align_horz=&#8221;center&#8221; tbl_toggle_color=&#8221;#000000&#8243; tbl_toggle_icon_open=&#8221;&#x45;||divi||400&#8243; tbl_toggle_icon_close=&#8221;&#x43;||divi||400&#8243; disabled_on=&#8221;off|off|off&#8221; _builder_version=&#8221;4.14.7&#8243; _module_preset=&#8221;default&#8221; tbl_tcell_text_font=&#8221;Poppins||||||||&#8221; tbl_tcell_text_font_size=&#8221;18px&#8221; tbl_chead_text_font=&#8221;|700|||||||&#8221; tbl_chead_text_text_color=&#8221;#FFFFFF&#8221; tbl_chead_text_font_size=&#8221;15px&#8221; tbl_chead_text_line_height=&#8221;1.2em&#8221; tbl_rhead_text_font=&#8221;|600|||||||&#8221; tbl_rhead_text_text_color=&#8221;#000000&#8243; tbl_rhead_text_font_size=&#8221;18px&#8221; tbl_rhead_text_line_height=&#8221;1.2em&#8221; tbl_rfoot_text_font_size=&#8221;0px&#8221; hover_enabled=&#8221;0&#8243; tbl_tcell_text_font_size_tablet=&#8221;16px&#8221; tbl_tcell_text_font_size_phone=&#8221;12px&#8221; tbl_tcell_text_font_size_last_edited=&#8221;on|tablet&#8221; tbl_chead_text_font_size_tablet=&#8221;&#8221; tbl_chead_text_font_size_phone=&#8221;13px&#8221; tbl_chead_text_font_size_last_edited=&#8221;on|desktop&#8221; tbl_rhead_text_text_color_tablet=&#8221;&#8221; tbl_rhead_text_text_color_phone=&#8221;&#8221; tbl_rhead_text_text_color_last_edited=&#8221;on|phone&#8221; border_radii_tbl_tcell_cell_border=&#8221;on|10px|10px|10px|10px&#8221; border_width_all_tbl_tcell_cell_border=&#8221;2px&#8221; border_width_all_tbl_chead_cell_border=&#8221;0px&#8221; border_style_all_tbl_chead_cell_border=&#8221;none&#8221; locked=&#8221;off&#8221; global_colors_info=&#8221;{}&#8221; sticky_enabled=&#8221;0&#8243;][dvmd_table_maker_item col_label=&#8221;English&#8221; col_content=&#8221;English<br \/>\n1951 Convention<br \/>\n1951 Refugee Convention &#8221; col_tcell_cell_padding=&#8221;||||false|false&#8221; col_rhead_cell_padding=&#8221;||||false|false&#8221; _builder_version=&#8221;4.14.7&#8243; _module_preset=&#8221;default&#8221; hover_enabled=&#8221;0&#8243; global_colors_info=&#8221;{}&#8221; sticky_enabled=&#8221;0&#8243;][\/dvmd_table_maker_item][dvmd_table_maker_item col_label=&#8221;Malay&#8221; col_content=&#8221;Malay<br \/>\nKonvensyen 1951<br \/>\nKonvensyen Pelarian 1951&#8243; _builder_version=&#8221;4.14.7&#8243; _module_preset=&#8221;default&#8221; hover_enabled=&#8221;0&#8243; global_colors_info=&#8221;{}&#8221; sticky_enabled=&#8221;0&#8243;][\/dvmd_table_maker_item][dvmd_table_maker_item col_label=&#8221;Category of Word&#8221; col_content=&#8221;Category of Word<br \/>\nHuman Rights<br \/>\nHuman Rights&#8221; _builder_version=&#8221;4.14.7&#8243; _module_preset=&#8221;default&#8221; hover_enabled=&#8221;0&#8243; global_colors_info=&#8221;{}&#8221; sticky_enabled=&#8221;0&#8243;][\/dvmd_table_maker_item][\/dvmd_table_maker][et_pb_text _builder_version=&#8221;4.14.3&#8243; _module_preset=&#8221;default&#8221; text_font_size=&#8221;17px&#8221; text_orientation=&#8221;center&#8221; locked=&#8221;off&#8221; global_colors_info=&#8221;{}&#8221;]<\/p>\n<p><a href=\"#top\">Wapes uore z\u00f3o<\/a><\/p>\n<p>[\/et_pb_text][\/et_pb_column][\/et_pb_row][\/et_pb_section]<\/p>\n","protected":false},"excerpt":{"rendered":"<p>Refujir Lofz\u00f3 \u00f3kkolNoyagoijje: 27 tar\u00edk, Ipril 2021Refuji \u00f3kkol \u00f3r tobkar baabote 1951 \u00f3r boi\u00e7\u00f3k \u00f3r dhr\u00e1f toiyari gorar for ott\u00fa lota, zozuri fol\u00f3si ar rastadah\u00e1nir habosfonna \u00f3kkol c\u00farut ott\u00fa ingirazi zuban \u00f3t toiyari gora gora g\u00edye. \u00c9ndilla gor\u00ed, Malaysia at UNHCR \u00f3r ah\u00e9ri foijjonto cam\u00edl, h\u00f3kumot, a\u00e1m man\u00faic ,ar refuji s\u00f3maj \u00f3kkol l\u00f3i b\u00e1lag\u00f3ri taaluk [&hellip;]<\/p>\n","protected":false},"author":149,"featured_media":0,"parent":14011,"menu_order":0,"comment_status":"closed","ping_status":"closed","template":"","meta":{"_et_pb_use_builder":"on","_et_pb_old_content":"","_et_gb_content_width":"","_exactmetrics_skip_tracking":false,"_exactmetrics_sitenote_active":false,"_exactmetrics_sitenote_note":"","_exactmetrics_sitenote_category":0,"footnotes":""},"class_list":["post-53573","page","type-page","status-publish","hentry"],"_links":{"self":[{"href":"https:\/\/refugeemalaysia.org\/rh\/wp-json\/wp\/v2\/pages\/53573","targetHints":{"allow":["GET"]}}],"collection":[{"href":"https:\/\/refugeemalaysia.org\/rh\/wp-json\/wp\/v2\/pages"}],"about":[{"href":"https:\/\/refugeemalaysia.org\/rh\/wp-json\/wp\/v2\/types\/page"}],"author":[{"embeddable":true,"href":"https:\/\/refugeemalaysia.org\/rh\/wp-json\/wp\/v2\/users\/149"}],"replies":[{"embeddable":true,"href":"https:\/\/refugeemalaysia.org\/rh\/wp-json\/wp\/v2\/comments?post=53573"}],"version-history":[{"count":10,"href":"https:\/\/refugeemalaysia.org\/rh\/wp-json\/wp\/v2\/pages\/53573\/revisions"}],"predecessor-version":[{"id":53614,"href":"https:\/\/refugeemalaysia.org\/rh\/wp-json\/wp\/v2\/pages\/53573\/revisions\/53614"}],"up":[{"embeddable":true,"href":"https:\/\/refugeemalaysia.org\/rh\/wp-json\/wp\/v2\/pages\/14011"}],"wp:attachment":[{"href":"https:\/\/refugeemalaysia.org\/rh\/wp-json\/wp\/v2\/media?parent=53573"}],"curies":[{"name":"wp","href":"https:\/\/api.w.org\/{rel}","templated":true}]}}