{"id":55151,"date":"2024-01-12T16:11:18","date_gmt":"2024-01-12T08:11:18","guid":{"rendered":"https:\/\/refugeemalaysia.org\/modot\/cultural-orientation\/"},"modified":"2024-09-14T08:43:13","modified_gmt":"2024-09-14T00:43:13","slug":"cultural-orientation","status":"publish","type":"page","link":"https:\/\/refugeemalaysia.org\/rh\/modot\/cultural-orientation\/","title":{"rendered":"Solasolor Niti"},"content":{"rendered":"<p>[et_pb_section fb_built=&#8221;1&#8243; admin_label=&#8221;Hero&#8221; _builder_version=&#8221;4.23.4&#8243; use_background_color_gradient=&#8221;on&#8221; background_color_gradient_stops=&#8221;rgba(0,0,0,0.4) 0%|rgba(0,0,0,0.4) 100%&#8221; background_color_gradient_overlays_image=&#8221;on&#8221; background_color_gradient_start=&#8221;rgba(0,0,0,0.4)&#8221; background_color_gradient_end=&#8221;rgba(0,0,0,0.4)&#8221; background_image=&#8221;https:\/\/refugeemalaysia.org\/wp-content\/uploads\/2024\/01\/kuala-lumpur-skyline.jpg&#8221; custom_padding=&#8221;109px|0px|110px|0px|false|false&#8221; animation_style=&#8221;zoom&#8221; animation_intensity_zoom=&#8221;3%&#8221; global_colors_info=&#8221;{}&#8221;][et_pb_row use_custom_gutter=&#8221;on&#8221; gutter_width=&#8221;1&#8243; make_equal=&#8221;on&#8221; _builder_version=&#8221;4.16&#8243; _module_preset=&#8221;default&#8221; custom_padding=&#8221;0px||0px||true|false&#8221; global_colors_info=&#8221;{}&#8221;][et_pb_column type=&#8221;4_4&#8243; _builder_version=&#8221;4.16&#8243; _module_preset=&#8221;default&#8221; global_colors_info=&#8221;{}&#8221;][et_pb_text _builder_version=&#8221;4.23.4&#8243; _module_preset=&#8221;default&#8221; header_font=&#8221;Poppins|600||on|||||&#8221; header_text_align=&#8221;center&#8221; header_text_color=&#8221;#FFFFFF&#8221; header_font_size=&#8221;50px&#8221; header_font_tablet=&#8221;&#8221; header_font_phone=&#8221;&#8221; header_font_last_edited=&#8221;on|phone&#8221; header_font_size_tablet=&#8221;&#8221; header_font_size_phone=&#8221;45px&#8221; header_font_size_last_edited=&#8221;on|phone&#8221; header_text_shadow_style=&#8221;preset3&#8243; global_colors_info=&#8221;{}&#8221;]<\/p>\n<h1>Solasolor Niti<\/h1>\n<p>[\/et_pb_text][\/et_pb_column][\/et_pb_row][\/et_pb_section][et_pb_section fb_built=&#8221;1&#8243; _builder_version=&#8221;4.23.1&#8243; _module_preset=&#8221;default&#8221; custom_padding=&#8221;||||false|false&#8221; top_divider_color=&#8221;#0072BC&#8221; top_divider_height=&#8221;50px&#8221; animation_direction=&#8221;top&#8221; locked=&#8221;off&#8221; global_colors_info=&#8221;{}&#8221;][et_pb_row column_structure=&#8221;1_3,1_3,1_3&#8243; _builder_version=&#8221;4.23.1&#8243; _module_preset=&#8221;default&#8221; global_colors_info=&#8221;{}&#8221;][et_pb_column type=&#8221;1_3&#8243; _builder_version=&#8221;4.23.1&#8243; _module_preset=&#8221;default&#8221; global_colors_info=&#8221;{}&#8221;][et_pb_blurb title=&#8221;Malaysia&#039;r D\u00f3rmo \u00d3kkol: Ap\u00f3s \u00f3t Eh\u00e9teram arde Buz\u00e1r Ekk\u00e1n Us\u00fal&#8221; url=&#8221;https:\/\/refugeemalaysia.org\/wp-content\/uploads\/2024\/01\/religions-in-malaysia-english.pdf&#8221; url_new_window=&#8221;on&#8221; image=&#8221;https:\/\/refugeemalaysia.org\/wp-content\/uploads\/2024\/01\/religions-in-malaysia.png&#8221; image_icon_width=&#8221;50%&#8221; _builder_version=&#8221;4.23.4&#8243; _module_preset=&#8221;default&#8221; link_option_url=&#8221;https:\/\/refugeemalaysia.org\/wp-content\/uploads\/2024\/01\/religions-in-malaysia-english.pdf&#8221; link_option_url_new_window=&#8221;on&#8221; global_colors_info=&#8221;{}&#8221;][\/et_pb_blurb][\/et_pb_column][et_pb_column type=&#8221;1_3&#8243; _builder_version=&#8221;4.23.1&#8243; _module_preset=&#8221;default&#8221; global_colors_info=&#8221;{}&#8221;][et_pb_blurb title=&#8221;Malaysia&#039;t Th\u00e1ka: Dec\u00f3ittar Ros\u00f3m arde Torika \u00d3kkol Buzon&#8221; url=&#8221;https:\/\/refugeemalaysia.org\/wp-content\/uploads\/2024\/01\/living-in-malaysia-english.pdf&#8221; url_new_window=&#8221;on&#8221; image=&#8221;https:\/\/refugeemalaysia.org\/wp-content\/uploads\/2024\/01\/living-in-malaysia.jpg&#8221; image_icon_width=&#8221;50%&#8221; _builder_version=&#8221;4.23.4&#8243; _module_preset=&#8221;default&#8221; link_option_url=&#8221;https:\/\/refugeemalaysia.org\/wp-content\/uploads\/2024\/01\/living-in-malaysia-english.pdf&#8221; link_option_url_new_window=&#8221;on&#8221; global_colors_info=&#8221;{}&#8221;][\/et_pb_blurb][\/et_pb_column][et_pb_column type=&#8221;1_3&#8243; _builder_version=&#8221;4.23.1&#8243; _module_preset=&#8221;default&#8221; global_colors_info=&#8221;{}&#8221;][et_pb_blurb title=&#8221;Mus\u00f3lman Ref\u00faji \u00d3kkol \u00d3lla Us\u00fal &#8211; Eid Al-Adha&#8221; url=&#8221;https:\/\/refugeemalaysia.org\/wp-content\/uploads\/2024\/06\/guideline-for-muslim-refugees-eid-al-adha_english.pdf&#8221; url_new_window=&#8221;on&#8221; image=&#8221;https:\/\/refugeemalaysia.org\/wp-content\/uploads\/2024\/06\/cultural-orientation-guideline-for-muslim-refugees-eid-al-adha.jpg&#8221; image_icon_width=&#8221;50%&#8221; _builder_version=&#8221;4.25.2&#8243; _module_preset=&#8221;default&#8221; link_option_url=&#8221;https:\/\/refugeemalaysia.org\/wp-content\/uploads\/2024\/06\/guideline-for-muslim-refugees-eid-al-adha_english.pdf&#8221; link_option_url_new_window=&#8221;on&#8221; hover_enabled=&#8221;0&#8243; global_colors_info=&#8221;{}&#8221; sticky_enabled=&#8221;0&#8243;][\/et_pb_blurb][\/et_pb_column][\/et_pb_row][\/et_pb_section]<\/p>\n","protected":false},"excerpt":{"rendered":"<p>Solasolor Niti<\/p>\n","protected":false},"author":149,"featured_media":0,"parent":16950,"menu_order":0,"comment_status":"closed","ping_status":"closed","template":"","meta":{"_et_pb_use_builder":"on","_et_pb_old_content":"","_et_gb_content_width":"","_exactmetrics_skip_tracking":false,"_exactmetrics_sitenote_active":false,"_exactmetrics_sitenote_note":"","_exactmetrics_sitenote_category":0,"footnotes":""},"class_list":["post-55151","page","type-page","status-publish","hentry"],"_links":{"self":[{"href":"https:\/\/refugeemalaysia.org\/rh\/wp-json\/wp\/v2\/pages\/55151","targetHints":{"allow":["GET"]}}],"collection":[{"href":"https:\/\/refugeemalaysia.org\/rh\/wp-json\/wp\/v2\/pages"}],"about":[{"href":"https:\/\/refugeemalaysia.org\/rh\/wp-json\/wp\/v2\/types\/page"}],"author":[{"embeddable":true,"href":"https:\/\/refugeemalaysia.org\/rh\/wp-json\/wp\/v2\/users\/149"}],"replies":[{"embeddable":true,"href":"https:\/\/refugeemalaysia.org\/rh\/wp-json\/wp\/v2\/comments?post=55151"}],"version-history":[{"count":2,"href":"https:\/\/refugeemalaysia.org\/rh\/wp-json\/wp\/v2\/pages\/55151\/revisions"}],"predecessor-version":[{"id":55153,"href":"https:\/\/refugeemalaysia.org\/rh\/wp-json\/wp\/v2\/pages\/55151\/revisions\/55153"}],"up":[{"embeddable":true,"href":"https:\/\/refugeemalaysia.org\/rh\/wp-json\/wp\/v2\/pages\/16950"}],"wp:attachment":[{"href":"https:\/\/refugeemalaysia.org\/rh\/wp-json\/wp\/v2\/media?parent=55151"}],"curies":[{"name":"wp","href":"https:\/\/api.w.org\/{rel}","templated":true}]}}