{"id":55471,"date":"2023-08-25T16:39:45","date_gmt":"2023-08-25T08:39:45","guid":{"rendered":"https:\/\/refugeemalaysia.org\/modot\/beware-of-scams\/beware-of-scams-faq\/"},"modified":"2024-09-24T16:06:16","modified_gmt":"2024-09-24T08:06:16","slug":"beware-of-scams-faq","status":"publish","type":"page","link":"https:\/\/refugeemalaysia.org\/rh\/modot\/beware-of-scams\/beware-of-scams-faq\/","title":{"rendered":"D\u00fakabazir H\u00fa\u00f1ciar Tak\u00e1r BFS"},"content":{"rendered":"<p>[et_pb_section fb_built=&#8221;1&#8243; admin_label=&#8221;Hero&#8221; _builder_version=&#8221;4.22.1&#8243; use_background_color_gradient=&#8221;on&#8221; background_color_gradient_stops=&#8221;rgba(0,0,0,0.4) 0%|rgba(0,0,0,0.4) 100%&#8221; background_color_gradient_overlays_image=&#8221;on&#8221; background_color_gradient_start=&#8221;rgba(0,0,0,0.4)&#8221; background_color_gradient_end=&#8221;rgba(0,0,0,0.4)&#8221; background_image=&#8221;https:\/\/refugeemalaysia.org\/wp-content\/uploads\/2023\/08\/beware-of-scams-suit.jpg&#8221; custom_padding=&#8221;110px|0px|110px|0px|false|false&#8221; animation_style=&#8221;zoom&#8221; animation_intensity_zoom=&#8221;3%&#8221; global_colors_info=&#8221;{}&#8221;][et_pb_row use_custom_gutter=&#8221;on&#8221; gutter_width=&#8221;1&#8243; make_equal=&#8221;on&#8221; _builder_version=&#8221;4.16&#8243; _module_preset=&#8221;default&#8221; custom_padding=&#8221;0px||0px||true|false&#8221; global_colors_info=&#8221;{}&#8221;][et_pb_column type=&#8221;4_4&#8243; _builder_version=&#8221;4.16&#8243; _module_preset=&#8221;default&#8221; global_colors_info=&#8221;{}&#8221;][et_pb_text _builder_version=&#8221;4.22.1&#8243; _module_preset=&#8221;default&#8221; header_font=&#8221;Poppins|600||on|||||&#8221; header_text_align=&#8221;center&#8221; header_text_color=&#8221;#FFFFFF&#8221; header_font_size=&#8221;50px&#8221; header_text_shadow_style=&#8221;preset3&#8243; global_colors_info=&#8221;{}&#8221;]<\/p>\n<h1>D\u00fakabazir H\u00fa\u00f1ciar Tak\u00e1r BFS<\/h1>\n<p>[\/et_pb_text][\/et_pb_column][\/et_pb_row][\/et_pb_section][et_pb_section fb_built=&#8221;1&#8243; _builder_version=&#8221;4.16&#8243; _module_preset=&#8221;default&#8221; global_colors_info=&#8221;{}&#8221;][et_pb_row _builder_version=&#8221;4.24.0&#8243; _module_preset=&#8221;default&#8221;][et_pb_column _builder_version=&#8221;4.24.0&#8243; _module_preset=&#8221;default&#8221; type=&#8221;4_4&#8243;][dsm_faq _builder_version=&#8221;4.24.0&#8243; _module_preset=&#8221;default&#8221; dsm_make_accordion_toggle=&#8221;on&#8221; dsm_open_faq_item=&#8221;on&#8221; dsm_enable_schema_markup=&#8221;on&#8221; dsm_animate_icon=&#8221;on&#8221; dsm_open_font_icon=&#8221;&#x4b;||divi||400&#8243; dsm_close_font_icon=&#8221;&#x43;||divi||400&#8243; sticky_enabled=&#8221;0&#8243; dsm_icon_placement=&#8221;right&#8221; header_font=&#8221;Poppins|700|||||||&#8221; dsm_close_icon_color=&#8221;#FFFFFF&#8221; closed_header_font=&#8221;Poppins|700|||||||&#8221; closed_header_text_color=&#8221;#FFFFFF&#8221; custom_padding=&#8221;||||false|false&#8221; custom_margin=&#8221;||||false|false&#8221; dsm_open_toggle_padding=&#8221;||||false|false&#8221; dsm_open_toggle_margin=&#8221;||||false|false&#8221; dsm_content_margin=&#8221;||||false|false&#8221; dsm_content_padding=&#8221;30px||||false|false&#8221; content_font=&#8221;Poppins||||||||&#8221; dsm_close_bg_color=&#8221;#0072BC&#8221; dsm_accordion_gap=&#8221;20px&#8221; border_color_all_dsm_toggle_open_border=&#8221;#0072BC&#8221; border_radii_dsm_toggle_open_border=&#8221;on|10px|10px|10px|10px&#8221; border_radii_dsm_toggle_closed_border=&#8221;on|10px|10px|10px|10px&#8221; header_level=&#8221;h4&#8243; content_font_size=&#8221;16px&#8221; border_width_all_dsm_toggle_open_border=&#8221;1px&#8221;][dsm_faq_child _builder_version=&#8221;4.24.0&#8243; _module_preset=&#8221;default&#8221; parentOrderClass=&#8221;dsm_faq_0&#8243; dsm_title=&#8221;A\u00f1\u00ed Kengor\u00ed b\u00faijjoum de ki a\u00f1\u00e1r\u00e9 d\u00faka diazar?&#8221; dsm_content=&#8221;<\/p>\n<p>D\u00fakabas \u00f3kkole duara-boc\u00f3tigor\u00e1, doft\u00f3rgor\u00e1, maali modot, UNHCR or dokym\u00e9n y\u00e1 ref\u00edjir dabdawa \u00f3kkol \u00f3ite loi h\u00e9dmot \u00f3kkol or bodolat thia\u00f1 y\u00e1toba c\u00e1hawati h\u00fawayec furagor\u00e1 \u00f3ite loi oinno modot \u00f3kkol sa\u00e1. Endilla za\u00f1sa gin tu\u00e1\u00f1r\u00e9 neze-nize, f\u00fanloi or\u00e9, y\u00e1 Facebook, You Tube, y\u00e1 WhatsApp doilla c\u00f3mazi midiar loi gor\u00edbo. UNHCR or karwaiyill\u00e1 zodi hon\u00f3 thia\u00f1 y\u00e1 hon\u00f3 modot sa\u00e1 de \u00f3ile, iyan d\u00faka.  <\/p>\n<p>Kess\u00fa-kess\u00fa thaim \u00f3t, tu\u00e1\u00f1r bicc\u00e1c h\u00e1selgor\u00ed b\u00f3lla d\u00fakabas \u00f3kkole UNHCR or nomaindar b\u00e1hana gore. \u00cdtara tu\u00e1\u00f1r\u00e9 b\u00edraib\u00f3lla UNHCR l\u00f3i taalukat as\u00e9 h\u00f3i maalumat \u00f3kkol deh\u00e1it f\u00e1re.<\/p>\n<p>Man\u00faic zar\u00e1 \u00e9ndilla mis\u00e1 h\u00f3ta \u00f3kkol ho\u00f3 tar\u00e1 tu\u00e1\u00f1r h\u00e1lot or f\u00e1ida \u00fatar d\u00e9. Tar\u00e1tt\u00fa dur\u00e9 t\u00e1ko ar tar\u00e1r\u00e9 bicc\u00e1c nog\u00f3ijjo. \u00c9 man\u00faic gun tu\u00e1\u00f1r thia\u00f1r fos\u00e9 du\u00f1re. H\u00fa\u00f1ciar t\u00e1ki ar d\u00faka noh\u00e1iyo.  <\/p>\n<p>H\u00e1mic\u00e1 monot rak\u00edba de ki UNHCR arde \u00edbar pa\u00e1thnar \u00f3kkol or gor\u00e9 de h\u00e9dmot \u00f3kkol maana.<\/p>\n<p>&#8221; hover_enabled=&#8221;0&#8243; sticky_enabled=&#8221;0&#8243;][\/dsm_faq_child][dsm_faq_child _builder_version=&#8221;4.24.0&#8243; _module_preset=&#8221;default&#8221; parentOrderClass=&#8221;dsm_faq_0&#8243; dsm_title=&#8221;D\u00faka h\u00e1iyoum de \u00edyan \u00f3ttu a\u00f1\u00ed kengor\u00ed basiyoum?&#8221; dsm_content=&#8221;<\/p>\n<p>Paasput, s\u00e1rtifik\u00e9it \u00f3kkol, y\u00e1 UNHCR \u00f3ttu h\u00e1sel g\u00f3ijjo de dokum\u00e9n \u00f3kkol \u00f3ite loi tu\u00e1\u00f1r nizor data y\u00e1 dokum\u00e9n \u00f3kkol or\u00e9 UNHCR arde \u00edbar pa\u00e1thnar s\u00e1ra hon\u00f3 kiyar\u00e9 c\u00edar nogor\u00edba.<\/p>\n<p>UNHCR arde \u00edbar pa\u00e1thnar \u00f3kkol or \u00f3kkol h\u00e9dmot arde modot maana. UNHCR or ekk\u00e1n h\u00e9dmot \u00f3lla thia\u00f1 sa\u00e1 de zehon\u00f3 kiyar\u00e9 y\u00e1 zehon\u00f3 tonzim or\u00e9 bicc\u00e1c nogor\u00edba. <\/p>\n<p>UNHCR or h\u00e9dmot \u00f3kkol or bodolat c\u00e1hawati h\u00fawayec furagor\u00e1 \u00f3ite loi thia\u00f1 y\u00e1 zehon\u00f3 modot sa\u00e1 de zehon\u00f3 kiyar\u00e9 bicc\u00e1c nogor\u00edba, ar UNHCR \u00f3t \u00edyan f\u00f3uran repouth gor\u00edba.<\/p>\n<p>&#8221; hover_enabled=&#8221;0&#8243; sticky_enabled=&#8221;0&#8243;][\/dsm_faq_child][dsm_faq_child _builder_version=&#8221;4.24.0&#8243; _module_preset=&#8221;default&#8221; parentOrderClass=&#8221;dsm_faq_0&#8243; dsm_title=&#8221;Ki \u00f3ibo zodi a\u00f1\u00ed d\u00fakabazi gor\u00ed?&#8221; dsm_content=&#8221;<\/p>\n<p>UNHCR or\u00e9 mis\u00e1 maalumat diagan d\u00faka. Tu\u00e1\u00f1rt\u00fa h\u00e1mic\u00e1 UNHCR or\u00e9 furafuri ar h\u00e1\u00f1sa maalumat diyaforibo. <\/p>\n<p>UNHCR or\u00e9 gumr\u00e1 gor\u00ed b\u00f3lla h\u00e1kikot or\u00e9 zaliyati gor\u00ed y\u00e1 luai or\u00e9 ha\u00f1sa maalumat di n\u00f3o farode \u00f3ile, nisor notiza gin mukabela gor\u00e1 foribo:<\/p>\n<ul>\n<li>Kec thia\u00f1r modot y\u00e1 duara-boc\u00f3tigor\u00e1 \u00f3ite loi s\u00e1ara, modot y\u00e1 lamba miyadi h\u00f3l \u00f3kkol faib\u00f3lla nalaiyek \u00f3itfaro;<\/li>\n<li>Zehon\u00f3 d\u00fakar elzam \u00f3kkol tu\u00e1\u00f1r f\u00e1il \u00f3t rekod \u00f3ibo;<\/li>\n<li>D\u00fakabazi \u00edyan tah\u00e1k\u00edk gor\u00e1r douran, tu\u00e1\u00f1r keis gan \u00f3t kaf\u00ed deri \u00f3itfare, ar \u00edyan or\u00e9 \u00e9thaim \u00f3t d\u00f3ri rak\u00e1zaibo;<\/li>\n<li>Tu\u00e1\u00f1r f\u00e1il \u00f3t rekod \u00f3ibo de zehon\u00f3 d\u00fakabasi gan dua-boc\u00f3tigor\u00e1ibo de dec \u00f3kkol \u00f3t c\u00edargor\u00e1 zaibo. Zodi tu\u00f1\u00ed jr\u00fam g\u00f3ijjo de \u00edyan or cub\u00e1 lage de \u00f3ile, \u00e9mutaallek adikar \u00f3kkol or\u00e9 repouth gor\u00e1 zaibo.<\/li>\n<\/ul>\n<p>&#8221; hover_enabled=&#8221;0&#8243; sticky_enabled=&#8221;0&#8243;][\/dsm_faq_child][dsm_faq_child _builder_version=&#8221;4.24.0&#8243; _module_preset=&#8221;default&#8221; parentOrderClass=&#8221;dsm_faq_0&#8243; dsm_title=&#8221;Kengor\u00ed a\u00f1\u00ed d\u00fakabazi gan repouth g\u00f3ijjoum?&#8221; dsm_content=&#8221;<\/p>\n<p>Tu\u00f1\u00ed ref\u00faji \u00f3kkol or baabute nalic y\u00e1 d\u00fakabazi g\u00f3ijje de oinno zon or baabute nalic or\u00e9 <a href=%22https:\/\/refugeemalaysia.org\/rh\/taalukat\/%22>e\u00e7e<\/a> %22Refugee Malaysia online fraud and corruption complaints form%22 or zoriya y\u00e1 <a href=%22mailto:mlslufrd@unhcr.org%22 data-et-target-link=%22_blank%22 rel=%22noopener%22>mlslufrd@unhcr.org<\/a> \u00f3t email zoriya gor\u00edfariba.<\/p>\n<p>Zodi tu\u00f1\u00ed UNHCR or estaf, y\u00e1 UNHCR or pa\u00e1thnar \u00f3kkol or estaf y\u00e1 kontraktar \u00f3kkol or zoriya \u00f3iye de bod-s\u00f3llut or repouth g\u00f3itt\u00f3 so\u00f3 de \u00f3ile, me\u00e9rbanigori \u00edyan or\u00e9 f\u00f3uran UNHCR\u2019s Inspector-General\u2019s Office (IGO) yer g\u00faijjat i\u00edn or zoriya fo\u00f1\u00f3so:<\/p>\n<p>Email: <a href=%22mailto:inspector@unhcr.org%22 data-et-target-link=%22_blank%22 rel=%22noopener%22>inspector@unhcr.org<\/a><br \/>Onl\u00e1in: <a href=%22https:\/\/www.unhcr.org\/about-unhcr\/governance-and-oversight\/inspector-generals-office-igo\/reporting-misconduct\/igo-online%22 data-et-target-link=%22_blank%22 rel=%22noopener%22>IGO Online Complaint Form<\/a><br \/>Ci\u00f1\u00e7\u00ed: UNHCR, 94 Rue de Montbrillant, 1202 Geneva, Switzerland<\/p>\n<p>IGO r\u00e9 repouth gor\u00e1giy\u00e9 de fott\u00ed keis or ki \u00f3ibo de \u00edyanor ar\u00f3 maalumat zani b\u00f3lla <a href=%22https:\/\/www.unhcr.org\/about-unhcr\/governance-and-oversight\/inspector-generals-office-igo\/reporting-misconduct%22 data-et-target-link=%22_blank%22 rel=%22noopener%22>e\u00e7\u00e9<\/a> kil\u00edkgoro.<\/p>\n<p>F\u00f3kkoraibazir repouth gor\u00e9 de wokt\u00f3t, zedd\u00far maalumat dibar mumkin \u00f3o \u00e9dd\u00far diba. Tofsil iyan \u00f3t c\u00e1milgoro f\u00f3kkorai g\u00f3ijje de hon\u00e9, elzam diyagiy\u00e9 de wakia gan ho\u00f1\u00f3tt\u00e9 ar ho\u00e7\u00e9 \u00f3iye, \u00f3itfare de d\u00faka \u00edyan hondillagor\u00ed foriso g\u00f3ijj\u00f3, ar \u00edyan hondilla d\u00faka \u00f3itfare. Zehon\u00f3 modot gor\u00e9 de s\u00f3but, sug\u00e9 deikk\u00f3 de \u00edyan or baabute maalumat, y\u00e1 wakiar baabute oinno tofsil \u00f3kkol c\u00e1mil gor\u00f3onsa.  <\/p>\n<p>UNHCR e tam\u00e1m c\u00e9kayot or\u00e9 mosbutgor\u00ed d\u00f3re ar fott\u00ed ek enf\u00f3radir fis\u00e1lid\u00f3re. UNHCR loi gor\u00e9 de \u00f3kkol taalukat or\u00e9 cupairake. C\u00e9kayot g\u00f3ille UNHCR \u00f3t as\u00e9 de tu\u00e1\u00f1r keis or hon\u00f3 doilla h\u00f3ti no\u00f3ib\u00f3. C\u00e9kayot \u00f3t me\u00e9rbanigori tu\u00e1\u00f1rt\u00fa zana as\u00e9 de \u00f3kkol h\u00e1kikot arde s\u00f3but \u00f3kkol diyo. Zodi tu\u00e1\u00f1r taaluki tofsil \u00f3kkol diy\u00f3 de \u00f3ile, a\u00f1\u00e1ra tu\u00e1\u00f1r c\u00e9kayot loi or\u00e9 tu\u00e1\u00f1r fis\u00e1li t\u00e1ikkoum.    <\/p>\n<p>C\u00e9kayot \u00f3kkol nam or foriso nodi or\u00e9 y\u00f3 gorifare..<\/p>\n<p>&#8221; hover_enabled=&#8221;0&#8243; sticky_enabled=&#8221;0&#8243;][\/dsm_faq_child][\/dsm_faq][\/et_pb_column][\/et_pb_row][\/et_pb_section]<\/p>\n","protected":false},"excerpt":{"rendered":"<p>D\u00fakabazir H\u00fa\u00f1ciar Tak\u00e1r BFS<div class=\"et_pb_with_border et_pb_module dsm_faq dsm_faq_0\">\n\t\t\t\t\n\t\t\t\t\n\t\t\t\t\n\t\t\t\t\n\t\t\t\t\n\t\t\t\t\n\t\t\t\t<div class=\"et_pb_module_inner\">\n\t\t\t\t\t<div class=\"dsm-faq-container dsm-front\" data-accordion=\"on\" data-open_first_item=\"on\">\n\t\t\t\t\n\t\t\t <\/div>\n\t\t\t \n\t\t\t\n\t\t\t\t<\/div>\n\t\t\t<\/div><div class=\"dsm_faq_child_0 dsm-faq-item-wrapper\">\n\t\t\t\t<div class=\"dsm-title-wrapper\">\n\t\t\t\t <div class=\"dsm-title-inner-wrapper\">\n\t\t\t\t   \n\t\t\t\t   \n\t\t\t\t   \n\t\t\t\t   \n\t\t\t\t   <h4 class=\"dsm-faq-title\">&#8221;A\u00f1\u00ed<\/h4>\n\t\t\t\t <\/div> \n\t\t\t\t <div class=\"dsm-faq-item-inner-wrapper\">\n\t\t\t\t   <div class=\"dsm_open_icon\"><span>K<\/span><\/div>\n\t\t\t\t   <div class=\"dsm_close_icon\"><span>C<\/span><\/div>\n\t\t\t\t   \n\t\t\t\t   \n\t\t\t\t <\/div>\n\t\t\t\t<\/div>\n\t\t\t\t<div class=\"dsm-faq-content\">&#8221;D\u00fakabas<\/div>\n\t\t\t <\/div>\n\t\t\t<\/p>\n","protected":false},"author":149,"featured_media":0,"parent":55163,"menu_order":0,"comment_status":"closed","ping_status":"closed","template":"","meta":{"_et_pb_use_builder":"on","_et_pb_old_content":"","_et_gb_content_width":"","_exactmetrics_skip_tracking":false,"_exactmetrics_sitenote_active":false,"_exactmetrics_sitenote_note":"","_exactmetrics_sitenote_category":0,"footnotes":""},"class_list":["post-55471","page","type-page","status-publish","hentry"],"_links":{"self":[{"href":"https:\/\/refugeemalaysia.org\/rh\/wp-json\/wp\/v2\/pages\/55471","targetHints":{"allow":["GET"]}}],"collection":[{"href":"https:\/\/refugeemalaysia.org\/rh\/wp-json\/wp\/v2\/pages"}],"about":[{"href":"https:\/\/refugeemalaysia.org\/rh\/wp-json\/wp\/v2\/types\/page"}],"author":[{"embeddable":true,"href":"https:\/\/refugeemalaysia.org\/rh\/wp-json\/wp\/v2\/users\/149"}],"replies":[{"embeddable":true,"href":"https:\/\/refugeemalaysia.org\/rh\/wp-json\/wp\/v2\/comments?post=55471"}],"version-history":[{"count":2,"href":"https:\/\/refugeemalaysia.org\/rh\/wp-json\/wp\/v2\/pages\/55471\/revisions"}],"predecessor-version":[{"id":55473,"href":"https:\/\/refugeemalaysia.org\/rh\/wp-json\/wp\/v2\/pages\/55471\/revisions\/55473"}],"up":[{"embeddable":true,"href":"https:\/\/refugeemalaysia.org\/rh\/wp-json\/wp\/v2\/pages\/55163"}],"wp:attachment":[{"href":"https:\/\/refugeemalaysia.org\/rh\/wp-json\/wp\/v2\/media?parent=55471"}],"curies":[{"name":"wp","href":"https:\/\/api.w.org\/{rel}","templated":true}]}}